{"id":48717,"date":"2023-07-25T17:09:41","date_gmt":"2023-07-25T10:09:41","guid":{"rendered":"https:\/\/mouldking.store\/shop\/reobrix-55027-missile-tanks-with-1488-pieces\/"},"modified":"2023-07-25T17:09:41","modified_gmt":"2023-07-25T10:09:41","slug":"reobrix-55027-missile-tanks-with-1488-pieces","status":"publish","type":"product","link":"https:\/\/mouldking.store\/hu\/shop\/reobrix-55027-missile-tanks-with-1488-pieces\/","title":{"rendered":"REOBRIX 55027 Missile Tanks with 1488 Pieces"},"content":{"rendered":"<div>\u2705 Reobrix 55027 Missile Tanks<br \/>&nbsp;<br \/>\u2705&#8221;Missile Tanks&#8221; is a term that can refer to various military vehicles or systems designed to carry and launch missiles. These missile tanks can be used for different purposes, such as ground-based defense, anti-aircraft defense, or as part of armored ground forces.&nbsp;<br \/>&nbsp;<br \/>\ud83d\udeab FONTOS!&nbsp;<br \/>&nbsp;<br \/>Product Name: Missile Tanks<br \/>&nbsp;<br \/>Kateg\u00f3ria: Katonai<br \/>&nbsp;<br \/>This Kit Contains: Reobrix 55027<br \/>&nbsp;<br \/>1488 pcs Good Quality Bricks&nbsp;<br \/>&nbsp;<br \/>Size: 33.5 \u00d7 18.5 \u00d7 15 cm&nbsp;<br \/>&nbsp;<br \/>K\u00e9zi utas\u00edt\u00e1sok&nbsp;<br \/>&nbsp;<br \/>\ud83d\udcccA f\u0151szerepl\u0151 term\u00e9szete&nbsp;<br \/>&nbsp;<br \/>Introducing our proud collection named \u201cMissile Tanks\u201d you should not miss.&nbsp;<br \/>&nbsp;<br \/>&nbsp;Some military vehicles are equipped with anti-aircraft missile systems capable of launching surface-to-air missiles (SAMs) to engage and destroy enemy aircraft. These missile tanks play a crucial role in providing air defense to ground forces and strategic locations. Some modern main battle tanks are outfitted with additional missile launchers, allowing them to engage enemy armored vehicles or fortified positions using guided missiles in addition to their traditional tank cannons.<\/div>","protected":false},"excerpt":{"rendered":"<p>M\u00e1rka: REOBRIX<br \/>\nNem: Uniszex<br \/>\nKorhat\u00e1r: 14 \u00e9v felett<br \/>\nModel Number: 55027<br \/>\nBesorol\u00e1s: \u00d6sszeszerel\u00e9s<br \/>\nM\u0171anyag blokk forma: \u00f6nz\u00e1r\u00f3 t\u00e9gla<br \/>\nAnyaga: M\u0171anyag<br \/>\nM\u0171anyag t\u00edpus: ABS<br \/>\nBricks Blocks: 1488 +<br \/>\nEredeti doboza nincs<\/p>","protected":false},"featured_media":48715,"comment_status":"open","ping_status":"closed","template":"","meta":{"_acf_changed":false},"product_cat":[1350,1357,372,364],"product_tag":[374,11374,485,389],"class_list":["product","first","instock","shipping-taxable","purchasable","product-type-simple"],"acf":[],"_links":{"self":[{"href":"https:\/\/mouldking.store\/hu\/wp-json\/wp\/v2\/product\/48717","targetHints":{"allow":["GET"]}}],"collection":[{"href":"https:\/\/mouldking.store\/hu\/wp-json\/wp\/v2\/product"}],"about":[{"href":"https:\/\/mouldking.store\/hu\/wp-json\/wp\/v2\/types\/product"}],"replies":[{"embeddable":true,"href":"https:\/\/mouldking.store\/hu\/wp-json\/wp\/v2\/comments?post=48717"}],"wp:featuredmedia":[{"embeddable":true,"href":"https:\/\/mouldking.store\/hu\/wp-json\/wp\/v2\/media\/48715"}],"wp:attachment":[{"href":"https:\/\/mouldking.store\/hu\/wp-json\/wp\/v2\/media?parent=48717"}],"wp:term":[{"taxonomy":"product_cat","embeddable":true,"href":"https:\/\/mouldking.store\/hu\/wp-json\/wp\/v2\/product_cat?post=48717"},{"taxonomy":"product_tag","embeddable":true,"href":"https:\/\/mouldking.store\/hu\/wp-json\/wp\/v2\/product_tag?post=48717"}],"curies":[{"name":"wp","href":"https:\/\/api.w.org\/{rel}","templated":true}]}}