{"id":48734,"date":"2023-07-25T17:42:03","date_gmt":"2023-07-25T10:42:03","guid":{"rendered":"https:\/\/mouldking.store\/shop\/jiestar-jj9011-succulent-boutique-model-with-590-pieces\/"},"modified":"2023-07-25T17:42:03","modified_gmt":"2023-07-25T10:42:03","slug":"jiestar-jj9011-succulent-boutique-model-with-590-pieces","status":"publish","type":"product","link":"https:\/\/mouldking.store\/hu\/shop\/jiestar-jj9011-succulent-boutique-model-with-590-pieces\/","title":{"rendered":"JIESTAR JJ9011 Succulent Boutique Model with 590 Pieces"},"content":{"rendered":"<div>\u2705 JIESTAR JJ9011 Succulent Boutique Model<br \/>&nbsp;<br \/>\u2705Succulents are a type of plant known for their thick, fleshy leaves, stems, or roots that store water. They are adapted to arid and dry environments, allowing them to survive in conditions with limited water availability. Because of their water-storing capabilities, succulents are generally low-maintenance and can tolerate periods of drought.<br \/>&nbsp;<br \/>\ud83d\udeab FONTOS!&nbsp;<br \/>&nbsp;<br \/>Product name: Succulent Boutique Model<br \/>&nbsp;<br \/>Kateg\u00f3ria: Alkot\u00f3&nbsp;<br \/>&nbsp;<br \/>This Kit Contains: JIESTAR JJ9011<br \/>&nbsp;<br \/>590 pcs Good Quality Bricks&nbsp;<br \/>&nbsp;<br \/>Size: 21 \u00d7 17.7 \u00d7 9.7 cm<br \/>&nbsp;<br \/>K\u00e9zi utas\u00edt\u00e1sok&nbsp;<br \/>&nbsp;<br \/>\ud83d\udcccA f\u0151szerepl\u0151 term\u00e9szete&nbsp;<br \/>&nbsp;<br \/>Introducing our proud collection named \u201cSucculent Boutique Model\u201d you should not miss.&nbsp;<br \/>&nbsp;<br \/>Succulents have gained significant popularity in recent years as houseplants and in landscaping due to their attractive appearance, ease of care, and ability to add unique texture to gardens and indoor spaces. They are a favorite choice for both novice and experienced gardeners looking to add a touch of natural beauty to their surroundings.<\/div>","protected":false},"excerpt":{"rendered":"<p>M\u00e1rka: JIESTAR<br \/>\nNem: Uniszex<br \/>\nKoroszt\u00e1ly: &gt; 6 \u00e9v<br \/>\nModel Number: JJ9011<br \/>\nBesorol\u00e1s: \u00d6sszeszerel\u00e9s<br \/>\nM\u0171anyag blokk forma: \u00f6nz\u00e1r\u00f3 t\u00e9gla<br \/>\nAnyaga: M\u0171anyag<br \/>\nM\u0171anyag t\u00edpus: ABS<br \/>\nBricks Blocks: 590 +<br \/>\nEredeti doboza nincs<\/p>","protected":false},"featured_media":48733,"comment_status":"open","ping_status":"closed","template":"","meta":{"_acf_changed":false},"product_cat":[1365,371],"product_tag":[11072,8452,11875],"class_list":["product","first","instock","shipping-taxable","purchasable","product-type-simple"],"acf":[],"_links":{"self":[{"href":"https:\/\/mouldking.store\/hu\/wp-json\/wp\/v2\/product\/48734","targetHints":{"allow":["GET"]}}],"collection":[{"href":"https:\/\/mouldking.store\/hu\/wp-json\/wp\/v2\/product"}],"about":[{"href":"https:\/\/mouldking.store\/hu\/wp-json\/wp\/v2\/types\/product"}],"replies":[{"embeddable":true,"href":"https:\/\/mouldking.store\/hu\/wp-json\/wp\/v2\/comments?post=48734"}],"wp:featuredmedia":[{"embeddable":true,"href":"https:\/\/mouldking.store\/hu\/wp-json\/wp\/v2\/media\/48733"}],"wp:attachment":[{"href":"https:\/\/mouldking.store\/hu\/wp-json\/wp\/v2\/media?parent=48734"}],"wp:term":[{"taxonomy":"product_cat","embeddable":true,"href":"https:\/\/mouldking.store\/hu\/wp-json\/wp\/v2\/product_cat?post=48734"},{"taxonomy":"product_tag","embeddable":true,"href":"https:\/\/mouldking.store\/hu\/wp-json\/wp\/v2\/product_tag?post=48734"}],"curies":[{"name":"wp","href":"https:\/\/api.w.org\/{rel}","templated":true}]}}