{"id":48741,"date":"2023-07-25T17:48:07","date_gmt":"2023-07-25T10:48:07","guid":{"rendered":"https:\/\/mouldking.store\/shop\/jiestar-jj9010-rose-boutique-model-with-818-pieces\/"},"modified":"2023-07-25T17:48:07","modified_gmt":"2023-07-25T10:48:07","slug":"jiestar-jj9010-rose-boutique-model-with-818-pieces","status":"publish","type":"product","link":"https:\/\/mouldking.store\/hu\/shop\/jiestar-jj9010-rose-boutique-model-with-818-pieces\/","title":{"rendered":"JIESTAR JJ9010 Rose Boutique Model with 818 Pieces"},"content":{"rendered":"<div>\u2705 JIESTAR JJ9010 Rose Boutique Model<br \/>&nbsp;<br \/>\u2705The boutique specializes in offering high-quality and diverse types of roses, including different colors, varieties, and arrangements.<br \/>&nbsp;<br \/>\ud83d\udeab FONTOS!&nbsp;<br \/>&nbsp;<br \/>Product Name: Rose Boutique Model<br \/>&nbsp;<br \/>Kateg\u00f3ria: Alkot\u00f3&nbsp;<br \/>&nbsp;<br \/>This Kit Contains: JIESTAR JJ9010<br \/>&nbsp;<br \/>818 pcs Good Quality Bricks&nbsp;<br \/>&nbsp;<br \/>Size: 21 \u00d7 21 \u00d7 36 cm<br \/>&nbsp;<br \/>K\u00e9zi utas\u00edt\u00e1sok&nbsp;<br \/>&nbsp;<br \/>\ud83d\udcccA f\u0151szerepl\u0151 term\u00e9szete&nbsp;<br \/>&nbsp;<br \/>Introducing our proud collection named \u201cRose Boutique Model\u201d you should not miss.&nbsp;<br \/>&nbsp;<br \/>The boutique could provide specialized services for gifts, events, weddings, or other occasions, catering to customers who seek unique and elegant floral solutions.<\/div>","protected":false},"excerpt":{"rendered":"<p>M\u00e1rka: JIESTAR<br \/>\nNem: Uniszex<br \/>\nKoroszt\u00e1ly: &gt; 6 \u00e9v<br \/>\nModel Number: JJ9010<br \/>\nBesorol\u00e1s: \u00d6sszeszerel\u00e9s<br \/>\nM\u0171anyag blokk forma: \u00f6nz\u00e1r\u00f3 t\u00e9gla<br \/>\nAnyaga: M\u0171anyag<br \/>\nM\u0171anyag t\u00edpus: ABS<br \/>\nBricks Blocks: 818 +<br \/>\nEredeti doboza nincs<\/p>","protected":false},"featured_media":48735,"comment_status":"open","ping_status":"closed","template":"","meta":{"_acf_changed":false},"product_cat":[1365,371],"product_tag":[11072,8452,10868],"class_list":["product","first","instock","shipping-taxable","purchasable","product-type-simple"],"acf":[],"_links":{"self":[{"href":"https:\/\/mouldking.store\/hu\/wp-json\/wp\/v2\/product\/48741","targetHints":{"allow":["GET"]}}],"collection":[{"href":"https:\/\/mouldking.store\/hu\/wp-json\/wp\/v2\/product"}],"about":[{"href":"https:\/\/mouldking.store\/hu\/wp-json\/wp\/v2\/types\/product"}],"replies":[{"embeddable":true,"href":"https:\/\/mouldking.store\/hu\/wp-json\/wp\/v2\/comments?post=48741"}],"wp:featuredmedia":[{"embeddable":true,"href":"https:\/\/mouldking.store\/hu\/wp-json\/wp\/v2\/media\/48735"}],"wp:attachment":[{"href":"https:\/\/mouldking.store\/hu\/wp-json\/wp\/v2\/media?parent=48741"}],"wp:term":[{"taxonomy":"product_cat","embeddable":true,"href":"https:\/\/mouldking.store\/hu\/wp-json\/wp\/v2\/product_cat?post=48741"},{"taxonomy":"product_tag","embeddable":true,"href":"https:\/\/mouldking.store\/hu\/wp-json\/wp\/v2\/product_tag?post=48741"}],"curies":[{"name":"wp","href":"https:\/\/api.w.org\/{rel}","templated":true}]}}