{"id":48749,"date":"2023-07-25T18:02:55","date_gmt":"2023-07-25T11:02:55","guid":{"rendered":"https:\/\/mouldking.store\/shop\/jiestar-jj9004-hogwarts-castle-with-1108-pieces\/"},"modified":"2023-07-25T18:02:55","modified_gmt":"2023-07-25T11:02:55","slug":"jiestar-jj9004-hogwarts-castle-with-1108-pieces","status":"publish","type":"product","link":"https:\/\/mouldking.store\/hu\/shop\/jiestar-jj9004-hogwarts-castle-with-1108-pieces\/","title":{"rendered":"JIESTAR JJ9004 Roxfort kast\u00e9ly 1108 darabbal"},"content":{"rendered":"<div>\u2705 JIESTAR JJ9004 Hogwarts Castle<br \/>&nbsp;<br \/>\u2705Hogwarts Castle is a fictional location in the Harry Potter series, written by J.K. Rowling. It is a magical and enchanting castle that serves as the primary setting for much of the story. Hogwarts is a prestigious school of witchcraft and wizardry, where young witches and wizards receive their magical education.<br \/>&nbsp;<br \/>\ud83d\udeab FONTOS!&nbsp;<br \/>&nbsp;<br \/>Product Name: Hogwarts Castle<br \/>&nbsp;<br \/>Kateg\u00f3ria: Modul\u00e1ris \u00e9p\u00fclet<br \/>&nbsp;<br \/>This Kit Contains:&nbsp; JIESTAR JJ9004&nbsp;<br \/>&nbsp;<br \/>1108 db J\u00f3 min\u0151s\u00e9g\u0171 t\u00e9gla&nbsp;<br \/>&nbsp;<br \/>Size: 13.1 \u00d7 25.6 \u00d7 40.7 cm<br \/>&nbsp;<br \/>K\u00e9zi utas\u00edt\u00e1sok&nbsp;<br \/>&nbsp;<br \/>\ud83d\udcccA f\u0151szerepl\u0151 term\u00e9szete&nbsp;<br \/>&nbsp;<br \/>Introducing our proud collection named \u201cHogwarts Castle\u201d you should not miss.&nbsp;<br \/>&nbsp;<br \/>Hogwarts Castle is a central and beloved setting in the Harry Potter series, and it plays a significant role in the lives of the characters and the overall magical world portrayed in the books and films. Its rich history, magical architecture, and numerous hidden places make it an enchanting and iconic location in the world of Harry Potter.<\/div>","protected":false},"excerpt":{"rendered":"<p>M\u00e1rka: JIESTAR<br \/>\nNem: Uniszex<br \/>\nKoroszt\u00e1ly: 8 \u00e9v felett<br \/>\nModel Number: JJ9004<br \/>\nBesorol\u00e1s: \u00d6sszeszerel\u00e9s<br \/>\nM\u0171anyag blokk forma: \u00f6nz\u00e1r\u00f3 t\u00e9gla<br \/>\nAnyaga: M\u0171anyag<br \/>\nM\u0171anyag t\u00edpus: ABS<br \/>\nT\u00e9gla T\u00e9gla: 1108 +<br \/>\nEredeti doboza nincs<\/p>","protected":false},"featured_media":48746,"comment_status":"open","ping_status":"closed","template":"","meta":{"_acf_changed":false},"product_cat":[1395,390,581,1408],"product_tag":[787,4883,2846,392,434],"class_list":["product","first","instock","shipping-taxable","purchasable","product-type-simple"],"acf":[],"_links":{"self":[{"href":"https:\/\/mouldking.store\/hu\/wp-json\/wp\/v2\/product\/48749","targetHints":{"allow":["GET"]}}],"collection":[{"href":"https:\/\/mouldking.store\/hu\/wp-json\/wp\/v2\/product"}],"about":[{"href":"https:\/\/mouldking.store\/hu\/wp-json\/wp\/v2\/types\/product"}],"replies":[{"embeddable":true,"href":"https:\/\/mouldking.store\/hu\/wp-json\/wp\/v2\/comments?post=48749"}],"wp:featuredmedia":[{"embeddable":true,"href":"https:\/\/mouldking.store\/hu\/wp-json\/wp\/v2\/media\/48746"}],"wp:attachment":[{"href":"https:\/\/mouldking.store\/hu\/wp-json\/wp\/v2\/media?parent=48749"}],"wp:term":[{"taxonomy":"product_cat","embeddable":true,"href":"https:\/\/mouldking.store\/hu\/wp-json\/wp\/v2\/product_cat?post=48749"},{"taxonomy":"product_tag","embeddable":true,"href":"https:\/\/mouldking.store\/hu\/wp-json\/wp\/v2\/product_tag?post=48749"}],"curies":[{"name":"wp","href":"https:\/\/api.w.org\/{rel}","templated":true}]}}