{"id":48767,"date":"2023-07-25T18:56:33","date_gmt":"2023-07-25T11:56:33","guid":{"rendered":"https:\/\/mouldking.store\/shop\/panlosbrick-672109-silver-electric-falcon-with-2625-pieces\/"},"modified":"2023-07-25T18:56:33","modified_gmt":"2023-07-25T11:56:33","slug":"panlosbrick-672109-silver-electric-falcon-with-2625-pieces","status":"publish","type":"product","link":"https:\/\/mouldking.store\/hu\/shop\/panlosbrick-672109-silver-electric-falcon-with-2625-pieces\/","title":{"rendered":"PANLOSBRICK 672109 Ez\u00fcst Elektromos S\u00f3lyom 2625 Darabos"},"content":{"rendered":"<div>\u2705Panlos 672109 Silver Electric Falcon<br \/>&nbsp;<br \/>\u2705The motorcycle has a futuristic design, with silver or metallic accents to give it a sleek and stylish appearance. The motorcycle draws inspiration from the aesthetic elements of locomotives, such as prominent front grille-like features or design cues reminiscent of a steam locomotive.<br \/>&nbsp;<br \/>\ud83d\udeab FONTOS!&nbsp;<br \/>&nbsp;<br \/>Product Name: Silver Electric Falcon<br \/>&nbsp;<br \/>Kateg\u00f3ria: M\u0171szaki<br \/>&nbsp;<br \/>This Kit Contains: Panlos 672109&nbsp;<br \/>&nbsp;<br \/>2625 pcs Good Quality Bricks&nbsp;<br \/>&nbsp;<br \/>Size: 53 \u00d7 18 \u00d7 34 cm<br \/>&nbsp;<br \/>K\u00e9zi utas\u00edt\u00e1sok&nbsp;<br \/>&nbsp;<br \/>\ud83d\udcccA f\u0151szerepl\u0151 term\u00e9szete&nbsp;<br \/>&nbsp;<br \/>Introducing our proud collection named \u201cSilver Electric Falcon\u201d you should not miss.&nbsp;<br \/>&nbsp;<br \/>&#8220;Silver Electric Falcon Locomotive Motorcycle&#8221; is a creative concept, it might be part of artistic projects, fictional universes, or imaginative designs by enthusiasts or designers. Concepts like this often serve as inspiration for future real-world innovations in transportation and design.<\/div>","protected":false},"excerpt":{"rendered":"<p>M\u00e1rka: PANLOSBRICK<br \/>\nNem: Uniszex<br \/>\nKoroszt\u00e1ly: &gt; 6 \u00e9v<br \/>\nModel Number: 672109<br \/>\nBesorol\u00e1s: \u00d6sszeszerel\u00e9s<br \/>\nM\u0171anyag blokk forma: \u00f6nz\u00e1r\u00f3 t\u00e9gla<br \/>\nAnyaga: M\u0171anyag<br \/>\nM\u0171anyag t\u00edpus: ABS<br \/>\nBricks Blocks: 2625 +<br \/>\nEredeti doboza nincs<\/p>","protected":false},"featured_media":48766,"comment_status":"open","ping_status":"closed","template":"","meta":{"_acf_changed":false},"product_cat":[1357,364],"product_tag":[9981,5349,2635,2449,12396,389,11080],"class_list":["product","first","instock","shipping-taxable","purchasable","product-type-simple"],"acf":[],"_links":{"self":[{"href":"https:\/\/mouldking.store\/hu\/wp-json\/wp\/v2\/product\/48767","targetHints":{"allow":["GET"]}}],"collection":[{"href":"https:\/\/mouldking.store\/hu\/wp-json\/wp\/v2\/product"}],"about":[{"href":"https:\/\/mouldking.store\/hu\/wp-json\/wp\/v2\/types\/product"}],"replies":[{"embeddable":true,"href":"https:\/\/mouldking.store\/hu\/wp-json\/wp\/v2\/comments?post=48767"}],"wp:featuredmedia":[{"embeddable":true,"href":"https:\/\/mouldking.store\/hu\/wp-json\/wp\/v2\/media\/48766"}],"wp:attachment":[{"href":"https:\/\/mouldking.store\/hu\/wp-json\/wp\/v2\/media?parent=48767"}],"wp:term":[{"taxonomy":"product_cat","embeddable":true,"href":"https:\/\/mouldking.store\/hu\/wp-json\/wp\/v2\/product_cat?post=48767"},{"taxonomy":"product_tag","embeddable":true,"href":"https:\/\/mouldking.store\/hu\/wp-json\/wp\/v2\/product_tag?post=48767"}],"curies":[{"name":"wp","href":"https:\/\/api.w.org\/{rel}","templated":true}]}}