{"id":48769,"date":"2023-07-25T19:09:47","date_gmt":"2023-07-25T12:09:47","guid":{"rendered":"https:\/\/mouldking.store\/shop\/sembo-203401-other-space-walker-with-818-pieces\/"},"modified":"2023-07-25T19:09:47","modified_gmt":"2023-07-25T12:09:47","slug":"sembo-203401-other-space-walker-with-818-pieces","status":"publish","type":"product","link":"https:\/\/mouldking.store\/hu\/shop\/sembo-203401-other-space-walker-with-818-pieces\/","title":{"rendered":"SEMBO 203401 Other Space Walker with 818 Pieces"},"content":{"rendered":"<div>\u2705 SEMBO 203401 Other Space Walker<br \/>&nbsp;<br \/>\u2705&#8221;Space Walker&#8221; is a term commonly used to refer to astronauts or cosmonauts who perform spacewalks, also known as extravehicular activities (EVAs). A spacewalk is when an astronaut or cosmonaut leaves the confines of their spacecraft and ventures into open space while wearing a specially designed spacesuit.<br \/>&nbsp;<br \/>\ud83d\udeab FONTOS!&nbsp;<br \/>&nbsp;<br \/>Product Name: Other Space Walker<br \/>&nbsp;<br \/>Kateg\u00f3ria: Alkot\u00f3&nbsp;<br \/>&nbsp;<br \/>This Kit Contains: SEMBO 203401&nbsp;<br \/>&nbsp;<br \/>818 pcs Good Quality Bricks&nbsp;<\/p>\n<p>Size: 13 x 10.5 x 21cm<br \/>&nbsp;<br \/>K\u00e9zi utas\u00edt\u00e1sok&nbsp;<br \/>&nbsp;<br \/>\ud83d\udcccA f\u0151szerepl\u0151 term\u00e9szete&nbsp;<br \/>&nbsp;<br \/>Introducing our proud collection named \u201cOther Space Walker\u201d you should not miss.&nbsp;<br \/>&nbsp;<br \/>Spacewalks are complex and challenging tasks that require rigorous training and preparation. They involve maneuvering in the vacuum of space, where there is no air or atmosphere, and dealing with extreme temperature variations between direct sunlight and the shadowed parts of the spacecraft. Spacewalks have been a crucial part of human space exploration since the early days of spaceflight, and they continue to play a vital role in modern space missions, including those conducted by space agencies like NASA (National Aeronautics and Space Administration) and Roscosmos (Russian Space Agency).<\/div>","protected":false},"excerpt":{"rendered":"<p>M\u00e1rka: SEMBO<br \/>\nNem: Uniszex<br \/>\nKoroszt\u00e1ly: &gt; 6 \u00e9v<br \/>\nModel Number: 203401<br \/>\nBesorol\u00e1s: \u00d6sszeszerel\u00e9s<br \/>\nM\u0171anyag blokk forma: \u00f6nz\u00e1r\u00f3 t\u00e9gla<br \/>\nAnyaga: M\u0171anyag<br \/>\nM\u0171anyag t\u00edpus: ABS<br \/>\nBricks Blocks: 818 +<br \/>\nEredeti doboza nincs<\/p>","protected":false},"featured_media":48768,"comment_status":"open","ping_status":"closed","template":"","meta":{"_acf_changed":false},"product_cat":[1365,371,6016],"product_tag":[11072,8452,2276,11223],"class_list":["product","first","instock","shipping-taxable","purchasable","product-type-simple"],"acf":[],"_links":{"self":[{"href":"https:\/\/mouldking.store\/hu\/wp-json\/wp\/v2\/product\/48769","targetHints":{"allow":["GET"]}}],"collection":[{"href":"https:\/\/mouldking.store\/hu\/wp-json\/wp\/v2\/product"}],"about":[{"href":"https:\/\/mouldking.store\/hu\/wp-json\/wp\/v2\/types\/product"}],"replies":[{"embeddable":true,"href":"https:\/\/mouldking.store\/hu\/wp-json\/wp\/v2\/comments?post=48769"}],"wp:featuredmedia":[{"embeddable":true,"href":"https:\/\/mouldking.store\/hu\/wp-json\/wp\/v2\/media\/48768"}],"wp:attachment":[{"href":"https:\/\/mouldking.store\/hu\/wp-json\/wp\/v2\/media?parent=48769"}],"wp:term":[{"taxonomy":"product_cat","embeddable":true,"href":"https:\/\/mouldking.store\/hu\/wp-json\/wp\/v2\/product_cat?post=48769"},{"taxonomy":"product_tag","embeddable":true,"href":"https:\/\/mouldking.store\/hu\/wp-json\/wp\/v2\/product_tag?post=48769"}],"curies":[{"name":"wp","href":"https:\/\/api.w.org\/{rel}","templated":true}]}}