{"id":48856,"date":"2023-07-28T11:09:17","date_gmt":"2023-07-28T04:09:17","guid":{"rendered":"https:\/\/mouldking.store\/shop\/moc-factory-89284-real-steel-atom-with-370-pieces\/"},"modified":"2025-12-16T22:24:49","modified_gmt":"2025-12-16T15:24:49","slug":"moc-factory-89284-real-steel-atom-with-370-pieces","status":"publish","type":"product","link":"https:\/\/mouldking.store\/hu\/shop\/moc-factory-89284-real-steel-atom-with-370-pieces\/","title":{"rendered":"MOC Factory 89284 Real Steel Atom with 370 Pieces"},"content":{"rendered":"<div>\u2705 MOC-89284 Real Steel Atom<\/p>\n<p>\u2705&#8221;Real Steel Atom&#8221; refers to a fictional robot character in the movie &#8220;Real Steel,&#8221; which was released in 2011. The film is a science fiction sports drama set in the near future, where robot boxing has become a popular sport, replacing human boxing. The movie follows the story of a former boxer named Charlie Kenton (played by Hugh Jackman) who, along with his son Max (played by Dakota Goyo), discovers a discarded robot named Atom and transforms it into a formidable competitor in the robot boxing world.<\/p>\n<p>\ud83d\udeab FONTOS!<\/p>\n<p>Product Name: Real Steel Atom<\/p>\n<p>Kateg\u00f3ria: Film<\/p>\n<p>This Kit Contains: C9581<\/p>\n<p>370&nbsp; pcs Good Quality Bricks<\/p>\n<p>Size: 16 x 6.8 x 18.2 cm<\/p>\n<p>Weight: 0.19 kg<\/p>\n<p>PDF \u00datmutat\u00f3<\/p>\n<p>\ud83d\udcccA f\u0151szerepl\u0151 term\u00e9szete<\/p>\n<p>Introducing our proud collection named \u201cReal Steel Atom\u201d you should not miss.<\/p>\n<p>Atom is designed to resemble a humanoid with a boxy, industrial appearance. It has a strong and robust build, with a unique combination of agility and power. Atom&#8217;s primary color scheme is blue and silver, giving it a futuristic and sleek appearance. Atom is known for its unorthodox and nimble fighting style, often relying on swift and precise movements to outmaneuver its opponents. As a significant character in the movie, Atom is equipped with some unique special moves that contribute to its success in the robot boxing ring.<\/p><\/div>","protected":false},"excerpt":{"rendered":"<p>M\u00e1rka: MOC Factory<br \/>\nNem: Uniszex<br \/>\nKoroszt\u00e1ly: &gt; 6 \u00e9v<br \/>\nModel Number: 89284<br \/>\nBesorol\u00e1s: \u00d6sszeszerel\u00e9s<br \/>\nM\u0171anyag blokk forma: \u00f6nz\u00e1r\u00f3 t\u00e9gla<br \/>\nAnyaga: M\u0171anyag<br \/>\nM\u0171anyag t\u00edpus: ABS<br \/>\nBricks Blocks: 370 +<br \/>\nEredeti doboza nincs<\/p>","protected":false},"featured_media":48848,"comment_status":"open","ping_status":"closed","template":"","meta":{"_acf_changed":false},"product_cat":[1365,371,581,1408],"product_tag":[12402,11072,8452,434,10056,590,12401],"class_list":["product","first","instock","shipping-taxable","purchasable","product-type-simple"],"acf":[],"_links":{"self":[{"href":"https:\/\/mouldking.store\/hu\/wp-json\/wp\/v2\/product\/48856","targetHints":{"allow":["GET"]}}],"collection":[{"href":"https:\/\/mouldking.store\/hu\/wp-json\/wp\/v2\/product"}],"about":[{"href":"https:\/\/mouldking.store\/hu\/wp-json\/wp\/v2\/types\/product"}],"replies":[{"embeddable":true,"href":"https:\/\/mouldking.store\/hu\/wp-json\/wp\/v2\/comments?post=48856"}],"wp:featuredmedia":[{"embeddable":true,"href":"https:\/\/mouldking.store\/hu\/wp-json\/wp\/v2\/media\/48848"}],"wp:attachment":[{"href":"https:\/\/mouldking.store\/hu\/wp-json\/wp\/v2\/media?parent=48856"}],"wp:term":[{"taxonomy":"product_cat","embeddable":true,"href":"https:\/\/mouldking.store\/hu\/wp-json\/wp\/v2\/product_cat?post=48856"},{"taxonomy":"product_tag","embeddable":true,"href":"https:\/\/mouldking.store\/hu\/wp-json\/wp\/v2\/product_tag?post=48856"}],"curies":[{"name":"wp","href":"https:\/\/api.w.org\/{rel}","templated":true}]}}