{"id":48905,"date":"2023-07-28T12:00:47","date_gmt":"2023-07-28T05:00:47","guid":{"rendered":"https:\/\/mouldking.store\/shop\/funwhole-f9016-the-farm-truck-with-499-pieces\/"},"modified":"2023-07-28T12:00:47","modified_gmt":"2023-07-28T05:00:47","slug":"funwhole-f9016-the-farm-truck-with-499-pieces","status":"publish","type":"product","link":"https:\/\/mouldking.store\/hu\/shop\/funwhole-f9016-the-farm-truck-with-499-pieces\/","title":{"rendered":"FunWhole F9016 A mez\u0151gazdas\u00e1gi teheraut\u00f3 499 darabbal"},"content":{"rendered":"<div>\u2705 FunWhole F9016 The Farm Truck&nbsp;<br \/>&nbsp;<br \/>\u2705&#8221;The Farm Truck&#8221; likely refers to a type of vehicle commonly used on farms for various agricultural purposes. Farm trucks are essential tools for farmers as they help transport crops, livestock, equipment, and other materials around the farm. These trucks are designed to be rugged, durable, and capable of handling rough terrain often encountered in farming environments.<br \/>&nbsp;<br \/>\ud83d\udeab FONTOS!&nbsp;<br \/>&nbsp;<br \/>Product Name: The Farm Truck&nbsp;<br \/>&nbsp;<br \/>Kateg\u00f3ria: Alkot\u00f3&nbsp;<br \/>&nbsp;<br \/>This Kit Contains:&nbsp; FunWhole F9016&nbsp;<br \/>&nbsp;<br \/>499 pcs Good Quality Bricks&nbsp;<br \/>&nbsp;<br \/>K\u00e9zi utas\u00edt\u00e1sok&nbsp;<br \/>&nbsp;<br \/>\ud83d\udcccA f\u0151szerepl\u0151 term\u00e9szete&nbsp;<br \/>&nbsp;<br \/>Introducing our proud collection named \u201cThe Farm Truck \u201d you should not miss.&nbsp;<br \/>&nbsp;<br \/>Farm trucks typically have a flatbed or utility bed at the rear, allowing for the easy loading and transportation of goods and equipment. Many farm trucks come equipped with four-wheel drive to improve traction and maneuverability on unpaved and muddy surfaces. Farm trucks are often raised with high ground clearance to navigate rough and uneven terrains without getting stuck.<\/div>","protected":false},"excerpt":{"rendered":"<p>M\u00e1rka: FunWhole<br \/>\nNem: Uniszex<br \/>\nKoroszt\u00e1ly: &gt; 6 \u00e9v<br \/>\nModel Number: F9016<br \/>\nBesorol\u00e1s: \u00d6sszeszerel\u00e9s<br \/>\nM\u0171anyag blokk forma: \u00f6nz\u00e1r\u00f3 t\u00e9gla<br \/>\nAnyaga: M\u0171anyag<br \/>\nM\u0171anyag t\u00edpus: ABS<br \/>\nBricks Blocks: 499 +<br \/>\nEredeti doboza nincs<\/p>","protected":false},"featured_media":48903,"comment_status":"open","ping_status":"closed","template":"","meta":{"_acf_changed":false},"product_cat":[1365,371],"product_tag":[11072,8452,11068,466],"class_list":["product","first","instock","shipping-taxable","purchasable","product-type-simple"],"acf":[],"_links":{"self":[{"href":"https:\/\/mouldking.store\/hu\/wp-json\/wp\/v2\/product\/48905","targetHints":{"allow":["GET"]}}],"collection":[{"href":"https:\/\/mouldking.store\/hu\/wp-json\/wp\/v2\/product"}],"about":[{"href":"https:\/\/mouldking.store\/hu\/wp-json\/wp\/v2\/types\/product"}],"replies":[{"embeddable":true,"href":"https:\/\/mouldking.store\/hu\/wp-json\/wp\/v2\/comments?post=48905"}],"wp:featuredmedia":[{"embeddable":true,"href":"https:\/\/mouldking.store\/hu\/wp-json\/wp\/v2\/media\/48903"}],"wp:attachment":[{"href":"https:\/\/mouldking.store\/hu\/wp-json\/wp\/v2\/media?parent=48905"}],"wp:term":[{"taxonomy":"product_cat","embeddable":true,"href":"https:\/\/mouldking.store\/hu\/wp-json\/wp\/v2\/product_cat?post=48905"},{"taxonomy":"product_tag","embeddable":true,"href":"https:\/\/mouldking.store\/hu\/wp-json\/wp\/v2\/product_tag?post=48905"}],"curies":[{"name":"wp","href":"https:\/\/api.w.org\/{rel}","templated":true}]}}