{"id":48910,"date":"2023-07-28T12:10:03","date_gmt":"2023-07-28T05:10:03","guid":{"rendered":"https:\/\/mouldking.store\/shop\/funwhole-f9015-medieval-market-with-2614-pieces\/"},"modified":"2023-07-28T12:10:03","modified_gmt":"2023-07-28T05:10:03","slug":"funwhole-f9015-medieval-market-with-2614-pieces","status":"publish","type":"product","link":"https:\/\/mouldking.store\/hu\/shop\/funwhole-f9015-medieval-market-with-2614-pieces\/","title":{"rendered":"FunWhole F9015 Medieval Market with 2614 Pieces"},"content":{"rendered":"<div>\u2705 FunWhole F9015 Medieval Market<br \/>&nbsp;<br \/>\u2705A medieval market, also known as a medieval fair or marketplace, was a central hub of economic and social activity in medieval European towns and villages. These markets played a crucial role in medieval society, facilitating trade, commerce, and the exchange of goods and services. They were vibrant places where merchants, craftsmen, and farmers came together to sell their products, and where people from different walks of life gathered to buy, barter, and socialize.<br \/>&nbsp;<br \/>\ud83d\udeab FONTOS!&nbsp;<br \/>&nbsp;<br \/>Product Name: Medieval Market<br \/>&nbsp;<br \/>Kateg\u00f3ria: Alkot\u00f3&nbsp;<br \/>&nbsp;<br \/>This Kit Contains: FunWhole F9015<br \/>&nbsp;<br \/>2614 pcs Good Quality Bricks&nbsp;<br \/>&nbsp;<br \/>K\u00e9zi utas\u00edt\u00e1sok&nbsp;<br \/>&nbsp;<br \/>\ud83d\udcccA f\u0151szerepl\u0151 term\u00e9szete&nbsp;<br \/>&nbsp;<br \/>Introducing our proud collection named \u201cMedieval Market\u201d you should not miss.&nbsp;<br \/>&nbsp;<br \/>Medieval markets were typically held in the center of towns or near important landmarks, such as churches or castles. The location made them easily accessible to both locals and travelers.&nbsp; Merchants and vendors set up stalls and booths to display and sell their goods. These could include textiles, food items, spices, leather goods, pottery, metalwork, and more. Craftsmen and artisans often formed guilds and had designated areas in the market where they displayed their specialized products, such as armor, weapons, and ornate crafts.<\/div>","protected":false},"excerpt":{"rendered":"<p>M\u00e1rka: FunWhole<br \/>\nNem: Uniszex<br \/>\nKoroszt\u00e1ly: &gt; 6 \u00e9v<br \/>\nModel Number: F9015<br \/>\nBesorol\u00e1s: \u00d6sszeszerel\u00e9s<br \/>\nM\u0171anyag blokk forma: \u00f6nz\u00e1r\u00f3 t\u00e9gla<br \/>\nAnyaga: M\u0171anyag<br \/>\nM\u0171anyag t\u00edpus: ABS<br \/>\nBricks Blocks: 2614 +<br \/>\nEredeti doboza nincs<\/p>","protected":false},"featured_media":48906,"comment_status":"open","ping_status":"closed","template":"","meta":{"_acf_changed":false},"product_cat":[1365,1395,371,390],"product_tag":[11072,8452,3450,4996,392],"class_list":["product","first","instock","shipping-taxable","purchasable","product-type-simple"],"acf":[],"_links":{"self":[{"href":"https:\/\/mouldking.store\/hu\/wp-json\/wp\/v2\/product\/48910","targetHints":{"allow":["GET"]}}],"collection":[{"href":"https:\/\/mouldking.store\/hu\/wp-json\/wp\/v2\/product"}],"about":[{"href":"https:\/\/mouldking.store\/hu\/wp-json\/wp\/v2\/types\/product"}],"replies":[{"embeddable":true,"href":"https:\/\/mouldking.store\/hu\/wp-json\/wp\/v2\/comments?post=48910"}],"wp:featuredmedia":[{"embeddable":true,"href":"https:\/\/mouldking.store\/hu\/wp-json\/wp\/v2\/media\/48906"}],"wp:attachment":[{"href":"https:\/\/mouldking.store\/hu\/wp-json\/wp\/v2\/media?parent=48910"}],"wp:term":[{"taxonomy":"product_cat","embeddable":true,"href":"https:\/\/mouldking.store\/hu\/wp-json\/wp\/v2\/product_cat?post=48910"},{"taxonomy":"product_tag","embeddable":true,"href":"https:\/\/mouldking.store\/hu\/wp-json\/wp\/v2\/product_tag?post=48910"}],"curies":[{"name":"wp","href":"https:\/\/api.w.org\/{rel}","templated":true}]}}