{"id":48918,"date":"2023-07-28T12:24:34","date_gmt":"2023-07-28T05:24:34","guid":{"rendered":"https:\/\/mouldking.store\/shop\/funwhole-f9014-light-catcher-steampunk-airship-with-1641-pieces\/"},"modified":"2023-07-28T12:24:34","modified_gmt":"2023-07-28T05:24:34","slug":"funwhole-f9014-light-catcher-steampunk-airship-with-1641-pieces","status":"publish","type":"product","link":"https:\/\/mouldking.store\/hu\/shop\/funwhole-f9014-light-catcher-steampunk-airship-with-1641-pieces\/","title":{"rendered":"FunWhole F9014 F\u00e9nyfog\u00f3 Steampunk L\u00e9ghaj\u00f3 1641 Darabos"},"content":{"rendered":"<div>\u2705 FunWhole F9014 Light Catcher Steampunk Airship<br \/>&nbsp;<br \/>\u2705&#8221;Light Catcher Steampunk Airship&#8221; likes an imaginative and creative concept for a steampunk-themed airship. Steampunk is a genre of science fiction and fantasy that often combines elements of Victorian-era aesthetics with steam-powered machinery and advanced technologies, as imagined by authors and artists.<br \/>&nbsp;<br \/>\ud83d\udeab FONTOS!&nbsp;<br \/>&nbsp;<br \/>Product Name: Light Catcher Steampunk Airship<br \/>&nbsp;<br \/>Kateg\u00f3ria: Alkot\u00f3&nbsp;<br \/>&nbsp;<br \/>This Kit Contains:&nbsp; FunWhole F9014<br \/>&nbsp;<br \/>1641 pcs Good Quality Bricks&nbsp;<br \/>&nbsp;<br \/>K\u00e9zi utas\u00edt\u00e1sok&nbsp;<br \/>&nbsp;<br \/>\ud83d\udcccA f\u0151szerepl\u0151 term\u00e9szete&nbsp;<br \/>&nbsp;<br \/>Introducing our proud collection named \u201cLight Catcher Steampunk Airship\u201d you should not miss.&nbsp;<br \/>&nbsp;<br \/>The airship would showcase the distinct steampunk design elements, such as gears, cogs, brass, leather, and other Victorian-era inspired details. The airship&#8217;s appearance might resemble a traditional zeppelin or dirigible but with unique steampunk modifications and embellishments. The airship&#8217;s name suggests that it might have a specialized feature related to capturing or harnessing light, possibly through the use of reflective surfaces or other inventive steampunk technologies.<\/div>","protected":false},"excerpt":{"rendered":"<p>M\u00e1rka: FunWhole<br \/>\nNem: Uniszex<br \/>\nKoroszt\u00e1ly: &gt; 6 \u00e9v<br \/>\nModel Number: F9014<br \/>\nBesorol\u00e1s: \u00d6sszeszerel\u00e9s<br \/>\nM\u0171anyag blokk forma: \u00f6nz\u00e1r\u00f3 t\u00e9gla<br \/>\nAnyaga: M\u0171anyag<br \/>\nM\u0171anyag t\u00edpus: ABS<br \/>\nBricks Blocks: 1641 +<br \/>\nEredeti doboza nincs<\/p>","protected":false},"featured_media":48911,"comment_status":"open","ping_status":"closed","template":"","meta":{"_acf_changed":false},"product_cat":[1365,1357,371,364],"product_tag":[12408,12407,11072,8452,10465,12390,389],"class_list":["product","first","instock","shipping-taxable","purchasable","product-type-simple"],"acf":[],"_links":{"self":[{"href":"https:\/\/mouldking.store\/hu\/wp-json\/wp\/v2\/product\/48918","targetHints":{"allow":["GET"]}}],"collection":[{"href":"https:\/\/mouldking.store\/hu\/wp-json\/wp\/v2\/product"}],"about":[{"href":"https:\/\/mouldking.store\/hu\/wp-json\/wp\/v2\/types\/product"}],"replies":[{"embeddable":true,"href":"https:\/\/mouldking.store\/hu\/wp-json\/wp\/v2\/comments?post=48918"}],"wp:featuredmedia":[{"embeddable":true,"href":"https:\/\/mouldking.store\/hu\/wp-json\/wp\/v2\/media\/48911"}],"wp:attachment":[{"href":"https:\/\/mouldking.store\/hu\/wp-json\/wp\/v2\/media?parent=48918"}],"wp:term":[{"taxonomy":"product_cat","embeddable":true,"href":"https:\/\/mouldking.store\/hu\/wp-json\/wp\/v2\/product_cat?post=48918"},{"taxonomy":"product_tag","embeddable":true,"href":"https:\/\/mouldking.store\/hu\/wp-json\/wp\/v2\/product_tag?post=48918"}],"curies":[{"name":"wp","href":"https:\/\/api.w.org\/{rel}","templated":true}]}}