{"id":48934,"date":"2023-07-28T17:12:02","date_gmt":"2023-07-28T10:12:02","guid":{"rendered":"https:\/\/mouldking.store\/shop\/mould-king-27014-super-racer-speed-champions-nissan-gtr32-with-359-pieces\/"},"modified":"2023-07-28T17:12:02","modified_gmt":"2023-07-28T10:12:02","slug":"mould-king-27014-super-racer-speed-champions-nissan-gtr32-with-359-pieces","status":"publish","type":"product","link":"https:\/\/mouldking.store\/hu\/shop\/mould-king-27014-super-racer-speed-champions-nissan-gtr32-with-359-pieces\/","title":{"rendered":"MOULD KING 27014 Super Racer Speed Champions Nissan GTR32 359 darabos"},"content":{"rendered":"<div>\u2705 Mould King 27014 Super Racer Speed Champions Nissan GTR32<br \/>&nbsp;<br \/>\u2705The Nissan GT-R32, also known as the Nissan Skyline GT-R R32, is a high-performance sports car produced by Nissan from 1989 to 1994. It is part of the iconic Nissan Skyline GT-R series and is widely regarded as one of the most legendary and influential sports cars in automotive history.<br \/>&nbsp;<br \/>\ud83d\udeab FONTOS!&nbsp;<br \/>&nbsp;<br \/>Product Name: Super Racer Speed Champions Nissan GTR32<br \/>&nbsp;<br \/>Kateg\u00f3ria: M\u0171szaki<br \/>&nbsp;<br \/>This Kit Contains: Mould King 27014&nbsp;<br \/>&nbsp;<br \/>359 pcs Good Quality Bricks&nbsp;<br \/>&nbsp;<br \/>Size: 17.1 \u00d7 8.2 \u00d7 4.8 cm<br \/>&nbsp;<br \/>K\u00e9zi utas\u00edt\u00e1sok&nbsp;<br \/>&nbsp;<br \/>\ud83d\udcccA f\u0151szerepl\u0151 term\u00e9szete&nbsp;<br \/>&nbsp;<br \/>Introducing our proud collection named \u201cSuper Racer Speed Champions Nissan GTR32\u201d you should not miss.&nbsp;<\/p>\n<p>The GT-R32 is powered by a 2.6-liter twin-turbocharged inline-six engine known as the RB26DETT. This engine is famous for its robustness and tunability, making it a favorite among car enthusiasts and tuners. The GT-R32 comes equipped with an advanced all-wheel-drive system known as ATTESA-ETS (Advanced Total Traction Engineering System for All-Terrain with Electronic Torque Split). This system provides excellent grip and handling, allowing for impressive performance on both the street and the track.<\/p><\/div>","protected":false},"excerpt":{"rendered":"<p>M\u00e1rka: MOLD KING<br \/>\nNem: Uniszex<br \/>\nKoroszt\u00e1ly: 8 \u00e9v felett<br \/>\nModel Number: 27014<br \/>\nBesorol\u00e1s: \u00d6sszeszerel\u00e9s<br \/>\nM\u0171anyag blokk forma: \u00f6nz\u00e1r\u00f3 t\u00e9gla<br \/>\nAnyaga: M\u0171anyag<br \/>\nM\u0171anyag t\u00edpus: ABS<br \/>\nBricks Blocks: 359 +<br \/>\nEredeti doboza nincs<\/p>","protected":false},"featured_media":48927,"comment_status":"open","ping_status":"closed","template":"","meta":{"_acf_changed":false},"product_cat":[1360,1357,364],"product_tag":[457,12410,2693,7761,6633,11384,11089,389,11080],"class_list":["product","first","instock","shipping-taxable","purchasable","product-type-simple"],"acf":[],"_links":{"self":[{"href":"https:\/\/mouldking.store\/hu\/wp-json\/wp\/v2\/product\/48934","targetHints":{"allow":["GET"]}}],"collection":[{"href":"https:\/\/mouldking.store\/hu\/wp-json\/wp\/v2\/product"}],"about":[{"href":"https:\/\/mouldking.store\/hu\/wp-json\/wp\/v2\/types\/product"}],"replies":[{"embeddable":true,"href":"https:\/\/mouldking.store\/hu\/wp-json\/wp\/v2\/comments?post=48934"}],"wp:featuredmedia":[{"embeddable":true,"href":"https:\/\/mouldking.store\/hu\/wp-json\/wp\/v2\/media\/48927"}],"wp:attachment":[{"href":"https:\/\/mouldking.store\/hu\/wp-json\/wp\/v2\/media?parent=48934"}],"wp:term":[{"taxonomy":"product_cat","embeddable":true,"href":"https:\/\/mouldking.store\/hu\/wp-json\/wp\/v2\/product_cat?post=48934"},{"taxonomy":"product_tag","embeddable":true,"href":"https:\/\/mouldking.store\/hu\/wp-json\/wp\/v2\/product_tag?post=48934"}],"curies":[{"name":"wp","href":"https:\/\/api.w.org\/{rel}","templated":true}]}}