{"id":48947,"date":"2023-07-28T17:23:02","date_gmt":"2023-07-28T10:23:02","guid":{"rendered":"https:\/\/mouldking.store\/shop\/wange-4003-j20-heavy-stealth-fighter-with-286-pieces\/"},"modified":"2023-07-28T17:23:02","modified_gmt":"2023-07-28T10:23:02","slug":"wange-4003-j20-heavy-stealth-fighter-with-286-pieces","status":"publish","type":"product","link":"https:\/\/mouldking.store\/hu\/shop\/wange-4003-j20-heavy-stealth-fighter-with-286-pieces\/","title":{"rendered":"WANGE 4003 J20 Neh\u00e9z Lopakod\u00f3 Vad\u00e1szg\u00e9p 286 Darabbal"},"content":{"rendered":"<div>\u2705WANGE 4003 J20 Heavy Stealth Fighter<br \/>&nbsp;<br \/>\u2705As of my last update in September 2021, the J-20 is a Chinese fifth-generation stealth fighter aircraft developed by Chengdu Aerospace Corporation. It is officially known as the Chengdu J-20. The J-20 is a significant milestone in China&#8217;s efforts to modernize its air force and enhance its capabilities in aerial combat and air defense.<br \/>&nbsp;<br \/>\ud83d\udeab FONTOS!&nbsp;<br \/>&nbsp;<br \/>Product Name: J20 Heavy Stealth Fighter<br \/>&nbsp;<br \/>Kateg\u00f3ria: Katonai<br \/>&nbsp;<br \/>This Kit Contains: WANGE 4003&nbsp;<br \/>&nbsp;<br \/>286 pcs Good Quality Bricks&nbsp;<br \/>&nbsp;<br \/>K\u00e9zi utas\u00edt\u00e1sok&nbsp;<br \/>&nbsp;<br \/>\ud83d\udcccA f\u0151szerepl\u0151 term\u00e9szete&nbsp;<br \/>&nbsp;<br \/>Introducing our proud collection named \u201cJ20 Heavy Stealth Fighter\u201d you should not miss.&nbsp;<br \/>&nbsp;<br \/>The J-20 is designed as a stealth aircraft, which means it incorporates features to reduce its radar cross-section and infrared signature. Its angular design and advanced materials help to minimize its visibility to enemy radar systems. The J-20 is classified as a fifth-generation fighter, putting it in the same category as other advanced fighter aircraft like the U.S. F-22 Raptor and F-35 Lightning II. Fifth-generation fighters are characterized by advanced avionics, sensor fusion, and stealth capabilities.<\/div>","protected":false},"excerpt":{"rendered":"<p>M\u00e1rka: WANGE<br \/>\nNem: Uniszex<br \/>\nKoroszt\u00e1ly: &gt; 6 \u00e9v<br \/>\nModel Number: 4003<br \/>\nBesorol\u00e1s: \u00d6sszeszerel\u00e9s<br \/>\nM\u0171anyag blokk forma: \u00f6nz\u00e1r\u00f3 t\u00e9gla<br \/>\nAnyaga: M\u0171anyag<br \/>\nM\u0171anyag t\u00edpus: ABS<br \/>\nBricks Blocks: 286 +<br \/>\nEredeti doboza nincs<\/p>","protected":false},"featured_media":48941,"comment_status":"open","ping_status":"closed","template":"","meta":{"_acf_changed":false},"product_cat":[1350,1357,372,364],"product_tag":[7374,11394,374,11488,11102,389],"class_list":["product","first","instock","shipping-taxable","purchasable","product-type-simple"],"acf":[],"_links":{"self":[{"href":"https:\/\/mouldking.store\/hu\/wp-json\/wp\/v2\/product\/48947","targetHints":{"allow":["GET"]}}],"collection":[{"href":"https:\/\/mouldking.store\/hu\/wp-json\/wp\/v2\/product"}],"about":[{"href":"https:\/\/mouldking.store\/hu\/wp-json\/wp\/v2\/types\/product"}],"replies":[{"embeddable":true,"href":"https:\/\/mouldking.store\/hu\/wp-json\/wp\/v2\/comments?post=48947"}],"wp:featuredmedia":[{"embeddable":true,"href":"https:\/\/mouldking.store\/hu\/wp-json\/wp\/v2\/media\/48941"}],"wp:attachment":[{"href":"https:\/\/mouldking.store\/hu\/wp-json\/wp\/v2\/media?parent=48947"}],"wp:term":[{"taxonomy":"product_cat","embeddable":true,"href":"https:\/\/mouldking.store\/hu\/wp-json\/wp\/v2\/product_cat?post=48947"},{"taxonomy":"product_tag","embeddable":true,"href":"https:\/\/mouldking.store\/hu\/wp-json\/wp\/v2\/product_tag?post=48947"}],"curies":[{"name":"wp","href":"https:\/\/api.w.org\/{rel}","templated":true}]}}