{"id":49001,"date":"2023-07-28T18:23:20","date_gmt":"2023-07-28T11:23:20","guid":{"rendered":"https:\/\/mouldking.store\/shop\/zhegao-632000-astronaut-with-1434-pieces\/"},"modified":"2023-07-28T18:23:20","modified_gmt":"2023-07-28T11:23:20","slug":"zhegao-632000-astronaut-with-1434-pieces","status":"publish","type":"product","link":"https:\/\/mouldking.store\/hu\/shop\/zhegao-632000-astronaut-with-1434-pieces\/","title":{"rendered":"ZHEGAO 632000 Astronaut with 1434 Pieces"},"content":{"rendered":"<div>\u2705 ZHEGAO 632000 Astronaut&nbsp;<br \/>&nbsp;<br \/>\u2705An astronaut is a highly trained individual who travels into space to conduct scientific research, exploration, or other activities related to space missions. They are members of spaceflight crews and are typically selected from a pool of candidates with diverse backgrounds in science, engineering, piloting, or the military.<br \/>&nbsp;<br \/>\ud83d\udeab FONTOS!&nbsp;<br \/>&nbsp;<br \/>Product Name: Astronaut<br \/>&nbsp;<br \/>Kateg\u00f3ria: Alkot\u00f3&nbsp;<br \/>&nbsp;<br \/>This Kit Contains:&nbsp; ZHEGAO 632000&nbsp;<br \/>&nbsp;<br \/>1434 pcs Good Quality Bricks&nbsp;<br \/>&nbsp;<br \/>Size: 16.8 \u00d7 19.2 \u00d7 27.5 cm<br \/>&nbsp;<br \/>K\u00e9zi utas\u00edt\u00e1sok&nbsp;<br \/>&nbsp;<br \/>\ud83d\udcccA f\u0151szerepl\u0151 term\u00e9szete&nbsp;<br \/>&nbsp;<br \/>Introducing our proud collection named \u201cAstronaut you should not miss.&nbsp;<br \/>&nbsp;<br \/>Astronauts undergo rigorous training that includes physical fitness, spacecraft systems operation, spacewalking (extravehicular activity or EVA), survival skills, and simulations to prepare for various scenarios they might encounter in space. Astronauts are part of manned space missions, where they travel to space aboard spacecraft such as the Space Shuttle, Soyuz, or Crew Dragon, or in the future, spacecraft like the Artemis missions to the Moon and potentially beyond. While in space, astronauts conduct experiments in various scientific disciplines, including biology, physics, astronomy, and materials science. These experiments help advance knowledge and understanding of space and its effects on the human body.<\/div>","protected":false},"excerpt":{"rendered":"<p>M\u00e1rka: ZHEGAO<br \/>\nNem: Uniszex<br \/>\nKorhat\u00e1r: 14 \u00e9v felett<br \/>\nModel Number: 632000<br \/>\nBesorol\u00e1s: \u00d6sszeszerel\u00e9s<br \/>\nM\u0171anyag blokk forma: \u00f6nz\u00e1r\u00f3 t\u00e9gla<br \/>\nAnyaga: M\u0171anyag<br \/>\nM\u0171anyag t\u00edpus: ABS<br \/>\nBricks Blocks: 1434 +<br \/>\nEredeti doboza nincs<\/p>","protected":false},"featured_media":48995,"comment_status":"open","ping_status":"closed","template":"","meta":{"_acf_changed":false},"product_cat":[1365,371],"product_tag":[11921,11072,8452],"class_list":["product","first","instock","shipping-taxable","purchasable","product-type-simple"],"acf":[],"_links":{"self":[{"href":"https:\/\/mouldking.store\/hu\/wp-json\/wp\/v2\/product\/49001","targetHints":{"allow":["GET"]}}],"collection":[{"href":"https:\/\/mouldking.store\/hu\/wp-json\/wp\/v2\/product"}],"about":[{"href":"https:\/\/mouldking.store\/hu\/wp-json\/wp\/v2\/types\/product"}],"replies":[{"embeddable":true,"href":"https:\/\/mouldking.store\/hu\/wp-json\/wp\/v2\/comments?post=49001"}],"wp:featuredmedia":[{"embeddable":true,"href":"https:\/\/mouldking.store\/hu\/wp-json\/wp\/v2\/media\/48995"}],"wp:attachment":[{"href":"https:\/\/mouldking.store\/hu\/wp-json\/wp\/v2\/media?parent=49001"}],"wp:term":[{"taxonomy":"product_cat","embeddable":true,"href":"https:\/\/mouldking.store\/hu\/wp-json\/wp\/v2\/product_cat?post=49001"},{"taxonomy":"product_tag","embeddable":true,"href":"https:\/\/mouldking.store\/hu\/wp-json\/wp\/v2\/product_tag?post=49001"}],"curies":[{"name":"wp","href":"https:\/\/api.w.org\/{rel}","templated":true}]}}