{"id":49007,"date":"2023-07-28T18:28:24","date_gmt":"2023-07-28T11:28:24","guid":{"rendered":"https:\/\/mouldking.store\/shop\/cada-c71006-working-combination-safe-with-286-pieces\/"},"modified":"2023-07-28T18:28:24","modified_gmt":"2023-07-28T11:28:24","slug":"cada-c71006-working-combination-safe-with-286-pieces","status":"publish","type":"product","link":"https:\/\/mouldking.store\/hu\/shop\/cada-c71006-working-combination-safe-with-286-pieces\/","title":{"rendered":"CaDa C71006 Working Combination Safe with 286 Pieces"},"content":{"rendered":"<div>\u2705 CaDA C71006 Working Combination Safe<br \/>&nbsp;<br \/>\u2705A working combination safe is a secure container designed to protect valuable items, documents, or money from unauthorized access. The safe is locked using a combination lock, which requires a specific sequence of numbers or symbols to open the door.<br \/>&nbsp;<br \/>\ud83d\udeab FONTOS!&nbsp;<br \/>&nbsp;<br \/>Product Name: Working Combination Safe<br \/>&nbsp;<br \/>Kateg\u00f3ria: Alkot\u00f3&nbsp;<br \/>&nbsp;<br \/>This Kit Contains: CaDA C71006<br \/>&nbsp;<br \/>286 pcs Good Quality Bricks&nbsp;<br \/>&nbsp;<br \/>Size: 14.7 \u00d7 12.8 \u00d7 11.5 cm<br \/>&nbsp;<br \/>K\u00e9zi utas\u00edt\u00e1sok&nbsp;<br \/>&nbsp;<br \/>\ud83d\udcccA f\u0151szerepl\u0151 term\u00e9szete&nbsp;<br \/>&nbsp;<br \/>Introducing our proud collection named \u201cWorking Combination Safe\u201d you should not miss.&nbsp;<br \/>&nbsp;<br \/>The primary purpose of a combination safe is to provide security and protection for its contents. The safe is made of strong materials such as steel and may have additional features like reinforced bolts and anti-drilling plates to prevent unauthorized access. The safe&#8217;s door is secured with a combination lock, which requires the correct sequence of numbers or symbols to be entered to unlock it. The combination can be set and changed by the owner to ensure confidentiality.<\/div>","protected":false},"excerpt":{"rendered":"<p>M\u00e1rka: CaDa<br \/>\nNem: Uniszex<br \/>\nKoroszt\u00e1ly: 8 \u00e9v felett<br \/>\nModel Number: C71006<br \/>\nBesorol\u00e1s: \u00d6sszeszerel\u00e9s<br \/>\nM\u0171anyag blokk forma: \u00f6nz\u00e1r\u00f3 t\u00e9gla<br \/>\nAnyaga: M\u0171anyag<br \/>\nM\u0171anyag t\u00edpus: ABS<br \/>\nBricks Blocks: 286 +<br \/>\nEredeti doboza nincs<\/p>","protected":false},"featured_media":49002,"comment_status":"open","ping_status":"closed","template":"","meta":{"_acf_changed":false},"product_cat":[1365,371],"product_tag":[11745,11072,8452,12420,6542],"class_list":["product","first","instock","shipping-taxable","purchasable","product-type-simple"],"acf":[],"_links":{"self":[{"href":"https:\/\/mouldking.store\/hu\/wp-json\/wp\/v2\/product\/49007","targetHints":{"allow":["GET"]}}],"collection":[{"href":"https:\/\/mouldking.store\/hu\/wp-json\/wp\/v2\/product"}],"about":[{"href":"https:\/\/mouldking.store\/hu\/wp-json\/wp\/v2\/types\/product"}],"replies":[{"embeddable":true,"href":"https:\/\/mouldking.store\/hu\/wp-json\/wp\/v2\/comments?post=49007"}],"wp:featuredmedia":[{"embeddable":true,"href":"https:\/\/mouldking.store\/hu\/wp-json\/wp\/v2\/media\/49002"}],"wp:attachment":[{"href":"https:\/\/mouldking.store\/hu\/wp-json\/wp\/v2\/media?parent=49007"}],"wp:term":[{"taxonomy":"product_cat","embeddable":true,"href":"https:\/\/mouldking.store\/hu\/wp-json\/wp\/v2\/product_cat?post=49007"},{"taxonomy":"product_tag","embeddable":true,"href":"https:\/\/mouldking.store\/hu\/wp-json\/wp\/v2\/product_tag?post=49007"}],"curies":[{"name":"wp","href":"https:\/\/api.w.org\/{rel}","templated":true}]}}