{"id":49020,"date":"2023-07-28T18:57:56","date_gmt":"2023-07-28T11:57:56","guid":{"rendered":"https:\/\/mouldking.store\/shop\/sembo-609318-digimon-orc-garurumon-with-414-pieces\/"},"modified":"2023-07-28T18:57:56","modified_gmt":"2023-07-28T11:57:56","slug":"sembo-609318-digimon-orc-garurumon-with-414-pieces","status":"publish","type":"product","link":"https:\/\/mouldking.store\/hu\/shop\/sembo-609318-digimon-orc-garurumon-with-414-pieces\/","title":{"rendered":"SEMBO 609318 Digimon Orc Garurumon with 414 Pieces"},"content":{"rendered":"<div>\u2705 SEMBO 609318 Digimon Orc Garurumon<br \/>&nbsp;<br \/>\u2705&#8221;Digimon Adventure&#8221; is a popular Japanese anime series and one of the main installments in the long-running Digimon franchise. It was originally created by Akiyoshi Hongo. The anime first aired in 1999 and has since gained a massive fan following worldwide.<br \/>&nbsp;<br \/>\ud83d\udeab FONTOS!&nbsp;<br \/>&nbsp;<br \/>Product Name: Digimon Orc Garurumon<br \/>&nbsp;<br \/>Kateg\u00f3ria: Alkot\u00f3&nbsp;<br \/>&nbsp;<br \/>This Kit Contains:&nbsp; SEMBO 609318&nbsp;<br \/>&nbsp;<br \/>414 pcs Good Quality Bricks&nbsp;<br \/>&nbsp;<br \/>Size: 13.7 \u00d7 11.6 \u00d7 13 cm<br \/>&nbsp;<br \/>K\u00e9zi utas\u00edt\u00e1sok&nbsp;<br \/>&nbsp;<br \/>\ud83d\udcccA f\u0151szerepl\u0151 term\u00e9szete&nbsp;<br \/>&nbsp;<br \/>Introducing our proud collection named \u201cDigimon Orc Garurumon\u201d you should not miss.&nbsp;<br \/>&nbsp;<br \/>The story of &#8220;Digimon Adventure&#8221; revolves around a group of children known as the DigiDestined (or Chosen Children) who are transported to a digital world called the Digital World. In this realm, they encounter digital creatures known as Digimon, short for Digital Monsters. Each DigiDestined is partnered with a Digimon, forming a strong bond with them.<\/div>","protected":false},"excerpt":{"rendered":"<p>M\u00e1rka: SEMBO<br \/>\nNem: Uniszex<br \/>\nKoroszt\u00e1ly: &gt; 6 \u00e9v<br \/>\nModel Number: 609318<br \/>\nBesorol\u00e1s: \u00d6sszeszerel\u00e9s<br \/>\nM\u0171anyag blokk forma: \u00f6nz\u00e1r\u00f3 t\u00e9gla<br \/>\nAnyaga: M\u0171anyag<br \/>\nM\u0171anyag t\u00edpus: ABS<br \/>\nBricks Blocks: 414 +<br \/>\nEredeti doboza nincs<\/p>","protected":false},"featured_media":49016,"comment_status":"open","ping_status":"closed","template":"","meta":{"_acf_changed":false},"product_cat":[1365,371],"product_tag":[6470,11072,8452,11399,12424],"class_list":["product","first","instock","shipping-taxable","purchasable","product-type-simple"],"acf":[],"_links":{"self":[{"href":"https:\/\/mouldking.store\/hu\/wp-json\/wp\/v2\/product\/49020","targetHints":{"allow":["GET"]}}],"collection":[{"href":"https:\/\/mouldking.store\/hu\/wp-json\/wp\/v2\/product"}],"about":[{"href":"https:\/\/mouldking.store\/hu\/wp-json\/wp\/v2\/types\/product"}],"replies":[{"embeddable":true,"href":"https:\/\/mouldking.store\/hu\/wp-json\/wp\/v2\/comments?post=49020"}],"wp:featuredmedia":[{"embeddable":true,"href":"https:\/\/mouldking.store\/hu\/wp-json\/wp\/v2\/media\/49016"}],"wp:attachment":[{"href":"https:\/\/mouldking.store\/hu\/wp-json\/wp\/v2\/media?parent=49020"}],"wp:term":[{"taxonomy":"product_cat","embeddable":true,"href":"https:\/\/mouldking.store\/hu\/wp-json\/wp\/v2\/product_cat?post=49020"},{"taxonomy":"product_tag","embeddable":true,"href":"https:\/\/mouldking.store\/hu\/wp-json\/wp\/v2\/product_tag?post=49020"}],"curies":[{"name":"wp","href":"https:\/\/api.w.org\/{rel}","templated":true}]}}