{"id":49029,"date":"2023-07-28T19:07:49","date_gmt":"2023-07-28T12:07:49","guid":{"rendered":"https:\/\/mouldking.store\/shop\/sembo-609320-digimon-zutunmon-with-442-pieces\/"},"modified":"2023-07-28T19:07:49","modified_gmt":"2023-07-28T12:07:49","slug":"sembo-609320-digimon-zutunmon-with-442-pieces","status":"publish","type":"product","link":"https:\/\/mouldking.store\/hu\/shop\/sembo-609320-digimon-zutunmon-with-442-pieces\/","title":{"rendered":"SEMBO 609320 Digimon Zutunmon with 442 Pieces"},"content":{"rendered":"<div>\u2705 SEMBO 609320 Digimon Zutunmon<br \/>&nbsp;<br \/>\u2705&#8221;Digimon Adventure&#8221; is a popular Japanese anime series and one of the main installments in the long-running Digimon franchise. It was originally created by Akiyoshi Hongo. The anime first aired in 1999 and has since gained a massive fan following worldwide.<br \/>&nbsp;<br \/>\ud83d\udeab FONTOS!&nbsp;<br \/>&nbsp;<br \/>Product Name: Digimon Zutunmon<br \/>&nbsp;<br \/>Kateg\u00f3ria: Alkot\u00f3&nbsp;<br \/>&nbsp;<br \/>This Kit Contains: SEMBO 609320<br \/>&nbsp;<br \/>442 db J\u00f3 min\u0151s\u00e9g\u0171 t\u00e9gla&nbsp;<br \/>&nbsp;<br \/>Size: 13.3 \u00d7 15 \u00d7 13 cm&nbsp;<br \/>&nbsp;<br \/>K\u00e9zi utas\u00edt\u00e1sok&nbsp;<br \/>&nbsp;<br \/>\ud83d\udcccA f\u0151szerepl\u0151 term\u00e9szete&nbsp;<br \/>&nbsp;<br \/>Introducing our proud collection named \u201c Digimon Zutunmon\u201d you should not miss.&nbsp;<br \/>&nbsp;<br \/>The story of &#8220;Digimon Adventure&#8221; revolves around a group of children known as the DigiDestined (or Chosen Children) who are transported to a digital world called the Digital World. In this realm, they encounter digital creatures known as Digimon, short for Digital Monsters. Each DigiDestined is partnered with a Digimon, forming a strong bond with them.<\/div>","protected":false},"excerpt":{"rendered":"<p>M\u00e1rka: SEMBO<br \/>\nNem: Uniszex<br \/>\nKoroszt\u00e1ly: &gt; 6 \u00e9v<br \/>\nModel Number: 609320<br \/>\nBesorol\u00e1s: \u00d6sszeszerel\u00e9s<br \/>\nM\u0171anyag blokk forma: \u00f6nz\u00e1r\u00f3 t\u00e9gla<br \/>\nAnyaga: M\u0171anyag<br \/>\nM\u0171anyag t\u00edpus: ABS<br \/>\nT\u00e9gla T\u00e9gla: 442 +<br \/>\nEredeti doboza nincs<\/p>","protected":false},"featured_media":49025,"comment_status":"open","ping_status":"closed","template":"","meta":{"_acf_changed":false},"product_cat":[1365,371],"product_tag":[6470,11072,8452,11399,12425],"class_list":["product","first","instock","shipping-taxable","purchasable","product-type-simple"],"acf":[],"_links":{"self":[{"href":"https:\/\/mouldking.store\/hu\/wp-json\/wp\/v2\/product\/49029","targetHints":{"allow":["GET"]}}],"collection":[{"href":"https:\/\/mouldking.store\/hu\/wp-json\/wp\/v2\/product"}],"about":[{"href":"https:\/\/mouldking.store\/hu\/wp-json\/wp\/v2\/types\/product"}],"replies":[{"embeddable":true,"href":"https:\/\/mouldking.store\/hu\/wp-json\/wp\/v2\/comments?post=49029"}],"wp:featuredmedia":[{"embeddable":true,"href":"https:\/\/mouldking.store\/hu\/wp-json\/wp\/v2\/media\/49025"}],"wp:attachment":[{"href":"https:\/\/mouldking.store\/hu\/wp-json\/wp\/v2\/media?parent=49029"}],"wp:term":[{"taxonomy":"product_cat","embeddable":true,"href":"https:\/\/mouldking.store\/hu\/wp-json\/wp\/v2\/product_cat?post=49029"},{"taxonomy":"product_tag","embeddable":true,"href":"https:\/\/mouldking.store\/hu\/wp-json\/wp\/v2\/product_tag?post=49029"}],"curies":[{"name":"wp","href":"https:\/\/api.w.org\/{rel}","templated":true}]}}