{"id":49064,"date":"2023-07-31T10:07:54","date_gmt":"2023-07-31T03:07:54","guid":{"rendered":"https:\/\/mouldking.store\/shop\/quanguan-100130-mclaren-p1-with-366-pieces\/"},"modified":"2023-07-31T10:07:54","modified_gmt":"2023-07-31T03:07:54","slug":"quanguan-100130-mclaren-p1-with-366-pieces","status":"publish","type":"product","link":"https:\/\/mouldking.store\/hu\/shop\/quanguan-100130-mclaren-p1-with-366-pieces\/","title":{"rendered":"QUANGUAN 100130 McLaren P1 366 darabos"},"content":{"rendered":"<div>\u2705 Quanguan 100130 McLaren P1<br \/>&nbsp;<br \/>\u2705The McLaren P1 is a hybrid hypercar produced by the British automotive manufacturer McLaren Automotive. It was introduced as a limited-production model and was in production from 2013 to 2015. The P1 was a part of the &#8220;holy trinity&#8221; of hybrid hypercars, along with the Porsche 918 Spyder and the LaFerrari, all of which were released around the same time.<br \/>&nbsp;<br \/>\ud83d\udeab FONTOS!&nbsp;<br \/>&nbsp;<br \/>Product Name: McLaren P1<br \/>&nbsp;<br \/>Kateg\u00f3ria: M\u0171szaki<br \/>&nbsp;<br \/>This Kit Contains:&nbsp; Quanguan 100130<br \/>&nbsp;<br \/>&nbsp;366 pcs Good Quality Bricks&nbsp;<br \/>&nbsp;<br \/>K\u00e9zi utas\u00edt\u00e1sok&nbsp;<br \/>&nbsp;<br \/>\ud83d\udcccA f\u0151szerepl\u0151 term\u00e9szete&nbsp;<br \/>&nbsp;<br \/>Introducing our proud collection named \u201cMcLaren P1\u201d you should not miss.&nbsp;<br \/>&nbsp;<br \/>The McLaren P1 is a plug-in hybrid hypercar, combining a high-performance internal combustion engine with an electric motor. The combustion engine is a 3.8-liter twin-turbocharged V8 that produces around 727 horsepower. The electric motor adds an additional 176 horsepower. The total combined power output is 903 horsepower and 664 lb-ft of torque. With its powerful hybrid powertrain, the McLaren P1 can accelerate from 0 to 60 mph (0 to 97 km\/h) in less than 2.8 seconds and has a top speed electronically limited to 217 mph (350 km\/h).<\/div>","protected":false},"excerpt":{"rendered":"<p>M\u00e1rka: QUANGUAN<br \/>\nNem: Uniszex<br \/>\nKoroszt\u00e1ly: 8 \u00e9v felett<br \/>\nModel Number: 100130<br \/>\nBesorol\u00e1s: \u00d6sszeszerel\u00e9s<br \/>\nM\u0171anyag blokk forma: \u00f6nz\u00e1r\u00f3 t\u00e9gla<br \/>\nAnyaga: M\u0171anyag<br \/>\nM\u0171anyag t\u00edpus: ABS<br \/>\nBricks Blocks: 366 +<br \/>\nEredeti doboza nincs<\/p>","protected":false},"featured_media":49059,"comment_status":"open","ping_status":"closed","template":"","meta":{"_acf_changed":false},"product_cat":[1360,1357,364],"product_tag":[457,1744,710,389,11080],"class_list":["product","first","instock","shipping-taxable","purchasable","product-type-simple"],"acf":[],"_links":{"self":[{"href":"https:\/\/mouldking.store\/hu\/wp-json\/wp\/v2\/product\/49064","targetHints":{"allow":["GET"]}}],"collection":[{"href":"https:\/\/mouldking.store\/hu\/wp-json\/wp\/v2\/product"}],"about":[{"href":"https:\/\/mouldking.store\/hu\/wp-json\/wp\/v2\/types\/product"}],"replies":[{"embeddable":true,"href":"https:\/\/mouldking.store\/hu\/wp-json\/wp\/v2\/comments?post=49064"}],"wp:featuredmedia":[{"embeddable":true,"href":"https:\/\/mouldking.store\/hu\/wp-json\/wp\/v2\/media\/49059"}],"wp:attachment":[{"href":"https:\/\/mouldking.store\/hu\/wp-json\/wp\/v2\/media?parent=49064"}],"wp:term":[{"taxonomy":"product_cat","embeddable":true,"href":"https:\/\/mouldking.store\/hu\/wp-json\/wp\/v2\/product_cat?post=49064"},{"taxonomy":"product_tag","embeddable":true,"href":"https:\/\/mouldking.store\/hu\/wp-json\/wp\/v2\/product_tag?post=49064"}],"curies":[{"name":"wp","href":"https:\/\/api.w.org\/{rel}","templated":true}]}}