{"id":49071,"date":"2023-07-31T10:16:42","date_gmt":"2023-07-31T03:16:42","guid":{"rendered":"https:\/\/mouldking.store\/shop\/quanguan-100145-lamborghini-huracan-super-trofeo-evo-with-360-pieces\/"},"modified":"2023-07-31T10:16:42","modified_gmt":"2023-07-31T03:16:42","slug":"quanguan-100145-lamborghini-huracan-super-trofeo-evo-with-360-pieces","status":"publish","type":"product","link":"https:\/\/mouldking.store\/hu\/shop\/quanguan-100145-lamborghini-huracan-super-trofeo-evo-with-360-pieces\/","title":{"rendered":"QUANGUAN 100145 Lamborghini Hurac\u00e1n Super Trofeo EVO 360 darabbal"},"content":{"rendered":"<div>\u2705 Quanguan 100145 Lamborghini Hurac\u00e1n Super Trofeo EVO<br \/>&nbsp;<br \/>\u2705The Lamborghini Hurac\u00e1n Super Trofeo EVO is a track-focused racing car developed by Lamborghini Squadra Corse, the motorsport division of Lamborghini. It is designed specifically for the Lamborghini Super Trofeo one-make racing series, which is held at various race circuits around the world.<br \/>&nbsp;<br \/>\ud83d\udeab FONTOS!&nbsp;<br \/>&nbsp;<br \/>Product Name: Lamborghini Hurac\u00e1n Super Trofeo EVO<br \/>&nbsp;<br \/>Kateg\u00f3ria: M\u0171szaki<br \/>&nbsp;<br \/>This Kit Contains:&nbsp; Quanguan 100145&nbsp;<br \/>&nbsp;<br \/>360 pcs Good Quality Bricks&nbsp;<br \/>&nbsp;<br \/>Size: 17 x 7.8 x 5.7 cm&nbsp;<br \/>&nbsp;<br \/>K\u00e9zi utas\u00edt\u00e1sok&nbsp;<br \/>&nbsp;<br \/>\ud83d\udcccA f\u0151szerepl\u0151 term\u00e9szete&nbsp;<br \/>&nbsp;<br \/>Introducing our proud collection named \u201cLamborghini Hurac\u00e1n Super Trofeo EVO\u201d you should not miss.&nbsp;<br \/>&nbsp;<br \/>The Hurac\u00e1n Super Trofeo EVO is a high-performance racing car optimized for the track. It features aerodynamic enhancements, including a large rear wing, front splitter, and diffuser, to generate significant downforce and improve cornering capabilities. The car&#8217;s body is crafted from lightweight materials like carbon fiber, reducing overall weight to enhance performance and handling on the race track. The Hurac\u00e1n Super Trofeo EVO is powered by a naturally aspirated 5.2-liter V10 engine, producing around 620 horsepower, depending on race series regulations. The engine&#8217;s power is transferred to the rear wheels through a sequential racing gearbox.<\/div>","protected":false},"excerpt":{"rendered":"<p>M\u00e1rka: QUANGUAN<br \/>\nNem: Uniszex<br \/>\nKoroszt\u00e1ly: 8 \u00e9v felett<br \/>\nModel Number: 100145<br \/>\nBesorol\u00e1s: \u00d6sszeszerel\u00e9s<br \/>\nM\u0171anyag blokk forma: \u00f6nz\u00e1r\u00f3 t\u00e9gla<br \/>\nAnyaga: M\u0171anyag<br \/>\nM\u0171anyag t\u00edpus: ABS<br \/>\nBricks Blocks: 360 +<br \/>\nEredeti doboza nincs<\/p>","protected":false},"featured_media":49065,"comment_status":"open","ping_status":"closed","template":"","meta":{"_acf_changed":false},"product_cat":[1357,364],"product_tag":[11862,12318,596,11070,389,11080],"class_list":["product","first","instock","shipping-taxable","purchasable","product-type-simple"],"acf":[],"_links":{"self":[{"href":"https:\/\/mouldking.store\/hu\/wp-json\/wp\/v2\/product\/49071","targetHints":{"allow":["GET"]}}],"collection":[{"href":"https:\/\/mouldking.store\/hu\/wp-json\/wp\/v2\/product"}],"about":[{"href":"https:\/\/mouldking.store\/hu\/wp-json\/wp\/v2\/types\/product"}],"replies":[{"embeddable":true,"href":"https:\/\/mouldking.store\/hu\/wp-json\/wp\/v2\/comments?post=49071"}],"wp:featuredmedia":[{"embeddable":true,"href":"https:\/\/mouldking.store\/hu\/wp-json\/wp\/v2\/media\/49065"}],"wp:attachment":[{"href":"https:\/\/mouldking.store\/hu\/wp-json\/wp\/v2\/media?parent=49071"}],"wp:term":[{"taxonomy":"product_cat","embeddable":true,"href":"https:\/\/mouldking.store\/hu\/wp-json\/wp\/v2\/product_cat?post=49071"},{"taxonomy":"product_tag","embeddable":true,"href":"https:\/\/mouldking.store\/hu\/wp-json\/wp\/v2\/product_tag?post=49071"}],"curies":[{"name":"wp","href":"https:\/\/api.w.org\/{rel}","templated":true}]}}