{"id":49123,"date":"2023-07-31T12:46:34","date_gmt":"2023-07-31T05:46:34","guid":{"rendered":"https:\/\/mouldking.store\/shop\/forange-fc4008-leopard-2a7-main-battle-tank-with-352-pieces\/"},"modified":"2023-07-31T12:46:34","modified_gmt":"2023-07-31T05:46:34","slug":"forange-fc4008-leopard-2a7-main-battle-tank-with-352-pieces","status":"publish","type":"product","link":"https:\/\/mouldking.store\/hu\/shop\/forange-fc4008-leopard-2a7-main-battle-tank-with-352-pieces\/","title":{"rendered":"Forange FC4008 Leopard 2A7 Main Battle Tank with 352 Pieces"},"content":{"rendered":"<div>\u2705 Forange FC4008 Leopard 2A7 Main Battle Tank<br \/>&nbsp;<br \/>\u2705The Leopard 2A7 is a modern main battle tank (MBT) designed and manufactured by Krauss-Maffei Wegmann (KMW), a German defense company. It is part of the Leopard 2 family of tanks, which has been in service since the 1970s and is widely regarded as one of the most advanced and capable MBTs in the world.<br \/>&nbsp;<br \/>\ud83d\udeab FONTOS!&nbsp;<br \/>&nbsp;<br \/>Product Name: Leopard 2A7 Main Battle Tank<br \/>&nbsp;<br \/>Kateg\u00f3ria: Katonai<br \/>&nbsp;<br \/>This Kit Contains:&nbsp; Forange FC4008<br \/>&nbsp;<br \/>352 pcs Good Quality Bricks&nbsp;<br \/>&nbsp;<br \/>Size: 18.5 \u00d7 7.8 \u00d7 13.2 cm<br \/>&nbsp;<br \/>K\u00e9zi utas\u00edt\u00e1sok&nbsp;<br \/>&nbsp;<br \/>\ud83d\udcccA f\u0151szerepl\u0151 term\u00e9szete&nbsp;<br \/>&nbsp;<br \/>Introducing our proud collection named \u201cLeopard 2A7 Main Battle Tank\u201d you should not miss.&nbsp;<\/p>\n<p>&nbsp;The Leopard 2A7 is equipped with a 120mm smoothbore gun, capable of firing various types of ammunition, including armor-piercing fin-stabilized discarding sabot (APFSDS) rounds and high-explosive anti-tank (HEAT) rounds. The tank is also equipped with a coaxial machine gun and a roof-mounted machine gun for anti-infantry and anti-aircraft purposes. The Leopard 2A7 features advanced armor protection, including composite armor and additional modular armor kits. The tank&#8217;s protection level is enhanced further by reactive armor, which can neutralize the impact of incoming projectiles. The tank&#8217;s design also incorporates advanced measures to protect against chemical, biological, radiological, and nuclear (CBRN) threats.<\/p><\/div>","protected":false},"excerpt":{"rendered":"<p>M\u00e1rka: Forange<br \/>\nNem: Uniszex<br \/>\nKoroszt\u00e1ly: &gt; 6 \u00e9v<br \/>\nModel Number: FC4008<br \/>\nBesorol\u00e1s: \u00d6sszeszerel\u00e9s<br \/>\nM\u0171anyag blokk forma: \u00f6nz\u00e1r\u00f3 t\u00e9gla<br \/>\nAnyaga: M\u0171anyag<br \/>\nM\u0171anyag t\u00edpus: ABS<br \/>\nBricks Blocks: 352 +<br \/>\nEredeti doboza nincs<\/p>","protected":false},"featured_media":49119,"comment_status":"open","ping_status":"closed","template":"","meta":{"_acf_changed":false},"product_cat":[1350,1357,372,364],"product_tag":[12432,11226,2641,374,485,389],"class_list":["product","first","instock","shipping-taxable","purchasable","product-type-simple"],"acf":[],"_links":{"self":[{"href":"https:\/\/mouldking.store\/hu\/wp-json\/wp\/v2\/product\/49123","targetHints":{"allow":["GET"]}}],"collection":[{"href":"https:\/\/mouldking.store\/hu\/wp-json\/wp\/v2\/product"}],"about":[{"href":"https:\/\/mouldking.store\/hu\/wp-json\/wp\/v2\/types\/product"}],"replies":[{"embeddable":true,"href":"https:\/\/mouldking.store\/hu\/wp-json\/wp\/v2\/comments?post=49123"}],"wp:featuredmedia":[{"embeddable":true,"href":"https:\/\/mouldking.store\/hu\/wp-json\/wp\/v2\/media\/49119"}],"wp:attachment":[{"href":"https:\/\/mouldking.store\/hu\/wp-json\/wp\/v2\/media?parent=49123"}],"wp:term":[{"taxonomy":"product_cat","embeddable":true,"href":"https:\/\/mouldking.store\/hu\/wp-json\/wp\/v2\/product_cat?post=49123"},{"taxonomy":"product_tag","embeddable":true,"href":"https:\/\/mouldking.store\/hu\/wp-json\/wp\/v2\/product_tag?post=49123"}],"curies":[{"name":"wp","href":"https:\/\/api.w.org\/{rel}","templated":true}]}}