{"id":49128,"date":"2023-07-31T13:01:19","date_gmt":"2023-07-31T06:01:19","guid":{"rendered":"https:\/\/mouldking.store\/shop\/forange-fc4007-vt-4-main-battle-tank-with-372-pieces\/"},"modified":"2023-07-31T13:01:19","modified_gmt":"2023-07-31T06:01:19","slug":"forange-fc4007-vt-4-main-battle-tank-with-372-pieces","status":"publish","type":"product","link":"https:\/\/mouldking.store\/hu\/shop\/forange-fc4007-vt-4-main-battle-tank-with-372-pieces\/","title":{"rendered":"Forange FC4007 VT-4 F\u0151 harckocsi 372 darabbal"},"content":{"rendered":"<div>\u2705 Forange FC4007 VT-4 Main Battle Tank<br \/>&nbsp;<br \/>\u2705The VT-4 is a modern main battle tank developed and manufactured by China North Industries Corporation (Norinco), a Chinese defense company. It is also known as the MBT-3000 and is the successor to the previous VT-1A and MBT-2000 tank models. The VT-4 is designed to be a highly capable and cost-effective solution for modern armored warfare.<br \/>&nbsp;<br \/>\ud83d\udeab FONTOS!&nbsp;<br \/>&nbsp;<br \/>Product Name: VT-4 Main Battle Tank<br \/>&nbsp;<br \/>Kateg\u00f3ria: Katonai<br \/>&nbsp;<br \/>This Kit Contains:&nbsp; Forange FC4007<br \/>&nbsp;<br \/>372 pcs Good Quality Bricks&nbsp;<br \/>&nbsp;<br \/>Size: 18.6 \u00d7 8 \u00d7 12.9 cm<br \/>&nbsp;<br \/>K\u00e9zi utas\u00edt\u00e1sok&nbsp;<br \/>&nbsp;<br \/>\ud83d\udcccA f\u0151szerepl\u0151 term\u00e9szete&nbsp;<br \/>&nbsp;<br \/>Introducing our proud collection named \u201cVT-4 Main Battle Tank\u201d you should not miss.&nbsp;<br \/>&nbsp;<br \/>The VT-4 is equipped with a 125mm smoothbore gun, capable of firing various types of ammunition, including armor-piercing fin-stabilized discarding sabot (APFSDS) rounds and high-explosive anti-tank (HEAT) rounds. The tank also features a secondary 7.62mm machine gun for anti-infantry and close-range defense. The tank&#8217;s protection is enhanced by composite armor and reactive armor modules to increase its survivability against enemy threats. It also features advanced laser warning receivers, smoke grenade dischargers, and other countermeasures to defend against incoming missiles and projectiles.<\/div>","protected":false},"excerpt":{"rendered":"<p>M\u00e1rka: Forange<br \/>\nNem: Uniszex<br \/>\nKoroszt\u00e1ly: &gt; 6 \u00e9v<br \/>\nModel Number: FC4007<br \/>\nBesorol\u00e1s: \u00d6sszeszerel\u00e9s<br \/>\nM\u0171anyag blokk forma: \u00f6nz\u00e1r\u00f3 t\u00e9gla<br \/>\nAnyaga: M\u0171anyag<br \/>\nM\u0171anyag t\u00edpus: ABS<br \/>\nBricks Blocks: 372 +<br \/>\nEredeti doboza nincs<\/p>","protected":false},"featured_media":49124,"comment_status":"open","ping_status":"closed","template":"","meta":{"_acf_changed":false},"product_cat":[1350,1357,372,364],"product_tag":[2641,374,485,389,12433],"class_list":["product","first","instock","shipping-taxable","purchasable","product-type-simple"],"acf":[],"_links":{"self":[{"href":"https:\/\/mouldking.store\/hu\/wp-json\/wp\/v2\/product\/49128","targetHints":{"allow":["GET"]}}],"collection":[{"href":"https:\/\/mouldking.store\/hu\/wp-json\/wp\/v2\/product"}],"about":[{"href":"https:\/\/mouldking.store\/hu\/wp-json\/wp\/v2\/types\/product"}],"replies":[{"embeddable":true,"href":"https:\/\/mouldking.store\/hu\/wp-json\/wp\/v2\/comments?post=49128"}],"wp:featuredmedia":[{"embeddable":true,"href":"https:\/\/mouldking.store\/hu\/wp-json\/wp\/v2\/media\/49124"}],"wp:attachment":[{"href":"https:\/\/mouldking.store\/hu\/wp-json\/wp\/v2\/media?parent=49128"}],"wp:term":[{"taxonomy":"product_cat","embeddable":true,"href":"https:\/\/mouldking.store\/hu\/wp-json\/wp\/v2\/product_cat?post=49128"},{"taxonomy":"product_tag","embeddable":true,"href":"https:\/\/mouldking.store\/hu\/wp-json\/wp\/v2\/product_tag?post=49128"}],"curies":[{"name":"wp","href":"https:\/\/api.w.org\/{rel}","templated":true}]}}