{"id":49135,"date":"2023-08-01T09:43:43","date_gmt":"2023-08-01T02:43:43","guid":{"rendered":"https:\/\/mouldking.store\/shop\/forange-fc4006-t-14-armata-main-battle-tank-with-392-pieces\/"},"modified":"2023-08-01T09:43:43","modified_gmt":"2023-08-01T02:43:43","slug":"forange-fc4006-t-14-armata-main-battle-tank-with-392-pieces","status":"publish","type":"product","link":"https:\/\/mouldking.store\/hu\/shop\/forange-fc4006-t-14-armata-main-battle-tank-with-392-pieces\/","title":{"rendered":"Forange FC4006 T-14 Armata f\u0151 harckocsi 392 darabbal"},"content":{"rendered":"<div>\u2705 Forange FC4006 T-14 Armata Main Battle Tank<br \/>&nbsp;<br \/>\u2705The T-14 Armata is a modern Russian main battle tank developed by Uralvagonzavod. It was unveiled to the public during the Victory Day parade in Moscow on May 9, 2015. The tank is part of the Armata Universal Combat Platform and is designed to be a next-generation tank with advanced features and capabilities.<br \/>&nbsp;<br \/>\ud83d\udeab FONTOS!&nbsp;<br \/>&nbsp;<br \/>Product Name: T-14 Armata Main Battle Tank<br \/>&nbsp;<br \/>Kateg\u00f3ria: Katonai&nbsp;<br \/>&nbsp;<br \/>This Kit Contains:&nbsp; Forange FC4006<br \/>&nbsp;<br \/>392 pcs Good Quality Bricks&nbsp;<br \/>&nbsp;<br \/>Size: 19 \u00d7 8.2 \u00d7 7.5 cm<br \/>&nbsp;<br \/>K\u00e9zi utas\u00edt\u00e1sok&nbsp;<br \/>&nbsp;<br \/>\ud83d\udcccA f\u0151szerepl\u0151 term\u00e9szete&nbsp;<br \/>&nbsp;<br \/>Introducing our proud collection named \u201cT-14 Armata Main Battle Tank\u201d you should not miss.&nbsp;<br \/>&nbsp;<br \/>T-14 Armata main battle tank includes an unmanned turret, advanced armor, active protection system, high mobility, and modern firepower. These features make it a formidable and technologically advanced tank.<\/div>","protected":false},"excerpt":{"rendered":"<p>M\u00e1rka: Forange<br \/>\nNem: Uniszex<br \/>\nKoroszt\u00e1ly: &gt; 6 \u00e9v<br \/>\nModel Number: FC4006<br \/>\nBesorol\u00e1s: \u00d6sszeszerel\u00e9s<br \/>\nM\u0171anyag blokk forma: \u00f6nz\u00e1r\u00f3 t\u00e9gla<br \/>\nAnyaga: M\u0171anyag<br \/>\nM\u0171anyag t\u00edpus: ABS<br \/>\nBricks Blocks: 392 +<br \/>\nEredeti doboza nincs<\/p>","protected":false},"featured_media":49130,"comment_status":"open","ping_status":"closed","template":"","meta":{"_acf_changed":false},"product_cat":[1350,1357,372,364],"product_tag":[12029,2641,374,12434,12435,485,389],"class_list":["product","first","instock","shipping-taxable","purchasable","product-type-simple"],"acf":[],"_links":{"self":[{"href":"https:\/\/mouldking.store\/hu\/wp-json\/wp\/v2\/product\/49135","targetHints":{"allow":["GET"]}}],"collection":[{"href":"https:\/\/mouldking.store\/hu\/wp-json\/wp\/v2\/product"}],"about":[{"href":"https:\/\/mouldking.store\/hu\/wp-json\/wp\/v2\/types\/product"}],"replies":[{"embeddable":true,"href":"https:\/\/mouldking.store\/hu\/wp-json\/wp\/v2\/comments?post=49135"}],"wp:featuredmedia":[{"embeddable":true,"href":"https:\/\/mouldking.store\/hu\/wp-json\/wp\/v2\/media\/49130"}],"wp:attachment":[{"href":"https:\/\/mouldking.store\/hu\/wp-json\/wp\/v2\/media?parent=49135"}],"wp:term":[{"taxonomy":"product_cat","embeddable":true,"href":"https:\/\/mouldking.store\/hu\/wp-json\/wp\/v2\/product_cat?post=49135"},{"taxonomy":"product_tag","embeddable":true,"href":"https:\/\/mouldking.store\/hu\/wp-json\/wp\/v2\/product_tag?post=49135"}],"curies":[{"name":"wp","href":"https:\/\/api.w.org\/{rel}","templated":true}]}}