{"id":49163,"date":"2023-08-01T10:15:09","date_gmt":"2023-08-01T03:15:09","guid":{"rendered":"https:\/\/mouldking.store\/shop\/cbox-jd001-dragon-motorcycle-with-585-pieces\/"},"modified":"2023-08-01T10:15:09","modified_gmt":"2023-08-01T03:15:09","slug":"cbox-jd001-dragon-motorcycle-with-585-pieces","status":"publish","type":"product","link":"https:\/\/mouldking.store\/hu\/shop\/cbox-jd001-dragon-motorcycle-with-585-pieces\/","title":{"rendered":"CBOX JD001 S\u00e1rk\u00e1nymotor 585 darabos"},"content":{"rendered":"<div>\u2705 CBOX JD001 Dragon Motobcycle<br \/>&nbsp;<br \/>\ud83d\udeab FONTOS!&nbsp;<br \/>&nbsp;<br \/>Product Name: Dragon Motobcycle<br \/>&nbsp;<br \/>Kateg\u00f3ria: Alkot\u00f3&nbsp;<br \/>&nbsp;<br \/>This Kit Contains: CBOX JD001<br \/>&nbsp;<br \/>585 pcs Good Quality Bricks&nbsp;<br \/>&nbsp;<br \/>Size: 18 \u00d7 9.8 \u00d7 20 cm<br \/>&nbsp;<br \/>K\u00e9zi utas\u00edt\u00e1sok&nbsp;<br \/>&nbsp;<br \/>\ud83d\udcccA f\u0151szerepl\u0151 term\u00e9szete&nbsp;<br \/>&nbsp;<br \/>Introducing our proud collection named \u201cDragon Motobcycle&#8221; you should not miss.&nbsp;<br \/>&nbsp;<br \/>Dragon Motobcycle belongs to the theme series series of building block sets, and the whole set contains 585 building block particles. First release in 2023. These building blocks are likely compatible with other popular building block brands and can be used to assemble a dragon-themed motorcycle model.&nbsp;<\/div>","protected":false},"excerpt":{"rendered":"<p>Brand: CBOX<br \/>\nNem: Uniszex<br \/>\nKoroszt\u00e1ly: &gt; 6 \u00e9v<br \/>\nModel Number: JD001<br \/>\nBesorol\u00e1s: \u00d6sszeszerel\u00e9s<br \/>\nM\u0171anyag blokk forma: \u00f6nz\u00e1r\u00f3 t\u00e9gla<br \/>\nAnyaga: M\u0171anyag<br \/>\nM\u0171anyag t\u00edpus: ABS<br \/>\nBricks Blocks: 585 +<br \/>\nEredeti doboza nincs<\/p>","protected":false},"featured_media":49157,"comment_status":"open","ping_status":"closed","template":"","meta":{"_acf_changed":false},"product_cat":[1365,1357,371,364],"product_tag":[11072,8452,1771,2449,389],"class_list":["product","first","instock","shipping-taxable","purchasable","product-type-simple"],"acf":[],"_links":{"self":[{"href":"https:\/\/mouldking.store\/hu\/wp-json\/wp\/v2\/product\/49163","targetHints":{"allow":["GET"]}}],"collection":[{"href":"https:\/\/mouldking.store\/hu\/wp-json\/wp\/v2\/product"}],"about":[{"href":"https:\/\/mouldking.store\/hu\/wp-json\/wp\/v2\/types\/product"}],"replies":[{"embeddable":true,"href":"https:\/\/mouldking.store\/hu\/wp-json\/wp\/v2\/comments?post=49163"}],"wp:featuredmedia":[{"embeddable":true,"href":"https:\/\/mouldking.store\/hu\/wp-json\/wp\/v2\/media\/49157"}],"wp:attachment":[{"href":"https:\/\/mouldking.store\/hu\/wp-json\/wp\/v2\/media?parent=49163"}],"wp:term":[{"taxonomy":"product_cat","embeddable":true,"href":"https:\/\/mouldking.store\/hu\/wp-json\/wp\/v2\/product_cat?post=49163"},{"taxonomy":"product_tag","embeddable":true,"href":"https:\/\/mouldking.store\/hu\/wp-json\/wp\/v2\/product_tag?post=49163"}],"curies":[{"name":"wp","href":"https:\/\/api.w.org\/{rel}","templated":true}]}}