{"id":49222,"date":"2023-08-07T11:47:59","date_gmt":"2023-08-07T04:47:59","guid":{"rendered":"https:\/\/mouldking.store\/shop\/moc-factory-89281-zone-of-the-enders-jehuty-with-1058-pieces\/"},"modified":"2025-12-16T22:24:48","modified_gmt":"2025-12-16T15:24:48","slug":"moc-factory-89281-zone-of-the-enders-jehuty-with-1058-pieces","status":"publish","type":"product","link":"https:\/\/mouldking.store\/hu\/shop\/moc-factory-89281-zone-of-the-enders-jehuty-with-1058-pieces\/","title":{"rendered":"MOC Factory 89281 Zone of the Enders Jehuty with 1058 Pieces"},"content":{"rendered":"<div>\u2705 MOC-89281 Zone of the Enders Jehuty<\/p>\n<p>\u2705&#8221;Zone of the Enders: Jehuty&#8221; is a reference to a video game character and a central element in the &#8220;Zone of the Enders&#8221; video game series developed by Konami. The franchise falls under the mecha action genre and has gained a dedicated fan following since its release.<\/p>\n<p>\ud83d\udeab FONTOS!<\/p>\n<p>Product Name: Zone of the Enders Jehuty<\/p>\n<p>Kateg\u00f3ria: Film<\/p>\n<p>This Kit Contains: C9603<\/p>\n<p>1058&nbsp; pcs Good Quality Bricks<\/p>\n<p>Size:&nbsp; 15 x 10 x 28 cm<\/p>\n<p>Weight: 0.54 kg<\/p>\n<p>PDF \u00datmutat\u00f3<\/p>\n<p>\ud83d\udcccA f\u0151szerepl\u0151 term\u00e9szete<\/p>\n<p>Introducing our proud collection named \u201cZone of the Enders Jehuty\u201d you should not miss.<\/p>\n<p>Jehuty is an advanced and highly sophisticated humanoid mecha (a giant, humanoid robot) with cutting-edge technology and incredible combat abilities. The character is prominently featured in both &#8220;Zone of the Enders&#8221; and &#8220;Zone of the Enders: The 2nd Runner,&#8221; which were initially released for the PlayStation 2 and later remastered for newer platforms. In the games, players take on the role of a young boy named Leo Stenbuck, who accidentally finds himself in the cockpit of Jehuty. With the help of this powerful mecha, Leo becomes embroiled in a high-stakes conflict involving Orbital Frames (advanced mechs) and an interplanetary war.<\/p><\/div>","protected":false},"excerpt":{"rendered":"<p>M\u00e1rka: MOC Factory<br \/>\nNem: Uniszex<br \/>\nKoroszt\u00e1ly: &gt; 6 \u00e9v<br \/>\nModel Number: 89281<br \/>\nBesorol\u00e1s: \u00d6sszeszerel\u00e9s<br \/>\nM\u0171anyag blokk forma: \u00f6nz\u00e1r\u00f3 t\u00e9gla<br \/>\nAnyaga: M\u0171anyag<br \/>\nM\u0171anyag t\u00edpus: ABS<br \/>\nBricks Blocks: 1058 +<br \/>\nEredeti doboza nincs<\/p>","protected":false},"featured_media":49214,"comment_status":"open","ping_status":"closed","template":"","meta":{"_acf_changed":false},"product_cat":[1365,1769,371],"product_tag":[11072,8452,12437,9139,12438,590],"class_list":["product","first","instock","shipping-taxable","purchasable","product-type-simple"],"acf":[],"_links":{"self":[{"href":"https:\/\/mouldking.store\/hu\/wp-json\/wp\/v2\/product\/49222","targetHints":{"allow":["GET"]}}],"collection":[{"href":"https:\/\/mouldking.store\/hu\/wp-json\/wp\/v2\/product"}],"about":[{"href":"https:\/\/mouldking.store\/hu\/wp-json\/wp\/v2\/types\/product"}],"replies":[{"embeddable":true,"href":"https:\/\/mouldking.store\/hu\/wp-json\/wp\/v2\/comments?post=49222"}],"wp:featuredmedia":[{"embeddable":true,"href":"https:\/\/mouldking.store\/hu\/wp-json\/wp\/v2\/media\/49214"}],"wp:attachment":[{"href":"https:\/\/mouldking.store\/hu\/wp-json\/wp\/v2\/media?parent=49222"}],"wp:term":[{"taxonomy":"product_cat","embeddable":true,"href":"https:\/\/mouldking.store\/hu\/wp-json\/wp\/v2\/product_cat?post=49222"},{"taxonomy":"product_tag","embeddable":true,"href":"https:\/\/mouldking.store\/hu\/wp-json\/wp\/v2\/product_tag?post=49222"}],"curies":[{"name":"wp","href":"https:\/\/api.w.org\/{rel}","templated":true}]}}