{"id":49264,"date":"2023-08-11T01:34:48","date_gmt":"2023-08-10T18:34:48","guid":{"rendered":"https:\/\/mouldking.store\/shop\/mork-031055-autumn-winery-with-3775-pieces\/"},"modified":"2023-08-11T01:34:48","modified_gmt":"2023-08-10T18:34:48","slug":"mork-031055-autumn-winery-with-3775-pieces","status":"publish","type":"product","link":"https:\/\/mouldking.store\/hu\/shop\/mork-031055-autumn-winery-with-3775-pieces\/","title":{"rendered":"MORK 031055 Autumn Winery with 3775 Pieces"},"content":{"rendered":"<div>\u2705 Mork 031055 Autumn Winery<br \/>&nbsp;<br \/>\u2705During the autumn months, typically from September to November in the Northern Hemisphere, wineries and vineyards are busy with the grape harvest. This is when the grapes are ripe and ready for picking, which is a crucial step in the winemaking process.<br \/>&nbsp;<br \/>\ud83d\udeab FONTOS!&nbsp;<br \/>&nbsp;<br \/>Product Name: Autumn Winery<br \/>&nbsp;<br \/>Kateg\u00f3ria: Alkot\u00f3&nbsp;<br \/>&nbsp;<br \/>This Kit Contains:&nbsp; Mork 031055<br \/>&nbsp;<br \/>3775 pcs Good Quality Bricks&nbsp;<br \/>&nbsp;<br \/>K\u00e9zi utas\u00edt\u00e1sok&nbsp;<br \/>&nbsp;<br \/>\ud83d\udcccA f\u0151szerepl\u0151 term\u00e9szete&nbsp;<br \/>&nbsp;<br \/>Introducing our proud collection named \u201cAutumn Winery\u201d you should not miss.&nbsp;<br \/>&nbsp;<br \/>After the grapes are harvested, they are crushed and processed to extract the juice, which is then fermented to create wine. The autumn harvest marks the beginning of the winemaking season for many wineries. In many wine regions, autumn brings stunning displays of fall foliage as the leaves of grapevines and surrounding trees change colors. This adds to the beauty of the vineyards and creates a picturesque setting. Some wineries and wine regions host special events and festivals during the autumn season to celebrate the harvest and showcase their wines.<\/div>","protected":false},"excerpt":{"rendered":"<p>Brand: MORK<br \/>\nNem: Uniszex<br \/>\nKoroszt\u00e1ly: &gt; 6 \u00e9v<br \/>\nModel Number: 031055<br \/>\nBesorol\u00e1s: \u00d6sszeszerel\u00e9s<br \/>\nM\u0171anyag blokk forma: \u00f6nz\u00e1r\u00f3 t\u00e9gla<br \/>\nAnyaga: M\u0171anyag<br \/>\nM\u0171anyag t\u00edpus: ABS<br \/>\nBricks Blocks: 3775 +<br \/>\nEredeti doboza nincs<\/p>","protected":false},"featured_media":49258,"comment_status":"open","ping_status":"closed","template":"","meta":{"_acf_changed":false},"product_cat":[1365,1395,371,390],"product_tag":[11361,11072,8452,392,12439],"class_list":["product","first","instock","shipping-taxable","purchasable","product-type-simple"],"acf":[],"_links":{"self":[{"href":"https:\/\/mouldking.store\/hu\/wp-json\/wp\/v2\/product\/49264","targetHints":{"allow":["GET"]}}],"collection":[{"href":"https:\/\/mouldking.store\/hu\/wp-json\/wp\/v2\/product"}],"about":[{"href":"https:\/\/mouldking.store\/hu\/wp-json\/wp\/v2\/types\/product"}],"replies":[{"embeddable":true,"href":"https:\/\/mouldking.store\/hu\/wp-json\/wp\/v2\/comments?post=49264"}],"wp:featuredmedia":[{"embeddable":true,"href":"https:\/\/mouldking.store\/hu\/wp-json\/wp\/v2\/media\/49258"}],"wp:attachment":[{"href":"https:\/\/mouldking.store\/hu\/wp-json\/wp\/v2\/media?parent=49264"}],"wp:term":[{"taxonomy":"product_cat","embeddable":true,"href":"https:\/\/mouldking.store\/hu\/wp-json\/wp\/v2\/product_cat?post=49264"},{"taxonomy":"product_tag","embeddable":true,"href":"https:\/\/mouldking.store\/hu\/wp-json\/wp\/v2\/product_tag?post=49264"}],"curies":[{"name":"wp","href":"https:\/\/api.w.org\/{rel}","templated":true}]}}