{"id":49297,"date":"2023-08-15T18:35:59","date_gmt":"2023-08-15T11:35:59","guid":{"rendered":"https:\/\/mouldking.store\/shop\/wange-4212-trevi-fountain-rome-italy-with-667-pieces\/"},"modified":"2023-08-15T18:35:59","modified_gmt":"2023-08-15T11:35:59","slug":"wange-4212-trevi-fountain-rome-italy-with-667-pieces","status":"publish","type":"product","link":"https:\/\/mouldking.store\/hu\/shop\/wange-4212-trevi-fountain-rome-italy-with-667-pieces\/","title":{"rendered":"WANGE 4212 Trevi Fountain Rome Italy with 667 Pieces"},"content":{"rendered":"<div>\u2705 WANGE 4212 Trevi Fountain Rome Italy<br \/>&nbsp;<br \/>\u2705The Trevi Fountain, also known as Fontana di Trevi in Italian, is a famous and iconic fountain located in Rome, Italy. It is one of the most popular tourist attractions in the city and is renowned for its stunning Baroque architecture and grandeur.<br \/>&nbsp;<br \/>\ud83d\udeab FONTOS!&nbsp;<br \/>&nbsp;<br \/>Product Name: Trevi Fountain Rome Italy<br \/>&nbsp;<br \/>Kateg\u00f3ria: Modul\u00e1ris \u00e9p\u00fclet&nbsp;<br \/>&nbsp;<br \/>This Kit Contains:&nbsp; WANGE 4212&nbsp;<br \/>&nbsp;<br \/>667 pcs Good Quality Bricks&nbsp;<br \/>&nbsp;<br \/>Size:&nbsp; 27 \u00d7 15 cm<br \/>&nbsp;<br \/>K\u00e9zi utas\u00edt\u00e1sok&nbsp;<br \/>&nbsp;<br \/>\ud83d\udcccA f\u0151szerepl\u0151 term\u00e9szete&nbsp;<br \/>&nbsp;<br \/>Introducing our proud collection named \u201cTrevi Fountain Rome Italy\u201d you should not miss.&nbsp;<br \/>&nbsp;<br \/>The Trevi Fountain is situated in the Quirinale district of Rome, near the historic center of the city. It is located at the junction of three roads (&#8220;tre vie&#8221; in Italian), which is where its name originates. The fountain was designed by Italian architect Nicola Salvi and was completed in 1762, following several years of construction. It features a grand and ornate Baroque style, characterized by elaborate sculptural details and decorative elements. The central focus of the Trevi Fountain is a large sculptural composition representing the sea god Neptune, accompanied by two tritons. Neptune is shown riding a chariot pulled by sea horses, symbolizing the power and force of the sea.<\/div>","protected":false},"excerpt":{"rendered":"<p>M\u00e1rka: WANGE<br \/>\nNem: Uniszex<br \/>\nKoroszt\u00e1ly: &gt; 6 \u00e9v<br \/>\nModel Number: 4212<br \/>\nBesorol\u00e1s: \u00d6sszeszerel\u00e9s<br \/>\nM\u0171anyag blokk forma: \u00f6nz\u00e1r\u00f3 t\u00e9gla<br \/>\nAnyaga: M\u0171anyag<br \/>\nM\u0171anyag t\u00edpus: ABS<br \/>\nBricks Blocks: 667 +<br \/>\nEredeti doboza nincs<\/p>","protected":false},"featured_media":49294,"comment_status":"open","ping_status":"closed","template":"","meta":{"_acf_changed":false},"product_cat":[1395,1502,390],"product_tag":[4883,3077,12441,392,11748,12440],"class_list":["product","first","instock","shipping-taxable","purchasable","product-type-simple"],"acf":[],"_links":{"self":[{"href":"https:\/\/mouldking.store\/hu\/wp-json\/wp\/v2\/product\/49297","targetHints":{"allow":["GET"]}}],"collection":[{"href":"https:\/\/mouldking.store\/hu\/wp-json\/wp\/v2\/product"}],"about":[{"href":"https:\/\/mouldking.store\/hu\/wp-json\/wp\/v2\/types\/product"}],"replies":[{"embeddable":true,"href":"https:\/\/mouldking.store\/hu\/wp-json\/wp\/v2\/comments?post=49297"}],"wp:featuredmedia":[{"embeddable":true,"href":"https:\/\/mouldking.store\/hu\/wp-json\/wp\/v2\/media\/49294"}],"wp:attachment":[{"href":"https:\/\/mouldking.store\/hu\/wp-json\/wp\/v2\/media?parent=49297"}],"wp:term":[{"taxonomy":"product_cat","embeddable":true,"href":"https:\/\/mouldking.store\/hu\/wp-json\/wp\/v2\/product_cat?post=49297"},{"taxonomy":"product_tag","embeddable":true,"href":"https:\/\/mouldking.store\/hu\/wp-json\/wp\/v2\/product_tag?post=49297"}],"curies":[{"name":"wp","href":"https:\/\/api.w.org\/{rel}","templated":true}]}}