{"id":49328,"date":"2023-08-15T18:38:43","date_gmt":"2023-08-15T11:38:43","guid":{"rendered":"https:\/\/mouldking.store\/shop\/mould-king-16022-modern-library-with-2788-pieces\/"},"modified":"2023-08-15T18:38:43","modified_gmt":"2023-08-15T11:38:43","slug":"mould-king-16022-modern-library-with-2788-pieces","status":"publish","type":"product","link":"https:\/\/mouldking.store\/hu\/shop\/mould-king-16022-modern-library-with-2788-pieces\/","title":{"rendered":"MOULD KING 16022 Modern Library with 2788 Pieces"},"content":{"rendered":"<div>\u2705 Moud King 16022 Modern Library<br \/>&nbsp;<br \/>\ud83d\udeab FONTOS!&nbsp;<br \/>&nbsp;<br \/>Product Name: Modern Library<br \/>&nbsp;<br \/>Kateg\u00f3ria: Modul\u00e1ris \u00e9p\u00fclet<br \/>&nbsp;<br \/>This Kit Contains: Moud King 16022<br \/>&nbsp;<br \/>2788 pcs Good Quality Bricks&nbsp;<br \/>&nbsp;<br \/>Size:&nbsp; 25.7 \u00d7 25.7 \u00d7 31.5 cm<br \/>&nbsp;<br \/>K\u00e9zi utas\u00edt\u00e1sok&nbsp;<br \/>&nbsp;<br \/>\ud83d\udcccA f\u0151szerepl\u0151 term\u00e9szete&nbsp;<br \/>&nbsp;<br \/>Introducing our proud collection named \u201cModern Library\u201d you should not miss.&nbsp;<br \/>&nbsp;<br \/>&#8220;Modern Library&#8221; can refer to a contemporary or updated library building designed and constructed with modern architectural principles and technologies. Modern libraries are designed to be user-friendly, functional, and equipped with state-of-the-art facilities such as digital resources, multimedia rooms, computer labs, and study spaces. These libraries also often focus on offering a diverse collection of print and digital materials, embracing technology to enhance the library experience for users.<\/div>","protected":false},"excerpt":{"rendered":"<p>M\u00e1rka: MOLD KING<br \/>\nNem: Uniszex<br \/>\nKoroszt\u00e1ly: 8 \u00e9v felett<br \/>\nModel Number: 16022<br \/>\nBesorol\u00e1s: \u00d6sszeszerel\u00e9s<br \/>\nM\u0171anyag blokk forma: \u00f6nz\u00e1r\u00f3 t\u00e9gla<br \/>\nAnyaga: M\u0171anyag<br \/>\nM\u0171anyag t\u00edpus: ABS<br \/>\nBricks Blocks: 2788 +<br \/>\nEredeti doboza nincs<\/p>","protected":false},"featured_media":49323,"comment_status":"open","ping_status":"closed","template":"","meta":{"_acf_changed":false},"product_cat":[1395,1502,390],"product_tag":[4883,12449,11145,392],"class_list":["product","first","instock","shipping-taxable","purchasable","product-type-simple"],"acf":[],"_links":{"self":[{"href":"https:\/\/mouldking.store\/hu\/wp-json\/wp\/v2\/product\/49328","targetHints":{"allow":["GET"]}}],"collection":[{"href":"https:\/\/mouldking.store\/hu\/wp-json\/wp\/v2\/product"}],"about":[{"href":"https:\/\/mouldking.store\/hu\/wp-json\/wp\/v2\/types\/product"}],"replies":[{"embeddable":true,"href":"https:\/\/mouldking.store\/hu\/wp-json\/wp\/v2\/comments?post=49328"}],"wp:featuredmedia":[{"embeddable":true,"href":"https:\/\/mouldking.store\/hu\/wp-json\/wp\/v2\/media\/49323"}],"wp:attachment":[{"href":"https:\/\/mouldking.store\/hu\/wp-json\/wp\/v2\/media?parent=49328"}],"wp:term":[{"taxonomy":"product_cat","embeddable":true,"href":"https:\/\/mouldking.store\/hu\/wp-json\/wp\/v2\/product_cat?post=49328"},{"taxonomy":"product_tag","embeddable":true,"href":"https:\/\/mouldking.store\/hu\/wp-json\/wp\/v2\/product_tag?post=49328"}],"curies":[{"name":"wp","href":"https:\/\/api.w.org\/{rel}","templated":true}]}}