{"id":49342,"date":"2023-08-15T18:39:57","date_gmt":"2023-08-15T11:39:57","guid":{"rendered":"https:\/\/mouldking.store\/shop\/mould-king-15062-motor-red-mechanical-digger-with-1500-pieces\/"},"modified":"2023-08-15T18:39:57","modified_gmt":"2023-08-15T11:39:57","slug":"mould-king-15062-motor-red-mechanical-digger-with-1500-pieces","status":"publish","type":"product","link":"https:\/\/mouldking.store\/hu\/shop\/mould-king-15062-motor-red-mechanical-digger-with-1500-pieces\/","title":{"rendered":"MOULD KING 15062 Motor Red Mechanical Digger with 1500 Pieces"},"content":{"rendered":"<div>\u2705 Mould King 15062 Motor Red Mechanical Digger<br \/>&nbsp;<br \/>\u2705A mechanical digger, also known as an excavator or digger, is a heavy construction machine used primarily for digging, excavation, and earthmoving tasks. It is a versatile piece of equipment commonly found on construction sites, road projects, mining operations, and other industrial applications.<br \/>&nbsp;<br \/>\ud83d\udeab FONTOS!&nbsp;<br \/>&nbsp;<br \/>Product Name: Motor Red Mechanical Digger<br \/>&nbsp;<br \/>Kateg\u00f3ria: M\u0171szaki<br \/>&nbsp;<br \/>This Kit Contains: Mould King 15062<br \/>&nbsp;<br \/>1500 db j\u00f3 min\u0151s\u00e9g\u0171 t\u00e9gla&nbsp;<br \/>&nbsp;<br \/>Size: 45.8 \u00d7 15.2 \u00d7 24.9 cm<br \/>&nbsp;<br \/>K\u00e9zi utas\u00edt\u00e1sok&nbsp;<br \/>&nbsp;<br \/>\ud83d\udcccA f\u0151szerepl\u0151 term\u00e9szete&nbsp;<br \/>&nbsp;<br \/>Introducing our proud collection named \u201cMotor Red Mechanical Digger\u201d you should not miss.&nbsp;<br \/>&nbsp;<br \/>A mechanical digger typically consists of a rotating platform called the &#8220;house&#8221; or &#8220;upper&#8221; that sits on an undercarriage with tracks or wheels. The house is attached to an extendable arm known as the &#8220;boom,&#8221; which can be equipped with various attachments, such as buckets, hydraulic hammers, grapples, or augers. Mechanical diggers are designed for digging and moving large amounts of soil, rocks, debris, or other materials. They can perform tasks such as trenching, grading, digging foundations, demolishing structures, and loading materials onto trucks.<\/div>","protected":false},"excerpt":{"rendered":"<p>M\u00e1rka: MOLD KING<br \/>\nNem: Uniszex<br \/>\nKoroszt\u00e1ly: 8 \u00e9v felett<br \/>\nModel Number: 15062<br \/>\nBesorol\u00e1s: \u00d6sszeszerel\u00e9s<br \/>\nM\u0171anyag blokk forma: \u00f6nz\u00e1r\u00f3 t\u00e9gla<br \/>\nAnyaga: M\u0171anyag<br \/>\nM\u0171anyag t\u00edpus: ABS<br \/>\nT\u00e9gla T\u00e9gla: 1500+<br \/>\nEredeti doboza nincs<br \/>\nA darabok v\u00e1ltozhatnak<\/p>","protected":false},"featured_media":49336,"comment_status":"open","ping_status":"closed","template":"","meta":{"_acf_changed":false},"product_cat":[1357,364],"product_tag":[12450,755,7345,389,11080],"class_list":["product","first","instock","shipping-taxable","purchasable","product-type-simple"],"acf":[],"_links":{"self":[{"href":"https:\/\/mouldking.store\/hu\/wp-json\/wp\/v2\/product\/49342","targetHints":{"allow":["GET"]}}],"collection":[{"href":"https:\/\/mouldking.store\/hu\/wp-json\/wp\/v2\/product"}],"about":[{"href":"https:\/\/mouldking.store\/hu\/wp-json\/wp\/v2\/types\/product"}],"replies":[{"embeddable":true,"href":"https:\/\/mouldking.store\/hu\/wp-json\/wp\/v2\/comments?post=49342"}],"wp:featuredmedia":[{"embeddable":true,"href":"https:\/\/mouldking.store\/hu\/wp-json\/wp\/v2\/media\/49336"}],"wp:attachment":[{"href":"https:\/\/mouldking.store\/hu\/wp-json\/wp\/v2\/media?parent=49342"}],"wp:term":[{"taxonomy":"product_cat","embeddable":true,"href":"https:\/\/mouldking.store\/hu\/wp-json\/wp\/v2\/product_cat?post=49342"},{"taxonomy":"product_tag","embeddable":true,"href":"https:\/\/mouldking.store\/hu\/wp-json\/wp\/v2\/product_tag?post=49342"}],"curies":[{"name":"wp","href":"https:\/\/api.w.org\/{rel}","templated":true}]}}