{"id":49369,"date":"2023-08-15T18:42:25","date_gmt":"2023-08-15T11:42:25","guid":{"rendered":"https:\/\/mouldking.store\/shop\/mould-king-10009-wish-fulling-rose-with-1203-pieces\/"},"modified":"2023-08-15T18:42:25","modified_gmt":"2023-08-15T11:42:25","slug":"mould-king-10009-wish-fulling-rose-with-1203-pieces","status":"publish","type":"product","link":"https:\/\/mouldking.store\/hu\/shop\/mould-king-10009-wish-fulling-rose-with-1203-pieces\/","title":{"rendered":"MOULD KING 10009 Wish-fulling Rose with 1203 Pieces"},"content":{"rendered":"<div>\u2705 Mould King 10009 Wish-fulling Rose<br \/>&nbsp;<br \/>\u2705Experience the enchanting beauty of nature with Mould King&#8217;s Wish-fulling Rose! This exquisite Botanical Collection Flower World building block set features over 1200 high-quality bricks, allowing you to construct a stunning replica of the iconic rose.<br \/>&nbsp;<br \/>\ud83d\udeab FONTOS! <br \/>&nbsp;<br \/>Product Name: Wish-fulling Rose<br \/>&nbsp;<br \/>Kateg\u00f3ria: Alkot\u00f3 <br \/>&nbsp;<br \/>This Kit Contains: Mould King 10009<br \/>&nbsp;<br \/>1203 pcs Good Quality Bricks <br \/>&nbsp;<br \/>Size: 14.1 \u00d7 14.1 \u00d7 57.5 cm<br \/>&nbsp;<br \/>K\u00e9zi utas\u00edt\u00e1sok <br \/>&nbsp;<br \/>\ud83d\udcccA f\u0151szerepl\u0151 term\u00e9szete <br \/>&nbsp;<br \/>Introducing our proud collection named \u201cWish-fulling Rose\u201d you should not miss. <br \/>&nbsp;<br \/><strong>&nbsp;<\/strong>Immerse yourself in the world of creation as you bring this captivating flower to life, showcasing your passion for artistic excellence. With Mould King&#8217;s confidence in delivering exceptional quality and detail, get ready to unleash your imagination and indulge in pure botanical bliss. Embrace the artistry, embrace Wish-fulling Rose!<\/div>","protected":false},"excerpt":{"rendered":"<p>M\u00e1rka: MOLD KING<br \/>\nNem: Uniszex<br \/>\nKoroszt\u00e1ly: 8 \u00e9v felett<br \/>\nModel Number: 10009<br \/>\nBesorol\u00e1s: \u00d6sszeszerel\u00e9s<br \/>\nM\u0171anyag blokk forma: \u00f6nz\u00e1r\u00f3 t\u00e9gla<br \/>\nAnyaga: M\u0171anyag<br \/>\nM\u0171anyag t\u00edpus: ABS<br \/>\nBricks Blocks: 1203 +<br \/>\nEredeti doboza nincs<\/p>","protected":false},"featured_media":49363,"comment_status":"open","ping_status":"closed","template":"","meta":{"_acf_changed":false},"product_cat":[1365,371],"product_tag":[7571,8149,11072,8452,11106,10868,12454],"class_list":["product","first","instock","shipping-taxable","purchasable","product-type-simple"],"acf":[],"_links":{"self":[{"href":"https:\/\/mouldking.store\/hu\/wp-json\/wp\/v2\/product\/49369","targetHints":{"allow":["GET"]}}],"collection":[{"href":"https:\/\/mouldking.store\/hu\/wp-json\/wp\/v2\/product"}],"about":[{"href":"https:\/\/mouldking.store\/hu\/wp-json\/wp\/v2\/types\/product"}],"replies":[{"embeddable":true,"href":"https:\/\/mouldking.store\/hu\/wp-json\/wp\/v2\/comments?post=49369"}],"wp:featuredmedia":[{"embeddable":true,"href":"https:\/\/mouldking.store\/hu\/wp-json\/wp\/v2\/media\/49363"}],"wp:attachment":[{"href":"https:\/\/mouldking.store\/hu\/wp-json\/wp\/v2\/media?parent=49369"}],"wp:term":[{"taxonomy":"product_cat","embeddable":true,"href":"https:\/\/mouldking.store\/hu\/wp-json\/wp\/v2\/product_cat?post=49369"},{"taxonomy":"product_tag","embeddable":true,"href":"https:\/\/mouldking.store\/hu\/wp-json\/wp\/v2\/product_tag?post=49369"}],"curies":[{"name":"wp","href":"https:\/\/api.w.org\/{rel}","templated":true}]}}