{"id":49393,"date":"2023-08-15T18:47:50","date_gmt":"2023-08-15T11:47:50","guid":{"rendered":"https:\/\/mouldking.store\/shop\/wange-4215-cn-tower-toronto-canada-with-400-pieces\/"},"modified":"2023-08-15T18:47:50","modified_gmt":"2023-08-15T11:47:50","slug":"wange-4215-cn-tower-toronto-canada-with-400-pieces","status":"publish","type":"product","link":"https:\/\/mouldking.store\/hu\/shop\/wange-4215-cn-tower-toronto-canada-with-400-pieces\/","title":{"rendered":"WANGE 4215 CN Tower Toronto Canada with 400 Pieces"},"content":{"rendered":"<div>\u2705 WANGE 4215 CN Tower Toronto Canada<br \/>&nbsp;<br \/>\u2705The CN Tower is an iconic landmark located in downtown Toronto, Canada. It is one of the most recognizable and visited attractions in the country, offering stunning views of the city and surrounding areas.<br \/>&nbsp;<br \/>\ud83d\udeab FONTOS!&nbsp;<br \/>&nbsp;<br \/>Product Name: CN Tower Toronto Canada<br \/>&nbsp;<br \/>Kateg\u00f3ria: Modul\u00e1ris \u00e9p\u00fclet<br \/>&nbsp;<br \/>This Kit Contains: WANGE 4215<br \/>&nbsp;<br \/>400 db j\u00f3 min\u0151s\u00e9g\u0171 t\u00e9gla&nbsp;<br \/>&nbsp;<br \/>Size: 17.6 \u00d7 17.6 \u00d7 71 cm<br \/>&nbsp;<br \/>K\u00e9zi utas\u00edt\u00e1sok&nbsp;<br \/>&nbsp;<br \/>\ud83d\udcccA f\u0151szerepl\u0151 term\u00e9szete&nbsp;<br \/>&nbsp;<br \/>Introducing our proud collection named \u201cCN Tower Toronto Canada\u201d you should not miss.&nbsp;<\/p>\n<p>The CN Tower was constructed between 1973 and 1976 by Canadian National (CN), a railway company. At the time of its completion, it was the world&#8217;s tallest freestanding structure, a record it held until 2009. The CN Tower stands at a height of 553.3 meters (1,815 feet) and was considered the tallest tower in the world and the tallest freestanding structure until other taller structures were built. The tower&#8217;s design was a collaboration between John Andrews Architects and Webb, Zerafa, Menkes, Housden Architects. It features a sleek, modern look, with a concrete shaft and a metal-and-glass observation deck.<\/p><\/div>","protected":false},"excerpt":{"rendered":"<p>M\u00e1rka: WANGE<br \/>\nNem: Uniszex<br \/>\nKoroszt\u00e1ly: &gt; 6 \u00e9v<br \/>\nModel Number: 4215<br \/>\nBesorol\u00e1s: \u00d6sszeszerel\u00e9s<br \/>\nM\u0171anyag blokk forma: \u00f6nz\u00e1r\u00f3 t\u00e9gla<br \/>\nAnyaga: M\u0171anyag<br \/>\nM\u0171anyag t\u00edpus: ABS<br \/>\nT\u00e9gla T\u00e9gla: 400+<br \/>\nEredeti doboza nincs<\/p>","protected":false},"featured_media":49390,"comment_status":"open","ping_status":"closed","template":"","meta":{"_acf_changed":false},"product_cat":[1395,1502,390],"product_tag":[11177,4883,12460,392,12459,2302],"class_list":["product","first","instock","shipping-taxable","purchasable","product-type-simple"],"acf":[],"_links":{"self":[{"href":"https:\/\/mouldking.store\/hu\/wp-json\/wp\/v2\/product\/49393","targetHints":{"allow":["GET"]}}],"collection":[{"href":"https:\/\/mouldking.store\/hu\/wp-json\/wp\/v2\/product"}],"about":[{"href":"https:\/\/mouldking.store\/hu\/wp-json\/wp\/v2\/types\/product"}],"replies":[{"embeddable":true,"href":"https:\/\/mouldking.store\/hu\/wp-json\/wp\/v2\/comments?post=49393"}],"wp:featuredmedia":[{"embeddable":true,"href":"https:\/\/mouldking.store\/hu\/wp-json\/wp\/v2\/media\/49390"}],"wp:attachment":[{"href":"https:\/\/mouldking.store\/hu\/wp-json\/wp\/v2\/media?parent=49393"}],"wp:term":[{"taxonomy":"product_cat","embeddable":true,"href":"https:\/\/mouldking.store\/hu\/wp-json\/wp\/v2\/product_cat?post=49393"},{"taxonomy":"product_tag","embeddable":true,"href":"https:\/\/mouldking.store\/hu\/wp-json\/wp\/v2\/product_tag?post=49393"}],"curies":[{"name":"wp","href":"https:\/\/api.w.org\/{rel}","templated":true}]}}