{"id":49447,"date":"2023-08-25T09:17:18","date_gmt":"2023-08-25T02:17:18","guid":{"rendered":"https:\/\/mouldking.store\/shop\/mould-king-10046-dodge-viper-with-1236-pieces\/"},"modified":"2023-08-25T09:17:18","modified_gmt":"2023-08-25T02:17:18","slug":"mould-king-10046-dodge-viper-with-1236-pieces","status":"publish","type":"product","link":"https:\/\/mouldking.store\/hu\/shop\/mould-king-10046-dodge-viper-with-1236-pieces\/","title":{"rendered":"MOULD KING 10046 Dodge Viper with 1236 Pieces"},"content":{"rendered":"<div>\u2705 Mould King 10046 Dodge Viper<br \/>&nbsp;<br \/>\u2705The Dodge Viper is a legendary American sports car known for its powerful performance, distinctive design, and raw driving experience. It was produced by Dodge, a division of Chrysler Corporation (and later Fiat Chrysler Automobiles), from 1992 to 2017.<br \/>&nbsp;<br \/>\ud83d\udeab FONTOS!&nbsp;<br \/>&nbsp;<br \/>Product Name: Dodge Viper<br \/>&nbsp;<br \/>Kateg\u00f3ria: M\u0171szaki<br \/>&nbsp;<br \/>This Kit Contains: Mould King 10046<br \/>&nbsp;<br \/>1236 pcs Good Quality Bricks&nbsp;<br \/>&nbsp;<br \/>Size: 31.6 \u00d7 13.6 \u00d7 9.7 cm<br \/>&nbsp;<br \/>K\u00e9zi utas\u00edt\u00e1sok&nbsp;<br \/>&nbsp;<br \/>\ud83d\udcccA f\u0151szerepl\u0151 term\u00e9szete&nbsp;<br \/>&nbsp;<br \/>Introducing our proud collection named \u201cDodge Viper&#8221; you should not miss.&nbsp;<br \/>&nbsp;<br \/>The Dodge Viper is renowned for its high-performance capabilities. It was often powered by a massive V10 engine, which delivered impressive horsepower and torque figures, resulting in exhilarating acceleration and top speeds. Different generations of the Viper featured various versions of the V10 engine. These engines were naturally aspirated and provided a unique and unmistakable engine note. The engine&#8217;s displacement and output varied across different model years. Throughout its production, the Viper was mainly offered with a manual transmission. This contributed to the car&#8217;s engaging driving experience and allowed skilled drivers to fully control the power delivery.<\/div>","protected":false},"excerpt":{"rendered":"<p>M\u00e1rka: MOLD KING<br \/>\nNem: Uniszex<br \/>\nKoroszt\u00e1ly: 8 \u00e9v felett<br \/>\nModel Number: 10046<br \/>\nBesorol\u00e1s: \u00d6sszeszerel\u00e9s<br \/>\nM\u0171anyag blokk forma: \u00f6nz\u00e1r\u00f3 t\u00e9gla<br \/>\nAnyaga: M\u0171anyag<br \/>\nM\u0171anyag t\u00edpus: ABS<br \/>\nBricks Blocks: 1236 +<br \/>\nEredeti doboza nincs<\/p>","protected":false},"featured_media":49442,"comment_status":"open","ping_status":"closed","template":"","meta":{"_acf_changed":false},"product_cat":[1360,1357,364,1875],"product_tag":[457,11354,11071,389,11080],"class_list":["product","first","instock","shipping-taxable","purchasable","product-type-simple"],"acf":[],"_links":{"self":[{"href":"https:\/\/mouldking.store\/hu\/wp-json\/wp\/v2\/product\/49447","targetHints":{"allow":["GET"]}}],"collection":[{"href":"https:\/\/mouldking.store\/hu\/wp-json\/wp\/v2\/product"}],"about":[{"href":"https:\/\/mouldking.store\/hu\/wp-json\/wp\/v2\/types\/product"}],"replies":[{"embeddable":true,"href":"https:\/\/mouldking.store\/hu\/wp-json\/wp\/v2\/comments?post=49447"}],"wp:featuredmedia":[{"embeddable":true,"href":"https:\/\/mouldking.store\/hu\/wp-json\/wp\/v2\/media\/49442"}],"wp:attachment":[{"href":"https:\/\/mouldking.store\/hu\/wp-json\/wp\/v2\/media?parent=49447"}],"wp:term":[{"taxonomy":"product_cat","embeddable":true,"href":"https:\/\/mouldking.store\/hu\/wp-json\/wp\/v2\/product_cat?post=49447"},{"taxonomy":"product_tag","embeddable":true,"href":"https:\/\/mouldking.store\/hu\/wp-json\/wp\/v2\/product_tag?post=49447"}],"curies":[{"name":"wp","href":"https:\/\/api.w.org\/{rel}","templated":true}]}}