{"id":49489,"date":"2023-08-25T09:21:45","date_gmt":"2023-08-25T02:21:45","guid":{"rendered":"https:\/\/mouldking.store\/shop\/mould-king-13151-f1-arrow-racing-with-1185-pieces\/"},"modified":"2023-08-25T09:21:45","modified_gmt":"2023-08-25T02:21:45","slug":"mould-king-13151-f1-arrow-racing-with-1185-pieces","status":"publish","type":"product","link":"https:\/\/mouldking.store\/hu\/shop\/mould-king-13151-f1-arrow-racing-with-1185-pieces\/","title":{"rendered":"MOULD KING 13151 F1 Arrow Racing with 1185 Pieces"},"content":{"rendered":"<div>\u2705 Mould King 13151 Motor F1 Arrow Racing<br \/>&nbsp;<br \/>\u2705 Formula 1 is a type of open-wheel car racing that is considered the pinnacle of motor racing. F1 cars are known for their advanced technology, aerodynamics, and high-speed performance.<br \/>&nbsp;<br \/>\ud83d\udeab FONTOS!&nbsp;<br \/>&nbsp;<br \/>Product Name: Motor F1 Arrow Racing<br \/>&nbsp;<br \/>Kateg\u00f3ria: M\u0171szaki<\/p>\n<p>Product name: Mould King 13151&nbsp;<br \/>&nbsp;<br \/>1185 pcs Good Quality Bricks&nbsp;<br \/>&nbsp;<br \/>Size: 11.6 \u00d7 22.5 \u00d7 56.6 cm<br \/>&nbsp;<br \/>K\u00e9zi utas\u00edt\u00e1sok&nbsp;<br \/>&nbsp;<br \/>\ud83d\udcccA f\u0151szerepl\u0151 term\u00e9szete&nbsp;<br \/>&nbsp;<br \/>Introducing our proud collection named \u201cMotor F1 Arrow Racing\u201d you should not miss.&nbsp;<br \/>&nbsp;<br \/>A Formula One (F1) racing car is a high-performance, single-seat open-wheel racing car specifically designed for participation in Formula One racing. Formula One is a prestigious international motorsport championship that involves a series of races known as Grand Prix events held on circuits around the world. F1 cars are known for their cutting-edge technology, advanced engineering, and exceptional speed.&nbsp;<\/div>","protected":false},"excerpt":{"rendered":"<p>M\u00e1rka: MOLD KING<br \/>\nNem: Uniszex<br \/>\nKoroszt\u00e1ly: 8 \u00e9v felett<br \/>\nModel Number: 13151<br \/>\nBesorol\u00e1s: \u00d6sszeszerel\u00e9s<br \/>\nM\u0171anyag blokk forma: \u00f6nz\u00e1r\u00f3 t\u00e9gla<br \/>\nAnyaga: M\u0171anyag<br \/>\nM\u0171anyag t\u00edpus: ABS<br \/>\nBricks Blocks: 1185 +<br \/>\nEredeti doboza nincs<\/p>","protected":false},"featured_media":49483,"comment_status":"open","ping_status":"closed","template":"","meta":{"_acf_changed":false},"product_cat":[1360,1357,364,1875],"product_tag":[5173,12475,12474,457,480,389,11080],"class_list":["product","first","instock","shipping-taxable","purchasable","product-type-simple"],"acf":[],"_links":{"self":[{"href":"https:\/\/mouldking.store\/hu\/wp-json\/wp\/v2\/product\/49489","targetHints":{"allow":["GET"]}}],"collection":[{"href":"https:\/\/mouldking.store\/hu\/wp-json\/wp\/v2\/product"}],"about":[{"href":"https:\/\/mouldking.store\/hu\/wp-json\/wp\/v2\/types\/product"}],"replies":[{"embeddable":true,"href":"https:\/\/mouldking.store\/hu\/wp-json\/wp\/v2\/comments?post=49489"}],"wp:featuredmedia":[{"embeddable":true,"href":"https:\/\/mouldking.store\/hu\/wp-json\/wp\/v2\/media\/49483"}],"wp:attachment":[{"href":"https:\/\/mouldking.store\/hu\/wp-json\/wp\/v2\/media?parent=49489"}],"wp:term":[{"taxonomy":"product_cat","embeddable":true,"href":"https:\/\/mouldking.store\/hu\/wp-json\/wp\/v2\/product_cat?post=49489"},{"taxonomy":"product_tag","embeddable":true,"href":"https:\/\/mouldking.store\/hu\/wp-json\/wp\/v2\/product_tag?post=49489"}],"curies":[{"name":"wp","href":"https:\/\/api.w.org\/{rel}","templated":true}]}}