{"id":49508,"date":"2023-08-25T09:23:32","date_gmt":"2023-08-25T02:23:32","guid":{"rendered":"https:\/\/mouldking.store\/shop\/sembo-601156-christmas-snowman-house-with-310-pieces\/"},"modified":"2023-08-25T09:23:32","modified_gmt":"2023-08-25T02:23:32","slug":"sembo-601156-christmas-snowman-house-with-310-pieces","status":"publish","type":"product","link":"https:\/\/mouldking.store\/hu\/shop\/sembo-601156-christmas-snowman-house-with-310-pieces\/","title":{"rendered":"SEMBO 601156 Christmas Snowman House with 310 Pieces"},"content":{"rendered":"<div>\u2705 SEMBO 601156 Christmas Snowman House<br \/>&nbsp;<br \/>\u2705Christmas Snowman House is a decorative display or ornament featuring a snowman-themed house or building that is commonly used as part of Christmas decorations during the holiday season. This kind of decoration often embodies the festive and wintery spirit of Christmas.&nbsp;<br \/>&nbsp;<br \/>\ud83d\udeab FONTOS!&nbsp;<br \/>&nbsp;<br \/>Product Name: Christmas Snowman House<br \/>&nbsp;<br \/>Kateg\u00f3ria: Alkot\u00f3&nbsp;<br \/>&nbsp;<br \/>This Kit Contains:&nbsp; SEMBO 601156<br \/>&nbsp;<br \/>310 pcs Good Quality Bricks&nbsp;<br \/>&nbsp;<br \/>K\u00e9zi utas\u00edt\u00e1sok&nbsp;<br \/>&nbsp;<br \/>\ud83d\udcccA f\u0151szerepl\u0151 term\u00e9szete&nbsp;<br \/>&nbsp;<br \/>Introducing our proud collection named \u201cChristmas Snowman House\u201d you should not miss.&nbsp;<br \/>&nbsp;<br \/>Many Christmas decorations, including snowman-themed ones, often feature LED lights or other forms of illumination to create a warm and festive glow, enhancing the ambiance. The house&#8217;s design could include intricate details like windows, doors, fences, chimneys, and other festive elements that evoke a cozy and snowy winter scene.<\/div>","protected":false},"excerpt":{"rendered":"<p>M\u00e1rka: SEMBO<br \/>\nNem: Uniszex<br \/>\nKoroszt\u00e1ly: &gt; 6 \u00e9v<br \/>\nModel Number: 601156<br \/>\nBesorol\u00e1s: \u00d6sszeszerel\u00e9s<br \/>\nM\u0171anyag blokk forma: \u00f6nz\u00e1r\u00f3 t\u00e9gla<br \/>\nAnyaga: M\u0171anyag<br \/>\nM\u0171anyag t\u00edpus: ABS<br \/>\nBricks Blocks: 310 +<br \/>\nEredeti doboza nincs<\/p>","protected":false},"featured_media":49503,"comment_status":"open","ping_status":"closed","template":"","meta":{"_acf_changed":false},"product_cat":[1365,371],"product_tag":[1066,11072,8452,2318,4947],"class_list":["product","first","instock","shipping-taxable","purchasable","product-type-simple"],"acf":[],"_links":{"self":[{"href":"https:\/\/mouldking.store\/hu\/wp-json\/wp\/v2\/product\/49508","targetHints":{"allow":["GET"]}}],"collection":[{"href":"https:\/\/mouldking.store\/hu\/wp-json\/wp\/v2\/product"}],"about":[{"href":"https:\/\/mouldking.store\/hu\/wp-json\/wp\/v2\/types\/product"}],"replies":[{"embeddable":true,"href":"https:\/\/mouldking.store\/hu\/wp-json\/wp\/v2\/comments?post=49508"}],"wp:featuredmedia":[{"embeddable":true,"href":"https:\/\/mouldking.store\/hu\/wp-json\/wp\/v2\/media\/49503"}],"wp:attachment":[{"href":"https:\/\/mouldking.store\/hu\/wp-json\/wp\/v2\/media?parent=49508"}],"wp:term":[{"taxonomy":"product_cat","embeddable":true,"href":"https:\/\/mouldking.store\/hu\/wp-json\/wp\/v2\/product_cat?post=49508"},{"taxonomy":"product_tag","embeddable":true,"href":"https:\/\/mouldking.store\/hu\/wp-json\/wp\/v2\/product_tag?post=49508"}],"curies":[{"name":"wp","href":"https:\/\/api.w.org\/{rel}","templated":true}]}}