{"id":49539,"date":"2023-08-25T09:29:20","date_gmt":"2023-08-25T02:29:20","guid":{"rendered":"https:\/\/mouldking.store\/shop\/reobrix-66034-christmas-train-with-2822-pieces\/"},"modified":"2023-08-25T09:29:20","modified_gmt":"2023-08-25T02:29:20","slug":"reobrix-66034-christmas-train-with-2822-pieces","status":"publish","type":"product","link":"https:\/\/mouldking.store\/hu\/shop\/reobrix-66034-christmas-train-with-2822-pieces\/","title":{"rendered":"REOBRIX 66034 Christmas Train with 2822 Pieces"},"content":{"rendered":"<div>\u2705 Reobrix 66034 Christmas Train<br \/>&nbsp;<br \/>\u2705 During the holiday season, some people set up elaborate model train displays that are decorated with Christmas-themed scenery. These displays often include miniature villages, snow-covered landscapes, and tiny festive decorations.<br \/>&nbsp;<br \/>\ud83d\udeab FONTOS!&nbsp;<br \/>&nbsp;<br \/>Product Name: Christmas Train<br \/>&nbsp;<br \/>Kateg\u00f3ria: Alkot\u00f3&nbsp;<br \/>&nbsp;<br \/>This Kit Contains:&nbsp; Reobrix 66034<br \/>&nbsp;<br \/>2822 pcs Good Quality Bricks&nbsp;<br \/>&nbsp;<br \/>Size: 73.5 \u00d7 19 \u00d7 22 cm<br \/>&nbsp;<br \/>K\u00e9zi utas\u00edt\u00e1sok&nbsp;<br \/>&nbsp;<br \/>\ud83d\udcccA f\u0151szerepl\u0151 term\u00e9szete&nbsp;<br \/>&nbsp;<br \/>Introducing our proud collection named \u201cChristmas Train\u201d you should not miss.&nbsp;<br \/>&nbsp;<br \/>Christmas train sets are miniature toy trains that are designed to be set up around a Christmas tree or as part of a holiday display. These sets usually include a locomotive, train cars, tracks, and sometimes additional accessories like miniature buildings or figurines. In some communities, &#8220;Christmas Train&#8221; might refer to a charitable event where a train is filled with gifts or donations for those in need, often in the spirit of giving during the holiday season.<\/div>","protected":false},"excerpt":{"rendered":"<p>M\u00e1rka: REOBRIX<br \/>\nNem: Uniszex<br \/>\nKorhat\u00e1r: 14 \u00e9v felett<br \/>\nModel Number: 66034<br \/>\nBesorol\u00e1s: \u00d6sszeszerel\u00e9s<br \/>\nM\u0171anyag blokk forma: \u00f6nz\u00e1r\u00f3 t\u00e9gla<br \/>\nAnyaga: M\u0171anyag<br \/>\nM\u0171anyag t\u00edpus: ABS<br \/>\nBricks Blocks: 2822 +<br \/>\nEredeti doboza nincs<\/p>","protected":false},"featured_media":49533,"comment_status":"open","ping_status":"closed","template":"","meta":{"_acf_changed":false},"product_cat":[1365,371],"product_tag":[1066,11072,8452,300],"class_list":["product","first","instock","shipping-taxable","purchasable","product-type-simple"],"acf":[],"_links":{"self":[{"href":"https:\/\/mouldking.store\/hu\/wp-json\/wp\/v2\/product\/49539","targetHints":{"allow":["GET"]}}],"collection":[{"href":"https:\/\/mouldking.store\/hu\/wp-json\/wp\/v2\/product"}],"about":[{"href":"https:\/\/mouldking.store\/hu\/wp-json\/wp\/v2\/types\/product"}],"replies":[{"embeddable":true,"href":"https:\/\/mouldking.store\/hu\/wp-json\/wp\/v2\/comments?post=49539"}],"wp:featuredmedia":[{"embeddable":true,"href":"https:\/\/mouldking.store\/hu\/wp-json\/wp\/v2\/media\/49533"}],"wp:attachment":[{"href":"https:\/\/mouldking.store\/hu\/wp-json\/wp\/v2\/media?parent=49539"}],"wp:term":[{"taxonomy":"product_cat","embeddable":true,"href":"https:\/\/mouldking.store\/hu\/wp-json\/wp\/v2\/product_cat?post=49539"},{"taxonomy":"product_tag","embeddable":true,"href":"https:\/\/mouldking.store\/hu\/wp-json\/wp\/v2\/product_tag?post=49539"}],"curies":[{"name":"wp","href":"https:\/\/api.w.org\/{rel}","templated":true}]}}