{"id":49588,"date":"2023-08-25T09:32:57","date_gmt":"2023-08-25T02:32:57","guid":{"rendered":"https:\/\/mouldking.store\/shop\/moc-factory-89277-mighty-morphin-power-rangers-tiger-zord-with-450-pieces\/"},"modified":"2025-12-16T20:59:28","modified_gmt":"2025-12-16T13:59:28","slug":"moc-factory-89277-mighty-morphin-power-rangers-tiger-zord-with-450-pieces","status":"publish","type":"product","link":"https:\/\/mouldking.store\/hu\/shop\/moc-factory-89277-mighty-morphin-power-rangers-tiger-zord-with-450-pieces\/","title":{"rendered":"MOC Factory 89277 Mighty Morphin Power Rangers Tiger Zord with 450 Pieces"},"content":{"rendered":"<div>\u2705 MOC-89277 Mighty Morphin Power Rangers Tiger Zord<\/p>\n<p>\u2705The Tigerzord is a powerful Zord, or large animal-like robot, featured in the &#8220;Mighty Morphin Power Rangers&#8221; television series, which is part of the larger &#8220;Power Rangers&#8221; franchise. The show originally aired in the 1990s and became a cultural phenomenon.&nbsp;<\/p>\n<p>\ud83d\udeab FONTOS!<\/p>\n<p>Product Name: Mighty Morphin Power Rangers Tiger Zord<\/p>\n<p>Kateg\u00f3ria: Film<\/p>\n<p>This Kit Contains: C9668<\/p>\n<p>450 pcs Good Quality Bricks<\/p>\n<p>Size: 10 x 10 x 12 cm<\/p>\n<p>S\u00faly: 0,2 kg<\/p>\n<p>PDF \u00datmutat\u00f3<\/p>\n<p>\ud83d\udcccA f\u0151szerepl\u0151 term\u00e9szete<\/p>\n<p>Introducing our proud collection named \u201cMighty Morphin Power Rangers Tiger Zord\u201d you should not miss.<\/p>\n<p>&nbsp;The Tigerzord is one of the Zords used by the Power Rangers in their battles against evil forces. It is based on a white tiger and has a distinctive design that combines animal-like features with advanced technology.&nbsp; The Tigerzord is summoned by the White Ranger, who pilots it to aid the team in battles. It is known for its speed, agility, and powerful attacks. The Tigerzord can also combine with other Zords to form even larger and more powerful combinations.&nbsp; The Tigerzord can combine with the other Zords used by the Power Rangers to create even more formidable machines. One of the most iconic combinations is the creation of the &#8220;Mega Tigerzord,&#8221; which is the result of combining the Tigerzord with the other main Zords.<\/p><\/div>","protected":false},"excerpt":{"rendered":"<p>M\u00e1rka: MOC Factory<br \/>\nNem: Uniszex<br \/>\nKoroszt\u00e1ly: &gt; 6 \u00e9v<br \/>\nModel Number: 89277<br \/>\nBesorol\u00e1s: \u00d6sszeszerel\u00e9s<br \/>\nM\u0171anyag blokk forma: \u00f6nz\u00e1r\u00f3 t\u00e9gla<br \/>\nAnyaga: M\u0171anyag<br \/>\nM\u0171anyag t\u00edpus: ABS<br \/>\nBricks Blocks: 450 +<br \/>\nEredeti doboza nincs<\/p>","protected":false},"featured_media":49584,"comment_status":"open","ping_status":"closed","template":"","meta":{"_acf_changed":false},"product_cat":[1365,371,581,1408],"product_tag":[11072,8452,11796,11797,434,7978,11798,6482,12486],"class_list":["product","first","instock","shipping-taxable","purchasable","product-type-simple"],"acf":[],"_links":{"self":[{"href":"https:\/\/mouldking.store\/hu\/wp-json\/wp\/v2\/product\/49588","targetHints":{"allow":["GET"]}}],"collection":[{"href":"https:\/\/mouldking.store\/hu\/wp-json\/wp\/v2\/product"}],"about":[{"href":"https:\/\/mouldking.store\/hu\/wp-json\/wp\/v2\/types\/product"}],"replies":[{"embeddable":true,"href":"https:\/\/mouldking.store\/hu\/wp-json\/wp\/v2\/comments?post=49588"}],"wp:featuredmedia":[{"embeddable":true,"href":"https:\/\/mouldking.store\/hu\/wp-json\/wp\/v2\/media\/49584"}],"wp:attachment":[{"href":"https:\/\/mouldking.store\/hu\/wp-json\/wp\/v2\/media?parent=49588"}],"wp:term":[{"taxonomy":"product_cat","embeddable":true,"href":"https:\/\/mouldking.store\/hu\/wp-json\/wp\/v2\/product_cat?post=49588"},{"taxonomy":"product_tag","embeddable":true,"href":"https:\/\/mouldking.store\/hu\/wp-json\/wp\/v2\/product_tag?post=49588"}],"curies":[{"name":"wp","href":"https:\/\/api.w.org\/{rel}","templated":true}]}}