{"id":49613,"date":"2023-08-25T09:34:38","date_gmt":"2023-08-25T02:34:38","guid":{"rendered":"https:\/\/mouldking.store\/shop\/moc-factory-139272-u-boat-type-viic-with-4742-pieces\/"},"modified":"2025-12-16T20:59:28","modified_gmt":"2025-12-16T13:59:28","slug":"moc-factory-139272-u-boat-type-viic-with-4742-pieces","status":"publish","type":"product","link":"https:\/\/mouldking.store\/hu\/shop\/moc-factory-139272-u-boat-type-viic-with-4742-pieces\/","title":{"rendered":"MOC Factory 139272 U-Boat Type VIIC with 4742 Pieces"},"content":{"rendered":"<div>\u2705 MOC-139272 U-Boat Type VIIC<\/p>\n<p>\u2705The U-Boat Type VIIC is a class of German submarines that was widely used during World War II by the Kriegsmarine, the German Navy. The Type VIIC was one of the most produced submarine classes in history and played a significant role in naval warfare during the war.&nbsp;<\/p>\n<p>\ud83d\udeab FONTOS!<\/p>\n<p>Product Name: U-Boat Type VIIC<\/p>\n<p>Kateg\u00f3ria: Katonai<\/p>\n<p>This Kit Contains: C9609<\/p>\n<p>4742&nbsp; pcs Good Quality Bricks<\/p>\n<p>Size: 120 x 12 x 28 cm<\/p>\n<p>Weight: 3.72 kg<\/p>\n<p>PDF \u00datmutat\u00f3<\/p>\n<p>\ud83d\udcccA f\u0151szerepl\u0151 term\u00e9szete<\/p>\n<p>Introducing our proud collection named \u201cU-Boat Type VIIC\u201d you should not miss.<\/p>\n<p>The Type VIIC submarines were designed for oceanic patrols and coastal operations. They had a length of approximately 67 meters (220 feet) and a displacement of around 769 tons (surface) and 871 tons (submerged). They were powered by diesel engines on the surface and electric motors when submerged. The crew complement of a Type VIIC U-Boat typically consisted of around 44 to 52 crew members, including officers and enlisted personnel. The Type VIIC submarines were armed with various torpedoes and deck guns. They usually carried a mix of torpedoes for use against surface vessels and other submarines. The deck gun was used for engaging targets on the surface.<\/p><\/div>","protected":false},"excerpt":{"rendered":"<p>M\u00e1rka: MOC Factory<br \/>\nNem: Uniszex<br \/>\nKoroszt\u00e1ly: 8 \u00e9v felett<br \/>\nModel Number: 139272<br \/>\nBesorol\u00e1s: \u00d6sszeszerel\u00e9s<br \/>\nM\u0171anyag blokk forma: \u00f6nz\u00e1r\u00f3 t\u00e9gla<br \/>\nAnyaga: M\u0171anyag<br \/>\nM\u0171anyag t\u00edpus: ABS<br \/>\nBricks Blocks: 4742 +<br \/>\nEredeti doboza nincs<\/p>","protected":false},"featured_media":49608,"comment_status":"open","ping_status":"closed","template":"","meta":{"_acf_changed":false},"product_cat":[1350,1357,372,364],"product_tag":[374,389,12489,12490,11517],"class_list":["product","first","instock","shipping-taxable","purchasable","product-type-simple"],"acf":[],"_links":{"self":[{"href":"https:\/\/mouldking.store\/hu\/wp-json\/wp\/v2\/product\/49613","targetHints":{"allow":["GET"]}}],"collection":[{"href":"https:\/\/mouldking.store\/hu\/wp-json\/wp\/v2\/product"}],"about":[{"href":"https:\/\/mouldking.store\/hu\/wp-json\/wp\/v2\/types\/product"}],"replies":[{"embeddable":true,"href":"https:\/\/mouldking.store\/hu\/wp-json\/wp\/v2\/comments?post=49613"}],"wp:featuredmedia":[{"embeddable":true,"href":"https:\/\/mouldking.store\/hu\/wp-json\/wp\/v2\/media\/49608"}],"wp:attachment":[{"href":"https:\/\/mouldking.store\/hu\/wp-json\/wp\/v2\/media?parent=49613"}],"wp:term":[{"taxonomy":"product_cat","embeddable":true,"href":"https:\/\/mouldking.store\/hu\/wp-json\/wp\/v2\/product_cat?post=49613"},{"taxonomy":"product_tag","embeddable":true,"href":"https:\/\/mouldking.store\/hu\/wp-json\/wp\/v2\/product_tag?post=49613"}],"curies":[{"name":"wp","href":"https:\/\/api.w.org\/{rel}","templated":true}]}}