{"id":49640,"date":"2023-08-25T09:37:01","date_gmt":"2023-08-25T02:37:01","guid":{"rendered":"https:\/\/mouldking.store\/shop\/pantasy-11014-envision-super-perception-fan-with-463-pieces\/"},"modified":"2023-08-25T09:37:01","modified_gmt":"2023-08-25T02:37:01","slug":"pantasy-11014-envision-super-perception-fan-with-463-pieces","status":"publish","type":"product","link":"https:\/\/mouldking.store\/hu\/shop\/pantasy-11014-envision-super-perception-fan-with-463-pieces\/","title":{"rendered":"Pantasy 11014 Envision Super Perception Fan with 463 Pieces"},"content":{"rendered":"<div>\u2705Pantasy 11014 Envision Super Perception Fan<br \/>&nbsp;<br \/>\ud83d\udeab FONTOS!&nbsp;<br \/>&nbsp;<br \/>Product Name: Envision Super Perception Fan<br \/>&nbsp;<br \/>Kateg\u00f3ria: M\u0171szaki<br \/>&nbsp;<br \/>This Kit Contains: Pantasy 11014<br \/>&nbsp;<br \/>463 db J\u00f3 min\u0151s\u00e9g\u0171 t\u00e9gla&nbsp;<br \/>&nbsp;<br \/>Size: 35 \u00d7 16 \u00d7 50 cm<\/div>\n<div>K\u00e9zi utas\u00edt\u00e1sok&nbsp;<br \/>&nbsp;<br \/>\ud83d\udcccA f\u0151szerepl\u0151 term\u00e9szete&nbsp;<br \/>&nbsp;<br \/>Introducing our proud collection named \u201cEnvision Super Perception Fan\u201d you should not miss.&nbsp;<br \/>&nbsp;<br \/>Windmill is a mechanical device that converts the energy of wind into useful work. Windmills have been used for various purposes throughout history, from grinding grain to pumping water and generating electricity. They are designed to harness the kinetic energy of the wind and transform it into rotational motion, which can then be used to power different types of machinery or perform specific tasks.<\/div>","protected":false},"excerpt":{"rendered":"<p>M\u00e1rka: Pantasy<br \/>\nNem: Uniszex<br \/>\nAge Range: &gt; 18 years old<br \/>\nModel Number: 11014<br \/>\nBesorol\u00e1s: \u00d6sszeszerel\u00e9s<br \/>\nM\u0171anyag blokk forma: \u00f6nz\u00e1r\u00f3 t\u00e9gla<br \/>\nAnyaga: M\u0171anyag<br \/>\nM\u0171anyag t\u00edpus: ABS<br \/>\nT\u00e9gla blokkok: 463 +<br \/>\nEredeti doboza nincs<\/p>","protected":false},"featured_media":49634,"comment_status":"open","ping_status":"closed","template":"","meta":{"_acf_changed":false},"product_cat":[1395,1357,390,364],"product_tag":[12491,12492,392,389,11080],"class_list":["product","first","instock","shipping-taxable","purchasable","product-type-simple"],"acf":[],"_links":{"self":[{"href":"https:\/\/mouldking.store\/hu\/wp-json\/wp\/v2\/product\/49640","targetHints":{"allow":["GET"]}}],"collection":[{"href":"https:\/\/mouldking.store\/hu\/wp-json\/wp\/v2\/product"}],"about":[{"href":"https:\/\/mouldking.store\/hu\/wp-json\/wp\/v2\/types\/product"}],"replies":[{"embeddable":true,"href":"https:\/\/mouldking.store\/hu\/wp-json\/wp\/v2\/comments?post=49640"}],"wp:featuredmedia":[{"embeddable":true,"href":"https:\/\/mouldking.store\/hu\/wp-json\/wp\/v2\/media\/49634"}],"wp:attachment":[{"href":"https:\/\/mouldking.store\/hu\/wp-json\/wp\/v2\/media?parent=49640"}],"wp:term":[{"taxonomy":"product_cat","embeddable":true,"href":"https:\/\/mouldking.store\/hu\/wp-json\/wp\/v2\/product_cat?post=49640"},{"taxonomy":"product_tag","embeddable":true,"href":"https:\/\/mouldking.store\/hu\/wp-json\/wp\/v2\/product_tag?post=49640"}],"curies":[{"name":"wp","href":"https:\/\/api.w.org\/{rel}","templated":true}]}}