{"id":49654,"date":"2023-08-25T09:38:21","date_gmt":"2023-08-25T02:38:21","guid":{"rendered":"https:\/\/mouldking.store\/shop\/sluban-m38-p8008-astro-boy-music-box-with-1000-pieces\/"},"modified":"2023-08-25T09:38:21","modified_gmt":"2023-08-25T02:38:21","slug":"sluban-m38-p8008-astro-boy-music-box-with-1000-pieces","status":"publish","type":"product","link":"https:\/\/mouldking.store\/hu\/shop\/sluban-m38-p8008-astro-boy-music-box-with-1000-pieces\/","title":{"rendered":"Sluban M38-P8008 Astro Boy Music Box with 1000 Pieces"},"content":{"rendered":"<div>\u2705 Sluban Pleyerid M38-P8008 Astro Boy Music Box<br \/>&nbsp;<br \/>\u2705Astro Boy, also known as &#8220;Tetsuwan Atom&#8221; in Japan, is a famous and iconic manga and anime character created by Osamu Tezuka. Astro Boy holds a significant place in the history of both manga and anime and has been a cultural phenomenon for many decades.<br \/>&nbsp;<br \/>\ud83d\udeab FONTOS!&nbsp;<br \/>&nbsp;<br \/>Product Name: Astro Boy Music Box<br \/>&nbsp;<br \/>Kateg\u00f3ria: Film<br \/>&nbsp;<br \/>This Kit Contains:&nbsp; Sluban Pleyerid M38-P8008<br \/>&nbsp;<br \/>1000 pcs Good Quality Bricks&nbsp;<br \/>&nbsp;<br \/>Size: 14.7 \u00d7 14.7 \u00d7 24.4 cm<br \/>&nbsp;<br \/>K\u00e9zi utas\u00edt\u00e1sok&nbsp;<br \/>&nbsp;<br \/>\ud83d\udcccA f\u0151szerepl\u0151 term\u00e9szete&nbsp;<br \/>&nbsp;<br \/>Introducing our proud collection named \u201cAstro Boy Music Box\u201d you should not miss.&nbsp;<br \/>&nbsp;<br \/>Astro Boy first appeared in 1952 as a manga (Japanese comic) created by Osamu Tezuka, often referred to as the &#8220;God of Manga.&#8221; The character was later adapted into an anime series. The story is set in a futuristic world where robots and humans coexist. Astro Boy is a highly advanced robot with human-like emotions and abilities. He was created by Dr. Tenma, a scientist grieving the loss of his own son. Astro Boy embarks on adventures, fighting villains and robots that threaten peace.<\/div>","protected":false},"excerpt":{"rendered":"<p>M\u00e1rka: Sluban<br \/>\nNem: Uniszex<br \/>\nKoroszt\u00e1ly: &gt; 12 \u00e9ves<br \/>\nModel Number: M38-P8008<br \/>\nBesorol\u00e1s: \u00d6sszeszerel\u00e9s<br \/>\nM\u0171anyag blokk forma: \u00f6nz\u00e1r\u00f3 t\u00e9gla<br \/>\nAnyaga: M\u0171anyag<br \/>\nM\u0171anyag t\u00edpus: ABS<br \/>\nBricks Blocks: 1000 +<br \/>\nEredeti doboza nincs<br \/>\nA darabok v\u00e1ltozhatnak<\/p>","protected":false},"featured_media":49648,"comment_status":"open","ping_status":"closed","template":"","meta":{"_acf_changed":false},"product_cat":[1365,371,581,1408],"product_tag":[7487,11072,8452,434,1370],"class_list":["product","first","instock","shipping-taxable","purchasable","product-type-simple"],"acf":[],"_links":{"self":[{"href":"https:\/\/mouldking.store\/hu\/wp-json\/wp\/v2\/product\/49654","targetHints":{"allow":["GET"]}}],"collection":[{"href":"https:\/\/mouldking.store\/hu\/wp-json\/wp\/v2\/product"}],"about":[{"href":"https:\/\/mouldking.store\/hu\/wp-json\/wp\/v2\/types\/product"}],"replies":[{"embeddable":true,"href":"https:\/\/mouldking.store\/hu\/wp-json\/wp\/v2\/comments?post=49654"}],"wp:featuredmedia":[{"embeddable":true,"href":"https:\/\/mouldking.store\/hu\/wp-json\/wp\/v2\/media\/49648"}],"wp:attachment":[{"href":"https:\/\/mouldking.store\/hu\/wp-json\/wp\/v2\/media?parent=49654"}],"wp:term":[{"taxonomy":"product_cat","embeddable":true,"href":"https:\/\/mouldking.store\/hu\/wp-json\/wp\/v2\/product_cat?post=49654"},{"taxonomy":"product_tag","embeddable":true,"href":"https:\/\/mouldking.store\/hu\/wp-json\/wp\/v2\/product_tag?post=49654"}],"curies":[{"name":"wp","href":"https:\/\/api.w.org\/{rel}","templated":true}]}}