{"id":49670,"date":"2023-08-25T09:45:00","date_gmt":"2023-08-25T02:45:00","guid":{"rendered":"https:\/\/mouldking.store\/shop\/pantasy-99115-saint-seiya-series-gold-saints-leo-with-238-pieces\/"},"modified":"2023-08-25T09:45:00","modified_gmt":"2023-08-25T02:45:00","slug":"pantasy-99115-saint-seiya-series-gold-saints-leo-with-238-pieces","status":"publish","type":"product","link":"https:\/\/mouldking.store\/hu\/shop\/pantasy-99115-saint-seiya-series-gold-saints-leo-with-238-pieces\/","title":{"rendered":"Pantasy 99115 Saint Seiya Series Gold Saints Leo with 238 Pieces"},"content":{"rendered":"<div>\u2705 Pantasy 99115 Saint Seiya Series Gold Saints Leo<\/p>\n<p>\u2705In the &#8220;Saint Seiya&#8221; series, the Gold Saints are powerful warriors who wear sacred armors known as Gold Cloths. Each Gold Saint represents one of the twelve zodiac constellations. Leo Aiolia is one of the Gold Saints and represents the constellation Leo.<br \/>&nbsp;<br \/>\ud83d\udeab FONTOS!&nbsp;<br \/>&nbsp;<br \/>Product Name:&nbsp; Saint Seiya Series Gold Saints Leo<br \/>&nbsp;<br \/>Kateg\u00f3ria: Alkot\u00f3&nbsp;<br \/>&nbsp;<br \/>This Kit Contains:&nbsp; Pantasy 99115<br \/>&nbsp;<br \/>238 pcs Good Quality Bricks&nbsp;<br \/>&nbsp;<br \/>Size: 12.5 \u00d7 8.3 \u00d7 13.2 cm<br \/>&nbsp;<br \/>K\u00e9zi utas\u00edt\u00e1sok&nbsp;<br \/>&nbsp;<br \/>\ud83d\udcccA f\u0151szerepl\u0151 term\u00e9szete&nbsp;<br \/>&nbsp;<br \/>Introducing our proud collection named \u201c Saint Seiya Series Gold Saints Leo\u201d you should not miss.&nbsp;<br \/>&nbsp;<br \/>&nbsp;Leo Aiolia is the Gold Saint who represents the zodiac constellation Leo. He is one of the twelve elite defenders of the Greek goddess Athena. Aiolia is known for his strong sense of justice, loyalty, and determination. He is characterized by his fiery personality and his desire to protect the innocent. Aiolia serves as the guardian of the 5th House in the Sanctuary, where the twelve Gold Cloths are kept. He is fiercely protective of Athena and her cause.<\/div>","protected":false},"excerpt":{"rendered":"<p>M\u00e1rka: Pantasy<br \/>\nNem: Uniszex<br \/>\nKoroszt\u00e1ly: &gt; 6 \u00e9v<br \/>\nModel Number: 99115<br \/>\nBesorol\u00e1s: \u00d6sszeszerel\u00e9s<br \/>\nM\u0171anyag blokk forma: \u00f6nz\u00e1r\u00f3 t\u00e9gla<br \/>\nAnyaga: M\u0171anyag<br \/>\nM\u0171anyag t\u00edpus: ABS<br \/>\nBricks Blocks: 238 +<br \/>\nEredeti doboza nincs<\/p>","protected":false},"featured_media":49668,"comment_status":"open","ping_status":"closed","template":"","meta":{"_acf_changed":false},"product_cat":[1365,371,581,1408],"product_tag":[11072,8452,459,12497,434,12494,12495],"class_list":["product","first","instock","shipping-taxable","purchasable","product-type-simple"],"acf":[],"_links":{"self":[{"href":"https:\/\/mouldking.store\/hu\/wp-json\/wp\/v2\/product\/49670","targetHints":{"allow":["GET"]}}],"collection":[{"href":"https:\/\/mouldking.store\/hu\/wp-json\/wp\/v2\/product"}],"about":[{"href":"https:\/\/mouldking.store\/hu\/wp-json\/wp\/v2\/types\/product"}],"replies":[{"embeddable":true,"href":"https:\/\/mouldking.store\/hu\/wp-json\/wp\/v2\/comments?post=49670"}],"wp:featuredmedia":[{"embeddable":true,"href":"https:\/\/mouldking.store\/hu\/wp-json\/wp\/v2\/media\/49668"}],"wp:attachment":[{"href":"https:\/\/mouldking.store\/hu\/wp-json\/wp\/v2\/media?parent=49670"}],"wp:term":[{"taxonomy":"product_cat","embeddable":true,"href":"https:\/\/mouldking.store\/hu\/wp-json\/wp\/v2\/product_cat?post=49670"},{"taxonomy":"product_tag","embeddable":true,"href":"https:\/\/mouldking.store\/hu\/wp-json\/wp\/v2\/product_tag?post=49670"}],"curies":[{"name":"wp","href":"https:\/\/api.w.org\/{rel}","templated":true}]}}