{"id":49682,"date":"2023-08-25T09:46:29","date_gmt":"2023-08-25T02:46:29","guid":{"rendered":"https:\/\/mouldking.store\/shop\/pantasy-99107-saint-seiya-series-mini-sagittarius-aiolos-with-211-pieces\/"},"modified":"2023-08-25T09:46:29","modified_gmt":"2023-08-25T02:46:29","slug":"pantasy-99107-saint-seiya-series-mini-sagittarius-aiolos-with-211-pieces","status":"publish","type":"product","link":"https:\/\/mouldking.store\/hu\/shop\/pantasy-99107-saint-seiya-series-mini-sagittarius-aiolos-with-211-pieces\/","title":{"rendered":"Pantasy 99107 Saint Seiya Series Mini Sagittarius Aiolos with 211 Pieces"},"content":{"rendered":"<div>\u2705Pantasy 99107 Saint Seiya Series Mini Sagittarius Aiolos<br \/>&nbsp;<br \/>\u2705Sagittarius Aiolos, also known as Aiolos of Sagittarius, is a character from the anime and manga series &#8220;Saint Seiya.&#8221; &#8220;Saint Seiya&#8221; is a popular Japanese media franchise created by Masami Kurumada that includes manga, anime, movies, and spin-off series. Sagittarius Aiolos is a significant character within this franchise.&nbsp;<br \/>&nbsp;<br \/>\ud83d\udeab FONTOS!&nbsp;<br \/>&nbsp;<br \/>Product Name: Saint Seiya Series Mini Sagittarius Aiolos<br \/>&nbsp;<br \/>Kateg\u00f3ria: Alkot\u00f3&nbsp;<br \/>&nbsp;<br \/>This Kit Contains: Pantasy 99107<br \/>&nbsp;<br \/>211 pcs Good Quality Bricks&nbsp;<br \/>&nbsp;<br \/>Size:&nbsp; 12.5 \u00d7 8.3 \u00d7 13.5 cm<br \/>&nbsp;<br \/>K\u00e9zi utas\u00edt\u00e1sok&nbsp;<br \/>&nbsp;<br \/>\ud83d\udcccA f\u0151szerepl\u0151 term\u00e9szete&nbsp;<br \/>&nbsp;<br \/>Introducing our proud collection named \u201cSaint Seiya Series Mini Sagittarius Aiolos\u201d you should not miss.&nbsp;<br \/>&nbsp;<br \/>&nbsp;Aiolos is one of the main characters and one of the twelve Gold Saints in the &#8220;Saint Seiya&#8221; series. The Gold Saints are powerful warriors who are considered the most elite defenders of the Greek goddess Athena. Each Gold Saint represents a different zodiac constellation. Aiolos plays a pivotal role in the series, despite his early death. He is known for his loyalty to Athena and his dedication to protecting her. In the original series, he is wrongly accused of betrayal and is pursued by other Gold Saints. His true loyalty is revealed after his death.<\/div>","protected":false},"excerpt":{"rendered":"<p>M\u00e1rka: Pantasy<br \/>\nNem: Uniszex<br \/>\nKoroszt\u00e1ly: &gt; 6 \u00e9v<br \/>\nModel Number: 99107<br \/>\nBesorol\u00e1s: \u00d6sszeszerel\u00e9s<br \/>\nM\u0171anyag blokk forma: \u00f6nz\u00e1r\u00f3 t\u00e9gla<br \/>\nAnyaga: M\u0171anyag<br \/>\nM\u0171anyag t\u00edpus: ABS<br \/>\nBricks Blocks: 211 +<br \/>\nEredeti doboza nincs<\/p>","protected":false},"featured_media":49677,"comment_status":"open","ping_status":"closed","template":"","meta":{"_acf_changed":false},"product_cat":[1365,371,581,1408],"product_tag":[12500,11072,8452,434,8002,12494],"class_list":["product","first","instock","shipping-taxable","purchasable","product-type-simple"],"acf":[],"_links":{"self":[{"href":"https:\/\/mouldking.store\/hu\/wp-json\/wp\/v2\/product\/49682","targetHints":{"allow":["GET"]}}],"collection":[{"href":"https:\/\/mouldking.store\/hu\/wp-json\/wp\/v2\/product"}],"about":[{"href":"https:\/\/mouldking.store\/hu\/wp-json\/wp\/v2\/types\/product"}],"replies":[{"embeddable":true,"href":"https:\/\/mouldking.store\/hu\/wp-json\/wp\/v2\/comments?post=49682"}],"wp:featuredmedia":[{"embeddable":true,"href":"https:\/\/mouldking.store\/hu\/wp-json\/wp\/v2\/media\/49677"}],"wp:attachment":[{"href":"https:\/\/mouldking.store\/hu\/wp-json\/wp\/v2\/media?parent=49682"}],"wp:term":[{"taxonomy":"product_cat","embeddable":true,"href":"https:\/\/mouldking.store\/hu\/wp-json\/wp\/v2\/product_cat?post=49682"},{"taxonomy":"product_tag","embeddable":true,"href":"https:\/\/mouldking.store\/hu\/wp-json\/wp\/v2\/product_tag?post=49682"}],"curies":[{"name":"wp","href":"https:\/\/api.w.org\/{rel}","templated":true}]}}