{"id":49689,"date":"2023-08-25T09:47:06","date_gmt":"2023-08-25T02:47:06","guid":{"rendered":"https:\/\/mouldking.store\/shop\/jiestar-58052-cyberangel-with-341-pieces\/"},"modified":"2023-08-25T09:47:06","modified_gmt":"2023-08-25T02:47:06","slug":"jiestar-58052-cyberangel-with-341-pieces","status":"publish","type":"product","link":"https:\/\/mouldking.store\/hu\/shop\/jiestar-58052-cyberangel-with-341-pieces\/","title":{"rendered":"JIESTAR 58052 Cyberangel with 341 Pieces"},"content":{"rendered":"<div>\u2705JIESTAR 58052 Cyberangel&nbsp;<br \/>&nbsp;<br \/>\u2705The &#8220;Asphalt&#8221; series is known for its arcade-style racing gameplay on mobile devices.&nbsp;<br \/>&nbsp;<br \/>\ud83d\udeab FONTOS!&nbsp;<br \/>&nbsp;<br \/>Product Name: Cyberangel<br \/>&nbsp;<br \/>Kateg\u00f3ria: M\u0171szaki<br \/>&nbsp;<br \/>This Kit Contains: JIESTAR 58052&nbsp;<br \/>&nbsp;<br \/>341 pcs Good Quality Bricks&nbsp;<br \/>&nbsp;<br \/>Size: 18.4 \u00d7 15.2 \u00d7 7.2 cm<br \/>&nbsp;<br \/>K\u00e9zi utas\u00edt\u00e1sok&nbsp;<br \/>&nbsp;<br \/>\ud83d\udcccA f\u0151szerepl\u0151 term\u00e9szete&nbsp;<br \/>&nbsp;<br \/>Introducing our proud collection named \u201cCyberangel\u201d you should not miss.&nbsp;<br \/>&nbsp;<br \/>&#8220;Cyberangel&#8221; is a futuristic, high-tech motorcycle introduced in one of the &#8220;Asphalt&#8221; games. Given the series&#8217; arcade-style racing gameplay and the inclusion of various vehicles, &#8220;Cyberangel&#8221; represents a cutting-edge and visually striking motorcycle designed to fit within the game&#8217;s futuristic or cyberpunk theme.<\/div>","protected":false},"excerpt":{"rendered":"<p>M\u00e1rka: JIESTAR<br \/>\nNem: Uniszex<br \/>\nKoroszt\u00e1ly: &gt; 6 \u00e9v<br \/>\nModel Number: 58052<br \/>\nBesorol\u00e1s: \u00d6sszeszerel\u00e9s<br \/>\nM\u0171anyag blokk forma: \u00f6nz\u00e1r\u00f3 t\u00e9gla<br \/>\nAnyaga: M\u0171anyag<br \/>\nM\u0171anyag t\u00edpus: ABS<br \/>\nBricks Blocks: 341 +<br \/>\nEredeti doboza nincs<\/p>","protected":false},"featured_media":49683,"comment_status":"open","ping_status":"closed","template":"","meta":{"_acf_changed":false},"product_cat":[1357,581,364,1408],"product_tag":[12501,2449,434,389,11080],"class_list":["product","first","instock","shipping-taxable","purchasable","product-type-simple"],"acf":[],"_links":{"self":[{"href":"https:\/\/mouldking.store\/hu\/wp-json\/wp\/v2\/product\/49689","targetHints":{"allow":["GET"]}}],"collection":[{"href":"https:\/\/mouldking.store\/hu\/wp-json\/wp\/v2\/product"}],"about":[{"href":"https:\/\/mouldking.store\/hu\/wp-json\/wp\/v2\/types\/product"}],"replies":[{"embeddable":true,"href":"https:\/\/mouldking.store\/hu\/wp-json\/wp\/v2\/comments?post=49689"}],"wp:featuredmedia":[{"embeddable":true,"href":"https:\/\/mouldking.store\/hu\/wp-json\/wp\/v2\/media\/49683"}],"wp:attachment":[{"href":"https:\/\/mouldking.store\/hu\/wp-json\/wp\/v2\/media?parent=49689"}],"wp:term":[{"taxonomy":"product_cat","embeddable":true,"href":"https:\/\/mouldking.store\/hu\/wp-json\/wp\/v2\/product_cat?post=49689"},{"taxonomy":"product_tag","embeddable":true,"href":"https:\/\/mouldking.store\/hu\/wp-json\/wp\/v2\/product_tag?post=49689"}],"curies":[{"name":"wp","href":"https:\/\/api.w.org\/{rel}","templated":true}]}}