{"id":49731,"date":"2023-08-25T09:49:44","date_gmt":"2023-08-25T02:49:44","guid":{"rendered":"https:\/\/mouldking.store\/shop\/moc-factory-89272-death-day-death-day-band-with-225-pieces\/"},"modified":"2025-12-16T20:59:27","modified_gmt":"2025-12-16T13:59:27","slug":"moc-factory-89272-death-day-death-day-band-with-225-pieces","status":"publish","type":"product","link":"https:\/\/mouldking.store\/hu\/shop\/moc-factory-89272-death-day-death-day-band-with-225-pieces\/","title":{"rendered":"MOC Factory 89272 Death Day Death Day Band with 225 Pieces"},"content":{"rendered":"<div>\u2705 MOC-89272 Death Day Death Day Band<\/p>\n<p>\u2705&#8221;Deathday,&#8221; formerly known as &#8220;Deathday Party,&#8221; is an experimental post-punk band based in Los Angeles. The band was formed in Santa Ana, California, in 2008 by brothers Alex Guill\u00e9n and Giovanni Guill\u00e9n. The band&#8217;s origins can be traced back to the late 1990s Santa Ana music scene.<\/p>\n<p>\ud83d\udeab FONTOS!<\/p>\n<p>Product Name: Death Day Death Day Band<\/p>\n<p>Kateg\u00f3ria: Alkot\u00f3<\/p>\n<p>This Kit Contains: C9654Y04<\/p>\n<p>225 pcs Good Quality Bricks<\/p>\n<p>Size: 9.9 x 9.8 x 26.6 cm<\/p>\n<p>Weight: 0.13 kg<\/p>\n<p>PDF \u00datmutat\u00f3<\/p>\n<p>\ud83d\udcccA f\u0151szerepl\u0151 term\u00e9szete<\/p>\n<p>Introducing our proud collection named \u201cDeath Day Death Day Band\u201d you should not miss.<\/p>\n<p>Experimental post-punk typically involves blending elements of traditional post-punk with avant-garde, experimental, or unconventional approaches to music. It often incorporates unique sounds, textures, and arrangements that go beyond the boundaries of traditional genres.<\/p><\/div>","protected":false},"excerpt":{"rendered":"<p>M\u00e1rka: MOC Factory<br \/>\nNem: Uniszex<br \/>\nKoroszt\u00e1ly: &gt; 6 \u00e9v<br \/>\nModel Number: 89272<br \/>\nBesorol\u00e1s: \u00d6sszeszerel\u00e9s<br \/>\nM\u0171anyag blokk forma: \u00f6nz\u00e1r\u00f3 t\u00e9gla<br \/>\nAnyaga: M\u0171anyag<br \/>\nM\u0171anyag t\u00edpus: ABS<br \/>\nBricks Blocks: 225 +<br \/>\nEredeti doboza nincs<\/p>","protected":false},"featured_media":49723,"comment_status":"open","ping_status":"closed","template":"","meta":{"_acf_changed":false},"product_cat":[1365,371],"product_tag":[12507,11072,8452,12506],"class_list":["product","first","instock","shipping-taxable","purchasable","product-type-simple"],"acf":[],"_links":{"self":[{"href":"https:\/\/mouldking.store\/hu\/wp-json\/wp\/v2\/product\/49731","targetHints":{"allow":["GET"]}}],"collection":[{"href":"https:\/\/mouldking.store\/hu\/wp-json\/wp\/v2\/product"}],"about":[{"href":"https:\/\/mouldking.store\/hu\/wp-json\/wp\/v2\/types\/product"}],"replies":[{"embeddable":true,"href":"https:\/\/mouldking.store\/hu\/wp-json\/wp\/v2\/comments?post=49731"}],"wp:featuredmedia":[{"embeddable":true,"href":"https:\/\/mouldking.store\/hu\/wp-json\/wp\/v2\/media\/49723"}],"wp:attachment":[{"href":"https:\/\/mouldking.store\/hu\/wp-json\/wp\/v2\/media?parent=49731"}],"wp:term":[{"taxonomy":"product_cat","embeddable":true,"href":"https:\/\/mouldking.store\/hu\/wp-json\/wp\/v2\/product_cat?post=49731"},{"taxonomy":"product_tag","embeddable":true,"href":"https:\/\/mouldking.store\/hu\/wp-json\/wp\/v2\/product_tag?post=49731"}],"curies":[{"name":"wp","href":"https:\/\/api.w.org\/{rel}","templated":true}]}}