{"id":49754,"date":"2023-08-25T09:50:53","date_gmt":"2023-08-25T02:50:53","guid":{"rendered":"https:\/\/mouldking.store\/shop\/moc-factory-152325-clawstrider-from-horizon-zero-dawn-forbidden-west-with-463-pieces\/"},"modified":"2025-12-16T20:59:27","modified_gmt":"2025-12-16T13:59:27","slug":"moc-factory-152325-clawstrider-from-horizon-zero-dawn-forbidden-west-with-463-pieces","status":"publish","type":"product","link":"https:\/\/mouldking.store\/hu\/shop\/moc-factory-152325-clawstrider-from-horizon-zero-dawn-forbidden-west-with-463-pieces\/","title":{"rendered":"MOC Factory 152325 Clawstrider from Horizon Zero Dawn Forbidden West with 463 Pieces"},"content":{"rendered":"<div>\u2705 MOC-152325 Clawstrider from Horizon Zero Dawn Forbidden West<\/p>\n<p>\u2705&#8221;Horizon Zero Dawn&#8221; is an action role-playing game developed by Guerrilla Games. It is set in a post-apocalyptic world where robotic creatures roam the landscape, and humanity has regressed to a tribal society.<\/p>\n<p>\ud83d\udeab FONTOS!<\/p>\n<p>Product Name: Clawstrider from Horizon Zero Dawn Forbidden West<\/p>\n<p>Kateg\u00f3ria: Film<\/p>\n<p>This Kit Contains: C9658<\/p>\n<p>463&nbsp; pcs Good Quality Bricks<\/p>\n<p>Size:&nbsp; 24 x 10 x 20 cm<\/p>\n<p>Weight: 0.17 kg<\/p>\n<p>PDF \u00datmutat\u00f3<\/p>\n<p>\ud83d\udcccA f\u0151szerepl\u0151 term\u00e9szete<\/p>\n<p>Introducing our proud collection named \u201cClawstrider from Horizon Zero Dawn Forbidden West\u201d you should not miss.<\/p>\n<p>The game features a variety of robotic creatures known as &#8220;machines.&#8221; These machines come in different sizes and types, ranging from small, animal-like creatures to larger, more formidable ones. &#8220;Horizon Zero Dawn: Forbidden West&#8221; is the sequel to the original game, set to continue the story of Aloy, the protagonist, as she explores new regions and faces new challenges. The game is expected to introduce new machines and creatures for players to encounter and engage with.<\/p><\/div>","protected":false},"excerpt":{"rendered":"<p>M\u00e1rka: MOC Factory<br \/>\nNem: Uniszex<br \/>\nKoroszt\u00e1ly: &gt; 6 \u00e9v<br \/>\nModel Number: 152325<br \/>\nBesorol\u00e1s: \u00d6sszeszerel\u00e9s<br \/>\nM\u0171anyag blokk forma: \u00f6nz\u00e1r\u00f3 t\u00e9gla<br \/>\nAnyaga: M\u0171anyag<br \/>\nM\u0171anyag t\u00edpus: ABS<br \/>\nT\u00e9gla blokkok: 463 +<br \/>\nEredeti doboza nincs<\/p>","protected":false},"featured_media":49748,"comment_status":"open","ping_status":"closed","template":"","meta":{"_acf_changed":false},"product_cat":[1365,371,581,1408],"product_tag":[12509,11072,8452,9009,9815,8168,434,8965,9008],"class_list":["product","first","instock","shipping-taxable","purchasable","product-type-simple"],"acf":[],"_links":{"self":[{"href":"https:\/\/mouldking.store\/hu\/wp-json\/wp\/v2\/product\/49754","targetHints":{"allow":["GET"]}}],"collection":[{"href":"https:\/\/mouldking.store\/hu\/wp-json\/wp\/v2\/product"}],"about":[{"href":"https:\/\/mouldking.store\/hu\/wp-json\/wp\/v2\/types\/product"}],"replies":[{"embeddable":true,"href":"https:\/\/mouldking.store\/hu\/wp-json\/wp\/v2\/comments?post=49754"}],"wp:featuredmedia":[{"embeddable":true,"href":"https:\/\/mouldking.store\/hu\/wp-json\/wp\/v2\/media\/49748"}],"wp:attachment":[{"href":"https:\/\/mouldking.store\/hu\/wp-json\/wp\/v2\/media?parent=49754"}],"wp:term":[{"taxonomy":"product_cat","embeddable":true,"href":"https:\/\/mouldking.store\/hu\/wp-json\/wp\/v2\/product_cat?post=49754"},{"taxonomy":"product_tag","embeddable":true,"href":"https:\/\/mouldking.store\/hu\/wp-json\/wp\/v2\/product_tag?post=49754"}],"curies":[{"name":"wp","href":"https:\/\/api.w.org\/{rel}","templated":true}]}}