{"id":49761,"date":"2023-08-25T09:54:55","date_gmt":"2023-08-25T02:54:55","guid":{"rendered":"https:\/\/mouldking.store\/shop\/wange-5240-namdaemun-seoul-korea-with-900-pieces\/"},"modified":"2023-08-25T09:54:55","modified_gmt":"2023-08-25T02:54:55","slug":"wange-5240-namdaemun-seoul-korea-with-900-pieces","status":"publish","type":"product","link":"https:\/\/mouldking.store\/hu\/shop\/wange-5240-namdaemun-seoul-korea-with-900-pieces\/","title":{"rendered":"WANGE 5240 Namdaemun Seoul Korea with 900 Pieces"},"content":{"rendered":"<div>\u2705 Wange 5240 Namdaemun Seoul Korea<br \/>&nbsp;<br \/>\u2705Namdaemun, also known as Sungnyemun, is a historic gate located in Seoul, South Korea. It is one of the Eight Gates of Seoul, which were once part of the city&#8217;s fortress wall during the Joseon Dynasty.&nbsp;<br \/>&nbsp;<br \/>\ud83d\udeab FONTOS!&nbsp;<br \/>&nbsp;<br \/>Product Name: Namdaemun Seoul Korea<br \/>&nbsp;<br \/>Kateg\u00f3ria: Modul\u00e1ris \u00e9p\u00fclet<br \/>&nbsp;<br \/>This Kit Contains: Wange 5240<br \/>&nbsp;<br \/>900 db j\u00f3 min\u0151s\u00e9g\u0171 t\u00e9gla&nbsp;<br \/>&nbsp;<br \/>Size: 33.6 \u00d7 24 \u00d7 18.2 cm<br \/>&nbsp;<br \/>K\u00e9zi utas\u00edt\u00e1sok&nbsp;<br \/>&nbsp;<br \/>\ud83d\udcccA f\u0151szerepl\u0151 term\u00e9szete&nbsp;<br \/>&nbsp;<br \/>Introducing our proud collection named \u201cNamdaemun Seoul Korea\u201d you should not miss.&nbsp;<br \/>&nbsp;<br \/>Namdaemun is situated in the heart of Seoul, near the city&#8217;s bustling downtown area. It stands as a historic landmark amidst modern urban surroundings. The gate was originally built in 1398 during the early years of the Joseon Dynasty. It served as the southern gate of the fortress wall that surrounded the city of Seoul.&nbsp; Namdaemun is an example of traditional Korean architectural style and craftsmanship. It features a large wooden gate with a multi-tiered roof and intricate wooden carvings.<\/div>","protected":false},"excerpt":{"rendered":"<p>M\u00e1rka: WANGE<br \/>\nNem: Uniszex<br \/>\nKoroszt\u00e1ly: &gt; 6 \u00e9v<br \/>\nModel Number: 5240<br \/>\nBesorol\u00e1s: \u00d6sszeszerel\u00e9s<br \/>\nM\u0171anyag blokk forma: \u00f6nz\u00e1r\u00f3 t\u00e9gla<br \/>\nAnyaga: M\u0171anyag<br \/>\nM\u0171anyag t\u00edpus: ABS<br \/>\nT\u00e9gla T\u00e9gla: 900+<br \/>\nEredeti doboza nincs<\/p>","protected":false},"featured_media":49755,"comment_status":"open","ping_status":"closed","template":"","meta":{"_acf_changed":false},"product_cat":[1365,1395,1502,390],"product_tag":[11260,4883,8452,12512,392,12510,12511],"class_list":["product","first","instock","shipping-taxable","purchasable","product-type-simple"],"acf":[],"_links":{"self":[{"href":"https:\/\/mouldking.store\/hu\/wp-json\/wp\/v2\/product\/49761","targetHints":{"allow":["GET"]}}],"collection":[{"href":"https:\/\/mouldking.store\/hu\/wp-json\/wp\/v2\/product"}],"about":[{"href":"https:\/\/mouldking.store\/hu\/wp-json\/wp\/v2\/types\/product"}],"replies":[{"embeddable":true,"href":"https:\/\/mouldking.store\/hu\/wp-json\/wp\/v2\/comments?post=49761"}],"wp:featuredmedia":[{"embeddable":true,"href":"https:\/\/mouldking.store\/hu\/wp-json\/wp\/v2\/media\/49755"}],"wp:attachment":[{"href":"https:\/\/mouldking.store\/hu\/wp-json\/wp\/v2\/media?parent=49761"}],"wp:term":[{"taxonomy":"product_cat","embeddable":true,"href":"https:\/\/mouldking.store\/hu\/wp-json\/wp\/v2\/product_cat?post=49761"},{"taxonomy":"product_tag","embeddable":true,"href":"https:\/\/mouldking.store\/hu\/wp-json\/wp\/v2\/product_tag?post=49761"}],"curies":[{"name":"wp","href":"https:\/\/api.w.org\/{rel}","templated":true}]}}