{"id":49868,"date":"2023-08-25T10:11:23","date_gmt":"2023-08-25T03:11:23","guid":{"rendered":"https:\/\/mouldking.store\/shop\/pantasy-56007-classical-grape-juice-shop-with-337-pieces\/"},"modified":"2023-08-25T10:11:23","modified_gmt":"2023-08-25T03:11:23","slug":"pantasy-56007-classical-grape-juice-shop-with-337-pieces","status":"publish","type":"product","link":"https:\/\/mouldking.store\/hu\/shop\/pantasy-56007-classical-grape-juice-shop-with-337-pieces\/","title":{"rendered":"Pantasy 56007 Classical Grape Juice Shop with 337 Pieces"},"content":{"rendered":"<div>\u2705Pantasy 56007 Classical Grape Juice Shop<br \/>&nbsp;<br \/>\u2705A classical grape juice shop would be a charming and inviting establishment that specializes in serving a variety of grape-based beverages, celebrating the natural sweetness and flavors of grapes.&nbsp;<br \/>&nbsp;<br \/>\ud83d\udeab FONTOS!&nbsp;<br \/>&nbsp;<br \/>Product Name: Classical Grape Juice Shop<br \/>&nbsp;<br \/>Kateg\u00f3ria: Alkot\u00f3&nbsp;<br \/>&nbsp;<br \/>This Kit Contains: Pantasy 56007<br \/>&nbsp;<br \/>337 pcs Good Quality Bricks&nbsp;<br \/>&nbsp;<br \/>Size: 11.6 \u00d7 12.7 \u00d7 17.2 cm<br \/>&nbsp;<br \/>K\u00e9zi utas\u00edt\u00e1sok&nbsp;<br \/>&nbsp;<br \/>\ud83d\udcccA f\u0151szerepl\u0151 term\u00e9szete&nbsp;<br \/>&nbsp;<br \/>Introducing our proud collection named \u201cClassical Grape Juice Shop\u201d you should not miss.&nbsp;<br \/>&nbsp;<br \/>&nbsp;The shop&#8217;s decor could feature grapevine motifs, vineyard-inspired elements, and colors that evoke the rich hues of grapes. Classic wooden furniture, like rustic tables and chairs, would create a warm and welcoming atmosphere reminiscent of traditional establishments. The shop might offer a selection of grape juices made from different grape varieties, including red, green, and black grapes.<\/div>","protected":false},"excerpt":{"rendered":"<p>M\u00e1rka: Pantasy<br \/>\nNem: Uniszex<br \/>\nKoroszt\u00e1ly: &gt; 6 \u00e9v<br \/>\nModel Number: 56007<br \/>\nBesorol\u00e1s: \u00d6sszeszerel\u00e9s<br \/>\nM\u0171anyag blokk forma: \u00f6nz\u00e1r\u00f3 t\u00e9gla<br \/>\nAnyaga: M\u0171anyag<br \/>\nM\u0171anyag t\u00edpus: ABS<br \/>\nBricks Blocks: 337 +<br \/>\nEredeti doboza nincs<\/p>","protected":false},"featured_media":49864,"comment_status":"open","ping_status":"closed","template":"","meta":{"_acf_changed":false},"product_cat":[1365,1395,371,390],"product_tag":[12535,11072,8452,12538,12539,392,1711],"class_list":["product","first","instock","shipping-taxable","purchasable","product-type-simple"],"acf":[],"_links":{"self":[{"href":"https:\/\/mouldking.store\/hu\/wp-json\/wp\/v2\/product\/49868","targetHints":{"allow":["GET"]}}],"collection":[{"href":"https:\/\/mouldking.store\/hu\/wp-json\/wp\/v2\/product"}],"about":[{"href":"https:\/\/mouldking.store\/hu\/wp-json\/wp\/v2\/types\/product"}],"replies":[{"embeddable":true,"href":"https:\/\/mouldking.store\/hu\/wp-json\/wp\/v2\/comments?post=49868"}],"wp:featuredmedia":[{"embeddable":true,"href":"https:\/\/mouldking.store\/hu\/wp-json\/wp\/v2\/media\/49864"}],"wp:attachment":[{"href":"https:\/\/mouldking.store\/hu\/wp-json\/wp\/v2\/media?parent=49868"}],"wp:term":[{"taxonomy":"product_cat","embeddable":true,"href":"https:\/\/mouldking.store\/hu\/wp-json\/wp\/v2\/product_cat?post=49868"},{"taxonomy":"product_tag","embeddable":true,"href":"https:\/\/mouldking.store\/hu\/wp-json\/wp\/v2\/product_tag?post=49868"}],"curies":[{"name":"wp","href":"https:\/\/api.w.org\/{rel}","templated":true}]}}