{"id":49975,"date":"2023-08-30T18:10:12","date_gmt":"2023-08-30T11:10:12","guid":{"rendered":"https:\/\/mouldking.store\/shop\/moc-factory-89266-murder-drone-uzi-with-399-pieces\/"},"modified":"2025-12-16T20:59:27","modified_gmt":"2025-12-16T13:59:27","slug":"moc-factory-89266-murder-drone-uzi-with-399-pieces","status":"publish","type":"product","link":"https:\/\/mouldking.store\/hu\/shop\/moc-factory-89266-murder-drone-uzi-with-399-pieces\/","title":{"rendered":"MOC Factory 89266 Murder Drone Uzi with 399 Pieces"},"content":{"rendered":"<div>\u2705 MOC-89266 Murder Drone Uzi<\/p>\n<p>\ud83d\udeab FONTOS!<\/p>\n<p>Product Name: Murder Drone Uzi<\/p>\n<p>Kateg\u00f3ria: Film<\/p>\n<p>This Kit Contains: C9636<\/p>\n<p>399&nbsp; pcs Good Quality Bricks<\/p>\n<p>Size: 22.7 x 30.4 x 24 cm<\/p>\n<p>S\u00faly: 0,15 kg<\/p>\n<p>PDF \u00datmutat\u00f3<\/p>\n<p>\ud83d\udcccA f\u0151szerepl\u0151 term\u00e9szete<\/p>\n<p>Introducing our proud collection named \u201cMurder Drone Uzi\u201d you should not miss.<\/p>\n<p>Uzi Doorman is the main protagonist and primary anti-heroine of Murder Drones. She is a self-described &#8220;angsty teen&#8221; with &#8220;crippling daddy issues&#8221;, who stands out from the rest of her fellow Worker Drones due to her belief(s) that they should fight back against not only the Disassembly Drones who hunt them, but also against their parent company JCJenson and all of humanity due to sending the former to exterminate them.<\/p><\/div>","protected":false},"excerpt":{"rendered":"<p>M\u00e1rka: MOC Factory<br \/>\nNem: Uniszex<br \/>\nKoroszt\u00e1ly: &gt; 6 \u00e9v<br \/>\nModel Number: 89266<br \/>\nBesorol\u00e1s: \u00d6sszeszerel\u00e9s<br \/>\nM\u0171anyag blokk forma: \u00f6nz\u00e1r\u00f3 t\u00e9gla<br \/>\nAnyaga: M\u0171anyag<br \/>\nM\u0171anyag t\u00edpus: ABS<br \/>\nBricks Blocks: 399 +<br \/>\nEredeti doboza nincs<\/p>","protected":false},"featured_media":49967,"comment_status":"open","ping_status":"closed","template":"","meta":{"_acf_changed":false},"product_cat":[1365,371,581,1408],"product_tag":[11072,8452,11691,434,11690,12291],"class_list":["product","first","instock","shipping-taxable","purchasable","product-type-simple"],"acf":[],"_links":{"self":[{"href":"https:\/\/mouldking.store\/hu\/wp-json\/wp\/v2\/product\/49975","targetHints":{"allow":["GET"]}}],"collection":[{"href":"https:\/\/mouldking.store\/hu\/wp-json\/wp\/v2\/product"}],"about":[{"href":"https:\/\/mouldking.store\/hu\/wp-json\/wp\/v2\/types\/product"}],"replies":[{"embeddable":true,"href":"https:\/\/mouldking.store\/hu\/wp-json\/wp\/v2\/comments?post=49975"}],"wp:featuredmedia":[{"embeddable":true,"href":"https:\/\/mouldking.store\/hu\/wp-json\/wp\/v2\/media\/49967"}],"wp:attachment":[{"href":"https:\/\/mouldking.store\/hu\/wp-json\/wp\/v2\/media?parent=49975"}],"wp:term":[{"taxonomy":"product_cat","embeddable":true,"href":"https:\/\/mouldking.store\/hu\/wp-json\/wp\/v2\/product_cat?post=49975"},{"taxonomy":"product_tag","embeddable":true,"href":"https:\/\/mouldking.store\/hu\/wp-json\/wp\/v2\/product_tag?post=49975"}],"curies":[{"name":"wp","href":"https:\/\/api.w.org\/{rel}","templated":true}]}}