{"id":49995,"date":"2023-08-30T18:11:49","date_gmt":"2023-08-30T11:11:49","guid":{"rendered":"https:\/\/mouldking.store\/shop\/small-angle-jd002-dragon-motorcycle-with-467-pieces\/"},"modified":"2023-08-30T18:11:49","modified_gmt":"2023-08-30T11:11:49","slug":"small-angle-jd002-dragon-motorcycle-with-467-pieces","status":"publish","type":"product","link":"https:\/\/mouldking.store\/hu\/shop\/small-angle-jd002-dragon-motorcycle-with-467-pieces\/","title":{"rendered":"Small Angle JD002 Dragon Motorcycle with 467 Pieces"},"content":{"rendered":"<div>\u2705 Small Angle JD002 Dragon Motorcycle<br \/>&nbsp;<br \/>\ud83d\udeab FONTOS!&nbsp;<br \/>&nbsp;<br \/>Product Name: Dragon Motorcycle<br \/>&nbsp;<br \/>Kateg\u00f3ria: Alkot\u00f3&nbsp;<br \/>&nbsp;<br \/>This Kit Contains:&nbsp; Small Angle JD002<br \/>&nbsp;<br \/>467 pcs Good Quality Bricks&nbsp;<br \/>&nbsp;<br \/>Size:&nbsp; 28 \u00d7 12 \u00d7 16 cm<br \/>&nbsp;<br \/>K\u00e9zi utas\u00edt\u00e1sok&nbsp;<br \/>&nbsp;<br \/>\ud83d\udcccA f\u0151szerepl\u0151 term\u00e9szete&nbsp;<br \/>&nbsp;<br \/>Introducing our proud collection named \u201cDragon Motorcycle\u201d you should not miss.&nbsp;<br \/>&nbsp;<br \/>Harley Motorcycle (Dragon Motorcycle) belongs to the theme series of building block sets. The entire set contains 467 building block particles. First release in 2023.<\/div>","protected":false},"excerpt":{"rendered":"<p>Brand: Small Angle<br \/>\nNem: Uniszex<br \/>\nKoroszt\u00e1ly: &gt; 6 \u00e9v<br \/>\nModel Number: JD002<br \/>\nBesorol\u00e1s: \u00d6sszeszerel\u00e9s<br \/>\nM\u0171anyag blokk forma: \u00f6nz\u00e1r\u00f3 t\u00e9gla<br \/>\nAnyaga: M\u0171anyag<br \/>\nM\u0171anyag t\u00edpus: ABS<br \/>\nBricks Blocks: 467 +<br \/>\nEredeti doboza nincs<\/p>","protected":false},"featured_media":49992,"comment_status":"open","ping_status":"closed","template":"","meta":{"_acf_changed":false},"product_cat":[1365,1357,371,364],"product_tag":[11072,8452,1771,2449,389],"class_list":["product","first","instock","shipping-taxable","purchasable","product-type-simple"],"acf":[],"_links":{"self":[{"href":"https:\/\/mouldking.store\/hu\/wp-json\/wp\/v2\/product\/49995","targetHints":{"allow":["GET"]}}],"collection":[{"href":"https:\/\/mouldking.store\/hu\/wp-json\/wp\/v2\/product"}],"about":[{"href":"https:\/\/mouldking.store\/hu\/wp-json\/wp\/v2\/types\/product"}],"replies":[{"embeddable":true,"href":"https:\/\/mouldking.store\/hu\/wp-json\/wp\/v2\/comments?post=49995"}],"wp:featuredmedia":[{"embeddable":true,"href":"https:\/\/mouldking.store\/hu\/wp-json\/wp\/v2\/media\/49992"}],"wp:attachment":[{"href":"https:\/\/mouldking.store\/hu\/wp-json\/wp\/v2\/media?parent=49995"}],"wp:term":[{"taxonomy":"product_cat","embeddable":true,"href":"https:\/\/mouldking.store\/hu\/wp-json\/wp\/v2\/product_cat?post=49995"},{"taxonomy":"product_tag","embeddable":true,"href":"https:\/\/mouldking.store\/hu\/wp-json\/wp\/v2\/product_tag?post=49995"}],"curies":[{"name":"wp","href":"https:\/\/api.w.org\/{rel}","templated":true}]}}