{"id":49999,"date":"2023-08-30T18:12:18","date_gmt":"2023-08-30T11:12:18","guid":{"rendered":"https:\/\/mouldking.store\/shop\/small-angle-jd003-dragon-motorcycle-with-716-pieces\/"},"modified":"2023-08-30T18:12:18","modified_gmt":"2023-08-30T11:12:18","slug":"small-angle-jd003-dragon-motorcycle-with-716-pieces","status":"publish","type":"product","link":"https:\/\/mouldking.store\/hu\/shop\/small-angle-jd003-dragon-motorcycle-with-716-pieces\/","title":{"rendered":"Small Angle JD003 Dragon Motorcycle with 716 Pieces"},"content":{"rendered":"<div>\u2705 Small Angle JD003 Dragon Motorcycle<br \/>&nbsp;<br \/>\ud83d\udeab FONTOS!&nbsp;<br \/>&nbsp;<br \/>Product Name: Dragon Motorcycle<br \/>&nbsp;<br \/>Kateg\u00f3ria: Alkot\u00f3&nbsp;<br \/>&nbsp;<br \/>This Kit Contains:&nbsp; Small Angle JD003&nbsp;<br \/>&nbsp;<br \/>716 db J\u00f3 min\u0151s\u00e9g\u0171 t\u00e9gla&nbsp;<br \/>&nbsp;<br \/>Size: 29 \u00d7 14 \u00d7 19 cm<br \/>&nbsp;<br \/>K\u00e9zi utas\u00edt\u00e1sok&nbsp;<br \/>&nbsp;<br \/>\ud83d\udcccA f\u0151szerepl\u0151 term\u00e9szete&nbsp;<br \/>&nbsp;<br \/>Introducing our proud collection named \u201cDragon Motorcycle\u201d you should not miss.&nbsp;<br \/>&nbsp;<br \/>Wukong Motorcycle (Dragon Motobcycle) belongs to the theme series of building block sets. The entire set contains 716 building block particles. First release in 2023.<\/div>","protected":false},"excerpt":{"rendered":"<p>Brand: Small Angle<br \/>\nNem: Uniszex<br \/>\nKoroszt\u00e1ly: &gt; 6 \u00e9v<br \/>\nModel Number: JD003<br \/>\nBesorol\u00e1s: \u00d6sszeszerel\u00e9s<br \/>\nM\u0171anyag blokk forma: \u00f6nz\u00e1r\u00f3 t\u00e9gla<br \/>\nAnyaga: M\u0171anyag<br \/>\nM\u0171anyag t\u00edpus: ABS<br \/>\nT\u00e9gla T\u00e9gla: 716 +<br \/>\nEredeti doboza nincs<\/p>","protected":false},"author":83,"featured_media":49996,"comment_status":"open","ping_status":"closed","template":"","meta":{"_acf_changed":false},"product_cat":[1365,1357,371,364],"product_tag":[11072,8452,1771,2449,389],"class_list":["product","first","instock","shipping-taxable","purchasable","product-type-simple"],"acf":[],"_links":{"self":[{"href":"https:\/\/mouldking.store\/hu\/wp-json\/wp\/v2\/product\/49999","targetHints":{"allow":["GET"]}}],"collection":[{"href":"https:\/\/mouldking.store\/hu\/wp-json\/wp\/v2\/product"}],"about":[{"href":"https:\/\/mouldking.store\/hu\/wp-json\/wp\/v2\/types\/product"}],"author":[{"embeddable":true,"href":"https:\/\/mouldking.store\/hu\/wp-json\/wp\/v2\/users\/83"}],"replies":[{"embeddable":true,"href":"https:\/\/mouldking.store\/hu\/wp-json\/wp\/v2\/comments?post=49999"}],"wp:featuredmedia":[{"embeddable":true,"href":"https:\/\/mouldking.store\/hu\/wp-json\/wp\/v2\/media\/49996"}],"wp:attachment":[{"href":"https:\/\/mouldking.store\/hu\/wp-json\/wp\/v2\/media?parent=49999"}],"wp:term":[{"taxonomy":"product_cat","embeddable":true,"href":"https:\/\/mouldking.store\/hu\/wp-json\/wp\/v2\/product_cat?post=49999"},{"taxonomy":"product_tag","embeddable":true,"href":"https:\/\/mouldking.store\/hu\/wp-json\/wp\/v2\/product_tag?post=49999"}],"curies":[{"name":"wp","href":"https:\/\/api.w.org\/{rel}","templated":true}]}}