{"id":50034,"date":"2023-08-30T18:15:32","date_gmt":"2023-08-30T11:15:32","guid":{"rendered":"https:\/\/mouldking.store\/shop\/zhegao-00423-harbour-restaurant-with-2093-pieces\/"},"modified":"2023-08-30T18:15:32","modified_gmt":"2023-08-30T11:15:32","slug":"zhegao-00423-harbour-restaurant-with-2093-pieces","status":"publish","type":"product","link":"https:\/\/mouldking.store\/hu\/shop\/zhegao-00423-harbour-restaurant-with-2093-pieces\/","title":{"rendered":"ZHEGAO 00423 Harbour Restaurant with 2093 Pieces"},"content":{"rendered":"<div>\u2705 ZHEGAO 00423 Harbour Restaurant<br \/>&nbsp;<br \/>\u2705Harbour Restaurant&#8221; is a restaurant located near a harbor or waterfront area. There are many restaurants around the world that have variations of &#8220;Harbour Restaurant&#8221; in their names, and they can offer a range of dining experiences, cuisines, and atmospheres.&nbsp;<br \/>&nbsp;<br \/>\ud83d\udeab FONTOS!&nbsp;<br \/>&nbsp;<br \/>Product Name: Harbour Restaurant<br \/>&nbsp;<br \/>Kateg\u00f3ria: Alkot\u00f3&nbsp;<br \/>&nbsp;<br \/>This Kit Contains: ZHEGAO 00423<br \/>&nbsp;<br \/>2093 pcs Good Quality Bricks&nbsp;<br \/>&nbsp;<br \/>Size: 20.4 \u00d7 20.4 \u00d7 19.68 cm<br \/>&nbsp;<br \/>K\u00e9zi utas\u00edt\u00e1sok&nbsp;<br \/>&nbsp;<br \/>\ud83d\udcccA f\u0151szerepl\u0151 term\u00e9szete&nbsp;<br \/>&nbsp;<br \/>Introducing our proud collection named \u201cHarbour Restaurant\u201d you should not miss.&nbsp;<br \/>&nbsp;<br \/>Many harbor restaurants specialize in seafood dishes due to their proximity to the water. Fresh catches from the sea might be a highlight of the menu. Restaurants in harbor areas often have a relaxed and casual atmosphere to reflect the laid-back vibe of coastal life. The interior decor might include nautical elements such as ropes, anchors, shells, and other maritime-inspired design elements.<\/div>","protected":false},"excerpt":{"rendered":"<p>M\u00e1rka: ZHEGAO<br \/>\nNem: Uniszex<br \/>\nKoroszt\u00e1ly: &gt; 6 \u00e9v<br \/>\nModel Number: 00423<br \/>\nBesorol\u00e1s: \u00d6sszeszerel\u00e9s<br \/>\nM\u0171anyag blokk forma: \u00f6nz\u00e1r\u00f3 t\u00e9gla<br \/>\nAnyaga: M\u0171anyag<br \/>\nM\u0171anyag t\u00edpus: ABS<br \/>\nBricks Blocks: 2093 +<br \/>\nEredeti doboza nincs<\/p>","protected":false},"featured_media":50028,"comment_status":"open","ping_status":"closed","template":"","meta":{"_acf_changed":false},"product_cat":[1365,1395,371,390],"product_tag":[11072,8452,11164,392,2870],"class_list":["product","first","instock","shipping-taxable","purchasable","product-type-simple"],"acf":[],"_links":{"self":[{"href":"https:\/\/mouldking.store\/hu\/wp-json\/wp\/v2\/product\/50034","targetHints":{"allow":["GET"]}}],"collection":[{"href":"https:\/\/mouldking.store\/hu\/wp-json\/wp\/v2\/product"}],"about":[{"href":"https:\/\/mouldking.store\/hu\/wp-json\/wp\/v2\/types\/product"}],"replies":[{"embeddable":true,"href":"https:\/\/mouldking.store\/hu\/wp-json\/wp\/v2\/comments?post=50034"}],"wp:featuredmedia":[{"embeddable":true,"href":"https:\/\/mouldking.store\/hu\/wp-json\/wp\/v2\/media\/50028"}],"wp:attachment":[{"href":"https:\/\/mouldking.store\/hu\/wp-json\/wp\/v2\/media?parent=50034"}],"wp:term":[{"taxonomy":"product_cat","embeddable":true,"href":"https:\/\/mouldking.store\/hu\/wp-json\/wp\/v2\/product_cat?post=50034"},{"taxonomy":"product_tag","embeddable":true,"href":"https:\/\/mouldking.store\/hu\/wp-json\/wp\/v2\/product_tag?post=50034"}],"curies":[{"name":"wp","href":"https:\/\/api.w.org\/{rel}","templated":true}]}}