{"id":50040,"date":"2023-08-30T18:16:03","date_gmt":"2023-08-30T11:16:03","guid":{"rendered":"https:\/\/mouldking.store\/shop\/zhegao-00421-fishmans-wharf-with-2046-pieces\/"},"modified":"2023-08-30T18:16:03","modified_gmt":"2023-08-30T11:16:03","slug":"zhegao-00421-fishmans-wharf-with-2046-pieces","status":"publish","type":"product","link":"https:\/\/mouldking.store\/hu\/shop\/zhegao-00421-fishmans-wharf-with-2046-pieces\/","title":{"rendered":"ZHEGAO 00421 Fishman&#8217;s Wharf with 2046 Pieces"},"content":{"rendered":"<div>\u2705 ZHEGAO 00421 Fishman&#8217;s Wharf<br \/>&nbsp;<br \/>\u2705Fisherman&#8217;s Wharf is a popular tourist destination located in San Francisco, California, USA. It&#8217;s a historic waterfront area known for its vibrant atmosphere, seafood restaurants, shops, and various attractions.<br \/>&nbsp;<br \/>\ud83d\udeab FONTOS!&nbsp;<br \/>&nbsp;<br \/>Product Name: Fishman&#8217;s Wharf<br \/>&nbsp;<br \/>Kateg\u00f3ria: Alkot\u00f3&nbsp;<br \/>&nbsp;<br \/>This Kit Contains: ZHEGAO 00421&nbsp;<br \/>&nbsp;<br \/>2046 pcs Good Quality Bricks&nbsp;<br \/>&nbsp;<br \/>Size: 21.9 \u00d7 20.8 \u00d7 21.3 cm<br \/>&nbsp;<br \/>K\u00e9zi utas\u00edt\u00e1sok&nbsp;<br \/>&nbsp;<br \/>\ud83d\udcccA f\u0151szerepl\u0151 term\u00e9szete&nbsp;<br \/>&nbsp;<br \/>Introducing our proud collection named \u201cFishman&#8217;s Wharf\u201d you should not miss.&nbsp;<br \/>&nbsp;<br \/>Fisherman&#8217;s Wharf is situated along the northern waterfront of San Francisco, extending from Pier 39 to Ghirardelli Square. It&#8217;s close to other notable landmarks like Alcatraz Island and the Golden Gate Bridge. The area is renowned for its seafood restaurants, offering a wide variety of dishes featuring fresh catches from the ocean. Clam chowder served in sourdough bread bowls is a particularly popular item. Fisherman&#8217;s Wharf has a rich history dating back to the mid-19th century when it was a center of fishing and maritime activity. While the fishing industry has diminished over the years, the area still retains its historical charm.<\/div>","protected":false},"excerpt":{"rendered":"<p>M\u00e1rka: ZHEGAO<br \/>\nNem: Uniszex<br \/>\nKoroszt\u00e1ly: &gt; 6 \u00e9v<br \/>\nModel Number: 00421<br \/>\nBesorol\u00e1s: \u00d6sszeszerel\u00e9s<br \/>\nM\u0171anyag blokk forma: \u00f6nz\u00e1r\u00f3 t\u00e9gla<br \/>\nAnyaga: M\u0171anyag<br \/>\nM\u0171anyag t\u00edpus: ABS<br \/>\nBricks Blocks: 2046 +<br \/>\nEredeti doboza nincs<\/p>","protected":false},"featured_media":50035,"comment_status":"open","ping_status":"closed","template":"","meta":{"_acf_changed":false},"product_cat":[1365,1395,371,390],"product_tag":[11072,8452,12576,12574,392,12575],"class_list":["product","first","instock","shipping-taxable","purchasable","product-type-simple"],"acf":[],"_links":{"self":[{"href":"https:\/\/mouldking.store\/hu\/wp-json\/wp\/v2\/product\/50040","targetHints":{"allow":["GET"]}}],"collection":[{"href":"https:\/\/mouldking.store\/hu\/wp-json\/wp\/v2\/product"}],"about":[{"href":"https:\/\/mouldking.store\/hu\/wp-json\/wp\/v2\/types\/product"}],"replies":[{"embeddable":true,"href":"https:\/\/mouldking.store\/hu\/wp-json\/wp\/v2\/comments?post=50040"}],"wp:featuredmedia":[{"embeddable":true,"href":"https:\/\/mouldking.store\/hu\/wp-json\/wp\/v2\/media\/50035"}],"wp:attachment":[{"href":"https:\/\/mouldking.store\/hu\/wp-json\/wp\/v2\/media?parent=50040"}],"wp:term":[{"taxonomy":"product_cat","embeddable":true,"href":"https:\/\/mouldking.store\/hu\/wp-json\/wp\/v2\/product_cat?post=50040"},{"taxonomy":"product_tag","embeddable":true,"href":"https:\/\/mouldking.store\/hu\/wp-json\/wp\/v2\/product_tag?post=50040"}],"curies":[{"name":"wp","href":"https:\/\/api.w.org\/{rel}","templated":true}]}}