{"id":50095,"date":"2023-08-30T18:25:46","date_gmt":"2023-08-30T11:25:46","guid":{"rendered":"https:\/\/mouldking.store\/shop\/wange-5222-tsinghua-campus-beijing-china-with-986-pieces\/"},"modified":"2023-08-30T18:25:46","modified_gmt":"2023-08-30T11:25:46","slug":"wange-5222-tsinghua-campus-beijing-china-with-986-pieces","status":"publish","type":"product","link":"https:\/\/mouldking.store\/hu\/shop\/wange-5222-tsinghua-campus-beijing-china-with-986-pieces\/","title":{"rendered":"WANGE 5222 Tsinghua Campus Beijing China with 986 Pieces"},"content":{"rendered":"<div>\u2705 Wange 5222 Tsinghua Campus Beijing China<br \/>&nbsp;<br \/>\u2705Tsinghua University is a prestigious research university located in Beijing, China. It is known for its academic excellence, research contributions, and beautiful campus. Tsinghua University&#8217;s campus is situated in the northwestern part of Beijing, near the Summer Palace and the Yuanmingyuan Park.<br \/>&nbsp;<br \/>\ud83d\udeab FONTOS!&nbsp;<br \/>&nbsp;<br \/>Product Name: Tsinghua Campus Beijing China<br \/>&nbsp;<br \/>Kateg\u00f3ria: Modul\u00e1ris \u00e9p\u00fclet<br \/>&nbsp;<br \/>This Kit Contains: Wange 5222<br \/>&nbsp;<br \/>986 pcs Good Quality Bricks&nbsp;<br \/>&nbsp;<br \/>K\u00e9zi utas\u00edt\u00e1sok&nbsp;<br \/>&nbsp;<br \/>\ud83d\udcccA f\u0151szerepl\u0151 term\u00e9szete&nbsp;<br \/>&nbsp;<br \/>Introducing our proud collection named \u201cTsinghua Campus Beijing China\u201d you should not miss.&nbsp;<br \/>&nbsp;<br \/>The campus covers a significant area and is known for its lush greenery, gardens, and scenic landscapes. It provides a peaceful and conducive environment for learning and research.&nbsp; Tsinghua University was established in 1911 and has a rich history as one of China&#8217;s leading institutions of higher education. The campus has witnessed many historical events and changes over the years. The campus features a blend of traditional Chinese architectural elements and modern designs. It includes beautiful buildings, courtyards, and academic halls that reflect the university&#8217;s cultural heritage.<\/div>","protected":false},"excerpt":{"rendered":"<p>M\u00e1rka: WANGE<br \/>\nNem: Uniszex<br \/>\nKoroszt\u00e1ly: &gt; 6 \u00e9v<br \/>\nModel Number: 5222<br \/>\nBesorol\u00e1s: \u00d6sszeszerel\u00e9s<br \/>\nM\u0171anyag blokk forma: \u00f6nz\u00e1r\u00f3 t\u00e9gla<br \/>\nAnyaga: M\u0171anyag<br \/>\nM\u0171anyag t\u00edpus: ABS<br \/>\nBricks Blocks: 986 +<br \/>\nEredeti doboza nincs<\/p>","protected":false},"featured_media":50091,"comment_status":"open","ping_status":"closed","template":"","meta":{"_acf_changed":false},"product_cat":[1354,1395,1502,390],"product_tag":[12285,10892,4883,12591,392,11001,12567],"class_list":["product","first","instock","shipping-taxable","purchasable","product-type-simple"],"acf":[],"_links":{"self":[{"href":"https:\/\/mouldking.store\/hu\/wp-json\/wp\/v2\/product\/50095","targetHints":{"allow":["GET"]}}],"collection":[{"href":"https:\/\/mouldking.store\/hu\/wp-json\/wp\/v2\/product"}],"about":[{"href":"https:\/\/mouldking.store\/hu\/wp-json\/wp\/v2\/types\/product"}],"replies":[{"embeddable":true,"href":"https:\/\/mouldking.store\/hu\/wp-json\/wp\/v2\/comments?post=50095"}],"wp:featuredmedia":[{"embeddable":true,"href":"https:\/\/mouldking.store\/hu\/wp-json\/wp\/v2\/media\/50091"}],"wp:attachment":[{"href":"https:\/\/mouldking.store\/hu\/wp-json\/wp\/v2\/media?parent=50095"}],"wp:term":[{"taxonomy":"product_cat","embeddable":true,"href":"https:\/\/mouldking.store\/hu\/wp-json\/wp\/v2\/product_cat?post=50095"},{"taxonomy":"product_tag","embeddable":true,"href":"https:\/\/mouldking.store\/hu\/wp-json\/wp\/v2\/product_tag?post=50095"}],"curies":[{"name":"wp","href":"https:\/\/api.w.org\/{rel}","templated":true}]}}